{"id":863,"date":"2014-03-22T21:16:00","date_gmt":"2014-03-22T21:16:00","guid":{"rendered":"https:\/\/bertolinidirect.com\/?page_id=863"},"modified":"2026-01-29T15:39:40","modified_gmt":"2026-01-29T15:39:40","slug":"sustainability-training","status":"publish","type":"page","link":"https:\/\/bertolinidirect.com\/de\/press\/sustainability-training","title":{"rendered":"Bertolini startet Nachhaltigkeits-Schulungsprogramm f\u00fcr Mitarbeiter"},"content":{"rendered":"<p><strong>Chino, CA \u2013 22. M\u00e4rz 2014<\/strong><\/p>\n\n\n\n<p>Bertolini Inc. hat mit der Einf\u00fchrung seines Nachhaltigkeitsschulungsprogramms f\u00fcr Mitarbeiter einen gro\u00dfen Sprung nach vorne gemacht. Die erste Schulungssitzung fand in der Unternehmenszentrale in Chino, Kalifornien, statt. Dies war ein Versuch, das Programm unternehmensweit einzuf\u00fchren. Die erste Schulungssitzung war ein erfolgreicher \u00dcberblick \u00fcber die Nachhaltigkeit, die jeder Bertolini-Stuhl auf Bestellung bietet.<\/p>\n\n\n\n<p>Jeder Bertolini-Stuhl wird individuell gefertigt und besteht aus regionalen Materialien. Das reicht vom 16-Gauge-Kaltwalzstahlgestell aus 100%-recycelbarem, in den USA hergestelltem Stahl \u00fcber die zum Patent angemeldete, blasgeformte Flex-Fit\u2122-Sitzfl\u00e4che aus 30 bis 50%-Recyclingmaterialien bis hin zur originalen Ergo-V-R\u00fcckenlehne aus recycelten ABS-Polymeren (Produktions- und Produktionsabf\u00e4lle). Bertolini Inc. arbeitet au\u00dferdem mit einem der f\u00fchrenden amerikanischen Schaumstoffpolsterhersteller zusammen und verwendet dessen biobasierte Schaumstoffprodukte. Diese Schaumstoffpolster sind umweltfreundlicher als herk\u00f6mmliche, erd\u00f6lbasierte Sch\u00e4ume, vollst\u00e4ndig recycelbar, frei von den umstrittenen PBDE (polybromierten Diphenylethern) und werden ohne chlorierte Fluorkohlenwasserstoffe hergestellt.<\/p>\n\n\n\n<p>Das Schulungsprogramm umfasst interne, ausf\u00fchrliche Ressourcen und wird viertelj\u00e4hrlich durchgef\u00fchrt. Die Mitarbeiter werden in folgenden Bereichen geschult:<\/p>\n\n\n\n<ul class=\"wp-block-list\">\n<li>Initiativen zum Thema Umweltfreundlichkeit<\/li>\n\n\n\n<li>Umweltpolitik<\/li>\n\n\n\n<li>Recycling-Programm<\/li>\n\n\n\n<li>Produkt-End-of-Life-Programm<\/li>\n\n\n\n<li>Politik der sozialen Verantwortung und<\/li>\n\n\n\n<li>Machen Sie einen nachhaltigen Vorschlag<\/li>\n<\/ul>\n\n\n\n<p>Bertolini Inc. ermutigt seine Mitarbeiter, kreativ zu werden und ihre besten Ideen einzureichen. Auf diese Weise schaffen sie als Unternehmen eine nachhaltigere Zukunft.<\/p>\n\n\n\n<p>\u201eUnser Unternehmensziel ist es, das Bewusstsein zu sch\u00e4rfen und unseren CO2-Fu\u00dfabdruck zu reduzieren, indem wir uns dazu verpflichten, Ressourcen f\u00fcr den Aufbau einer gesunden und gut ausgebildeten Belegschaft zu nutzen, die Umwelt f\u00fcr die Zukunft zu sch\u00fctzen und Missionen auf der ganzen Welt zu unterst\u00fctzen\u201c, sagt Jeff Sladick, Vertriebsleiter der Hospitality Division bei Bertolini Inc.<\/p>","protected":false},"excerpt":{"rendered":"<p>Chino, CA\u2014March 22, 2014 Bertolini Inc. has made a big leap forward with the launch of their Sustainability Training Program for Employees. Their first training session was held at their corporate headquarters in Chino, CA. This was a trial for launching the program company wide. The first training session was a successful overview of the [&hellip;]<\/p>\n","protected":false},"author":1,"featured_media":0,"parent":762,"menu_order":0,"comment_status":"closed","ping_status":"closed","template":"content-page.php","meta":{"_acf_changed":false,"footnotes":""},"class_list":["post-863","page","type-page","status-publish","hentry"],"acf":[],"yoast_head":"<!-- This site is optimized with the Yoast SEO Premium plugin v24.2 (Yoast SEO v27.4) - https:\/\/yoast.com\/product\/yoast-seo-premium-wordpress\/ -->\n<title>Bertolini Launches Sustainability Training Program for Employees<\/title>\n<meta name=\"description\" content=\"Chino, CA\u2014March 22, 2014 Bertolini Inc. has made a big leap forward with the launch of their Sustainability Training Program for Employees. Their first\" \/>\n<meta name=\"robots\" content=\"index, follow, max-snippet:-1, max-image-preview:large, max-video-preview:-1\" \/>\n<link rel=\"canonical\" href=\"https:\/\/bertolinidirect.com\/de\/press\/sustainability-training\/\" \/>\n<meta property=\"og:locale\" content=\"de_DE\" \/>\n<meta property=\"og:type\" content=\"article\" \/>\n<meta property=\"og:title\" content=\"Bertolini Launches Sustainability Training Program for Employees\" \/>\n<meta property=\"og:description\" content=\"Chino, CA\u2014March 22, 2014 Bertolini Inc. has made a big leap forward with the launch of their Sustainability Training Program for Employees. Their first\" \/>\n<meta property=\"og:url\" content=\"https:\/\/bertolinidirect.com\/de\/press\/sustainability-training\/\" \/>\n<meta property=\"og:site_name\" content=\"Bertolini Direct\" \/>\n<meta property=\"article:modified_time\" content=\"2026-01-29T15:39:40+00:00\" \/>\n<meta name=\"twitter:card\" content=\"summary_large_image\" \/>\n<script type=\"application\/ld+json\" class=\"yoast-schema-graph\">{\"@context\":\"https:\\\/\\\/schema.org\",\"@graph\":[{\"@type\":\"WebPage\",\"@id\":\"https:\\\/\\\/bertolinidirect.com\\\/de\\\/press\\\/sustainability-training\",\"url\":\"https:\\\/\\\/bertolinidirect.com\\\/de\\\/press\\\/sustainability-training\",\"name\":\"Bertolini Launches Sustainability Training Program for Employees\",\"isPartOf\":{\"@id\":\"https:\\\/\\\/bertolinidirect.com\\\/de\\\/#website\"},\"datePublished\":\"2014-03-22T21:16:00+00:00\",\"dateModified\":\"2026-01-29T15:39:40+00:00\",\"description\":\"Chino, CA\u2014March 22, 2014 Bertolini Inc. has made a big leap forward with the launch of their Sustainability Training Program for Employees. Their first\",\"breadcrumb\":{\"@id\":\"https:\\\/\\\/bertolinidirect.com\\\/de\\\/press\\\/sustainability-training#breadcrumb\"},\"inLanguage\":\"de\",\"potentialAction\":[{\"@type\":\"ReadAction\",\"target\":[\"https:\\\/\\\/bertolinidirect.com\\\/de\\\/press\\\/sustainability-training\"]}]},{\"@type\":\"BreadcrumbList\",\"@id\":\"https:\\\/\\\/bertolinidirect.com\\\/de\\\/press\\\/sustainability-training#breadcrumb\",\"itemListElement\":[{\"@type\":\"ListItem\",\"position\":1,\"name\":\"Home\",\"item\":\"https:\\\/\\\/bertolinidirect.com\\\/\"},{\"@type\":\"ListItem\",\"position\":2,\"name\":\"Press &amp; News\",\"item\":\"https:\\\/\\\/bertolinidirect.com\\\/press\"},{\"@type\":\"ListItem\",\"position\":3,\"name\":\"Bertolini Launches Sustainability Training Program for Employees\"}]},{\"@type\":\"WebSite\",\"@id\":\"https:\\\/\\\/bertolinidirect.com\\\/de\\\/#website\",\"url\":\"https:\\\/\\\/bertolinidirect.com\\\/de\\\/\",\"name\":\"Bertolini\",\"description\":\"\",\"potentialAction\":[{\"@type\":\"SearchAction\",\"target\":{\"@type\":\"EntryPoint\",\"urlTemplate\":\"https:\\\/\\\/bertolinidirect.com\\\/de\\\/?s={search_term_string}\"},\"query-input\":{\"@type\":\"PropertyValueSpecification\",\"valueRequired\":true,\"valueName\":\"search_term_string\"}}],\"inLanguage\":\"de\"}]}<\/script>\n<!-- \/ Yoast SEO Premium plugin. -->","yoast_head_json":{"title":"Bertolini startet Nachhaltigkeits-Schulungsprogramm f\u00fcr Mitarbeiter","description":"Chino, CA\u201422. M\u00e4rz 2014 Bertolini Inc. hat mit der Einf\u00fchrung seines Nachhaltigkeits-Trainingsprogramms f\u00fcr Mitarbeiter einen gro\u00dfen Schritt nach vorne gemacht. Ihr erstes","robots":{"index":"index","follow":"follow","max-snippet":"max-snippet:-1","max-image-preview":"max-image-preview:large","max-video-preview":"max-video-preview:-1"},"canonical":"https:\/\/bertolinidirect.com\/de\/press\/sustainability-training\/","og_locale":"de_DE","og_type":"article","og_title":"Bertolini Launches Sustainability Training Program for Employees","og_description":"Chino, CA\u2014March 22, 2014 Bertolini Inc. has made a big leap forward with the launch of their Sustainability Training Program for Employees. Their first","og_url":"https:\/\/bertolinidirect.com\/de\/press\/sustainability-training\/","og_site_name":"Bertolini Direct","article_modified_time":"2026-01-29T15:39:40+00:00","twitter_card":"summary_large_image","schema":{"@context":"https:\/\/schema.org","@graph":[{"@type":"WebPage","@id":"https:\/\/bertolinidirect.com\/de\/press\/sustainability-training","url":"https:\/\/bertolinidirect.com\/de\/press\/sustainability-training","name":"Bertolini startet Nachhaltigkeits-Schulungsprogramm f\u00fcr Mitarbeiter","isPartOf":{"@id":"https:\/\/bertolinidirect.com\/de\/#website"},"datePublished":"2014-03-22T21:16:00+00:00","dateModified":"2026-01-29T15:39:40+00:00","description":"Chino, CA\u201422. M\u00e4rz 2014 Bertolini Inc. hat mit der Einf\u00fchrung seines Nachhaltigkeits-Trainingsprogramms f\u00fcr Mitarbeiter einen gro\u00dfen Schritt nach vorne gemacht. Ihr erstes","breadcrumb":{"@id":"https:\/\/bertolinidirect.com\/de\/press\/sustainability-training#breadcrumb"},"inLanguage":"de","potentialAction":[{"@type":"ReadAction","target":["https:\/\/bertolinidirect.com\/de\/press\/sustainability-training"]}]},{"@type":"BreadcrumbList","@id":"https:\/\/bertolinidirect.com\/de\/press\/sustainability-training#breadcrumb","itemListElement":[{"@type":"ListItem","position":1,"name":"Home","item":"https:\/\/bertolinidirect.com\/"},{"@type":"ListItem","position":2,"name":"Press &amp; News","item":"https:\/\/bertolinidirect.com\/press"},{"@type":"ListItem","position":3,"name":"Bertolini Launches Sustainability Training Program for Employees"}]},{"@type":"WebSite","@id":"https:\/\/bertolinidirect.com\/de\/#website","url":"https:\/\/bertolinidirect.com\/de\/","name":"Bertolini","description":"","potentialAction":[{"@type":"SearchAction","target":{"@type":"EntryPoint","urlTemplate":"https:\/\/bertolinidirect.com\/de\/?s={search_term_string}"},"query-input":{"@type":"PropertyValueSpecification","valueRequired":true,"valueName":"search_term_string"}}],"inLanguage":"de"}]}},"_links":{"self":[{"href":"https:\/\/bertolinidirect.com\/de\/wp-json\/wp\/v2\/pages\/863","targetHints":{"allow":["GET"]}}],"collection":[{"href":"https:\/\/bertolinidirect.com\/de\/wp-json\/wp\/v2\/pages"}],"about":[{"href":"https:\/\/bertolinidirect.com\/de\/wp-json\/wp\/v2\/types\/page"}],"author":[{"embeddable":true,"href":"https:\/\/bertolinidirect.com\/de\/wp-json\/wp\/v2\/users\/1"}],"replies":[{"embeddable":true,"href":"https:\/\/bertolinidirect.com\/de\/wp-json\/wp\/v2\/comments?post=863"}],"version-history":[{"count":3,"href":"https:\/\/bertolinidirect.com\/de\/wp-json\/wp\/v2\/pages\/863\/revisions"}],"predecessor-version":[{"id":24706,"href":"https:\/\/bertolinidirect.com\/de\/wp-json\/wp\/v2\/pages\/863\/revisions\/24706"}],"up":[{"embeddable":true,"href":"https:\/\/bertolinidirect.com\/de\/wp-json\/wp\/v2\/pages\/762"}],"wp:attachment":[{"href":"https:\/\/bertolinidirect.com\/de\/wp-json\/wp\/v2\/media?parent=863"}],"curies":[{"name":"wp","href":"https:\/\/api.w.org\/{rel}","templated":true}]}}