{"id":859,"date":"2013-10-10T21:16:00","date_gmt":"2013-10-10T21:16:00","guid":{"rendered":"https:\/\/bertolinidirect.com\/?page_id=859"},"modified":"2024-05-16T20:37:25","modified_gmt":"2024-05-16T20:37:25","slug":"university-of-tennessee","status":"publish","type":"page","link":"https:\/\/bertolinidirect.com\/de\/press\/university-of-tennessee","title":{"rendered":"Das Center for Industrial Services der University of Tennessee w\u00fcrdigt Hersteller aus Tennessee"},"content":{"rendered":"<p><strong>Lawrenceburg, TN (PRWEB) \u2013 10. Oktober 2013<\/strong><\/p>\n\n\n\n<p>Am 10. Oktober 2013 veranstaltet das Center for Industrial Services der University of Tennessee f\u00fcr Bertolini eine Feier und Anerkennung seiner Fertigungst\u00e4tigkeit im s\u00fcdlichen Middle Tennessee.<\/p>\n\n\n\n<p>Das verarbeitende Gewerbe ist ein wesentlicher Bestandteil der Wirtschaft Tennessees. Nach Angaben der National Association of Manufacturers tr\u00e4gt die Industrie fast 15 Prozent zur Gesamtproduktion des Staates bei und besch\u00e4ftigt 11,4 Prozent der Arbeitskr\u00e4fte.<\/p>\n\n\n\n<p>In Verbindung mit dem nationalen Manufacturing Day veranstaltet das UT Center for Industrial Services (CIS) im ganzen Staat Events, um f\u00fcr seine Initiative \u201eMade in Tennessee\u201c zu werben, die Hersteller des Staates zu ehren und den 50. Geburtstag des CIS zu feiern.<\/p>\n\n\n\n<p>Die Manufacturing Day Showcases finden den ganzen Oktober \u00fcber in jeder der neun Wirtschaftsentwicklungsregionen in Tennessee statt. Die Showcases umfassen Mittagessen, Werksf\u00fchrungen und Pr\u00e4sentationen zu Ehren der in Tennessee hergestellten Unternehmen.<\/p>\n\n\n\n<p>\u201eDie Fertigung ist ein wesentlicher Bestandteil der Wirtschaft von Tennessee und wir sind stolz darauf, die Hersteller des Staates durch diese Veranstaltungen und mit unserer Website \u201eMade in Tennessee\u201c zu f\u00f6rdern\u201c, sagte Paul Jennings, Gesch\u00e4ftsf\u00fchrer des Center for Industrial Services. \u201eDas Ziel des Programms \u201eMade in Tennessee\u201c ist es, die Fertigungsgemeinschaft des Volunteer State zu unterst\u00fctzen, indem wir das Bewusstsein f\u00fcr ihre Produkte sch\u00e4rfen und Ressourcen bereitstellen, die ihr Wachstum unterst\u00fctzen. Wir m\u00f6chten alle Einwohner von Tennessee dazu ermutigen, Produkte von Unternehmen aus Tennessee zu kaufen.\u201c<\/p>","protected":false},"excerpt":{"rendered":"<p>Lawrenceburg, TN (PRWEB) &#8211; October 10, 2013 On October 10th, 2013, the University of Tennessee Center for Industrial Services will host a celebration and recognition of manufacturing in Southern Middle Tennessee for Bertolini. Manufacturing is an integral part of Tennessee\u2019s economy; according to the National Association of Manufacturers, the industry accounts for nearly 15 percent [&hellip;]<\/p>\n","protected":false},"author":1,"featured_media":0,"parent":762,"menu_order":0,"comment_status":"closed","ping_status":"closed","template":"content-page.php","meta":{"_acf_changed":false,"footnotes":""},"class_list":["post-859","page","type-page","status-publish","hentry"],"acf":[],"yoast_head":"<!-- This site is optimized with the Yoast SEO Premium plugin v24.2 (Yoast SEO v27.4) - https:\/\/yoast.com\/product\/yoast-seo-premium-wordpress\/ -->\n<title>The University of Tennessee Center Celebrates Manufacturers<\/title>\n<meta name=\"description\" content=\"Lawrenceburg, TN (PRWEB) - October 10, 2013 On October 10th, 2013, the University of Tennessee Center for Industrial Services will host a celebration and\" \/>\n<meta name=\"robots\" content=\"index, follow, max-snippet:-1, max-image-preview:large, max-video-preview:-1\" \/>\n<link rel=\"canonical\" href=\"https:\/\/bertolinidirect.com\/de\/press\/university-of-tennessee\/\" \/>\n<meta property=\"og:locale\" content=\"de_DE\" \/>\n<meta property=\"og:type\" content=\"article\" \/>\n<meta property=\"og:title\" content=\"The University of Tennessee Center for Industrial Services Celebrates Tennessee Manufacturers\" \/>\n<meta property=\"og:description\" content=\"Lawrenceburg, TN (PRWEB) - October 10, 2013 On October 10th, 2013, the University of Tennessee Center for Industrial Services will host a celebration and\" \/>\n<meta property=\"og:url\" content=\"https:\/\/bertolinidirect.com\/de\/press\/university-of-tennessee\/\" \/>\n<meta property=\"og:site_name\" content=\"Bertolini Direct\" \/>\n<meta property=\"article:modified_time\" content=\"2024-05-16T20:37:25+00:00\" \/>\n<meta name=\"twitter:card\" content=\"summary_large_image\" \/>\n<script type=\"application\/ld+json\" class=\"yoast-schema-graph\">{\"@context\":\"https:\\\/\\\/schema.org\",\"@graph\":[{\"@type\":\"WebPage\",\"@id\":\"https:\\\/\\\/bertolinidirect.com\\\/de\\\/press\\\/university-of-tennessee\",\"url\":\"https:\\\/\\\/bertolinidirect.com\\\/de\\\/press\\\/university-of-tennessee\",\"name\":\"The University of Tennessee Center Celebrates Manufacturers\",\"isPartOf\":{\"@id\":\"https:\\\/\\\/bertolinidirect.com\\\/de\\\/#website\"},\"datePublished\":\"2013-10-10T21:16:00+00:00\",\"dateModified\":\"2024-05-16T20:37:25+00:00\",\"description\":\"Lawrenceburg, TN (PRWEB) - October 10, 2013 On October 10th, 2013, the University of Tennessee Center for Industrial Services will host a celebration and\",\"breadcrumb\":{\"@id\":\"https:\\\/\\\/bertolinidirect.com\\\/de\\\/press\\\/university-of-tennessee#breadcrumb\"},\"inLanguage\":\"de\",\"potentialAction\":[{\"@type\":\"ReadAction\",\"target\":[\"https:\\\/\\\/bertolinidirect.com\\\/de\\\/press\\\/university-of-tennessee\"]}]},{\"@type\":\"BreadcrumbList\",\"@id\":\"https:\\\/\\\/bertolinidirect.com\\\/de\\\/press\\\/university-of-tennessee#breadcrumb\",\"itemListElement\":[{\"@type\":\"ListItem\",\"position\":1,\"name\":\"Home\",\"item\":\"https:\\\/\\\/bertolinidirect.com\\\/\"},{\"@type\":\"ListItem\",\"position\":2,\"name\":\"Press &amp; News\",\"item\":\"https:\\\/\\\/bertolinidirect.com\\\/press\"},{\"@type\":\"ListItem\",\"position\":3,\"name\":\"The University of Tennessee Center for Industrial Services Celebrates Tennessee Manufacturers\"}]},{\"@type\":\"WebSite\",\"@id\":\"https:\\\/\\\/bertolinidirect.com\\\/de\\\/#website\",\"url\":\"https:\\\/\\\/bertolinidirect.com\\\/de\\\/\",\"name\":\"Bertolini\",\"description\":\"\",\"potentialAction\":[{\"@type\":\"SearchAction\",\"target\":{\"@type\":\"EntryPoint\",\"urlTemplate\":\"https:\\\/\\\/bertolinidirect.com\\\/de\\\/?s={search_term_string}\"},\"query-input\":{\"@type\":\"PropertyValueSpecification\",\"valueRequired\":true,\"valueName\":\"search_term_string\"}}],\"inLanguage\":\"de\"}]}<\/script>\n<!-- \/ Yoast SEO Premium plugin. -->","yoast_head_json":{"title":"Das Zentrum der University of Tennessee w\u00fcrdigt Hersteller","description":"Lawrenceburg, TN (PRWEB) - 10. Oktober 2013 Am 10. Oktober 2013 veranstaltet das University of Tennessee Center for Industrial Services eine Feier und","robots":{"index":"index","follow":"follow","max-snippet":"max-snippet:-1","max-image-preview":"max-image-preview:large","max-video-preview":"max-video-preview:-1"},"canonical":"https:\/\/bertolinidirect.com\/de\/press\/university-of-tennessee\/","og_locale":"de_DE","og_type":"article","og_title":"The University of Tennessee Center for Industrial Services Celebrates Tennessee Manufacturers","og_description":"Lawrenceburg, TN (PRWEB) - October 10, 2013 On October 10th, 2013, the University of Tennessee Center for Industrial Services will host a celebration and","og_url":"https:\/\/bertolinidirect.com\/de\/press\/university-of-tennessee\/","og_site_name":"Bertolini Direct","article_modified_time":"2024-05-16T20:37:25+00:00","twitter_card":"summary_large_image","schema":{"@context":"https:\/\/schema.org","@graph":[{"@type":"WebPage","@id":"https:\/\/bertolinidirect.com\/de\/press\/university-of-tennessee","url":"https:\/\/bertolinidirect.com\/de\/press\/university-of-tennessee","name":"Das Zentrum der University of Tennessee w\u00fcrdigt Hersteller","isPartOf":{"@id":"https:\/\/bertolinidirect.com\/de\/#website"},"datePublished":"2013-10-10T21:16:00+00:00","dateModified":"2024-05-16T20:37:25+00:00","description":"Lawrenceburg, TN (PRWEB) - 10. Oktober 2013 Am 10. Oktober 2013 veranstaltet das University of Tennessee Center for Industrial Services eine Feier und","breadcrumb":{"@id":"https:\/\/bertolinidirect.com\/de\/press\/university-of-tennessee#breadcrumb"},"inLanguage":"de","potentialAction":[{"@type":"ReadAction","target":["https:\/\/bertolinidirect.com\/de\/press\/university-of-tennessee"]}]},{"@type":"BreadcrumbList","@id":"https:\/\/bertolinidirect.com\/de\/press\/university-of-tennessee#breadcrumb","itemListElement":[{"@type":"ListItem","position":1,"name":"Home","item":"https:\/\/bertolinidirect.com\/"},{"@type":"ListItem","position":2,"name":"Press &amp; News","item":"https:\/\/bertolinidirect.com\/press"},{"@type":"ListItem","position":3,"name":"The University of Tennessee Center for Industrial Services Celebrates Tennessee Manufacturers"}]},{"@type":"WebSite","@id":"https:\/\/bertolinidirect.com\/de\/#website","url":"https:\/\/bertolinidirect.com\/de\/","name":"Bertolini","description":"","potentialAction":[{"@type":"SearchAction","target":{"@type":"EntryPoint","urlTemplate":"https:\/\/bertolinidirect.com\/de\/?s={search_term_string}"},"query-input":{"@type":"PropertyValueSpecification","valueRequired":true,"valueName":"search_term_string"}}],"inLanguage":"de"}]}},"_links":{"self":[{"href":"https:\/\/bertolinidirect.com\/de\/wp-json\/wp\/v2\/pages\/859","targetHints":{"allow":["GET"]}}],"collection":[{"href":"https:\/\/bertolinidirect.com\/de\/wp-json\/wp\/v2\/pages"}],"about":[{"href":"https:\/\/bertolinidirect.com\/de\/wp-json\/wp\/v2\/types\/page"}],"author":[{"embeddable":true,"href":"https:\/\/bertolinidirect.com\/de\/wp-json\/wp\/v2\/users\/1"}],"replies":[{"embeddable":true,"href":"https:\/\/bertolinidirect.com\/de\/wp-json\/wp\/v2\/comments?post=859"}],"version-history":[{"count":1,"href":"https:\/\/bertolinidirect.com\/de\/wp-json\/wp\/v2\/pages\/859\/revisions"}],"predecessor-version":[{"id":860,"href":"https:\/\/bertolinidirect.com\/de\/wp-json\/wp\/v2\/pages\/859\/revisions\/860"}],"up":[{"embeddable":true,"href":"https:\/\/bertolinidirect.com\/de\/wp-json\/wp\/v2\/pages\/762"}],"wp:attachment":[{"href":"https:\/\/bertolinidirect.com\/de\/wp-json\/wp\/v2\/media?parent=859"}],"curies":[{"name":"wp","href":"https:\/\/api.w.org\/{rel}","templated":true}]}}