{"id":852,"date":"2013-07-01T21:09:00","date_gmt":"2013-07-01T21:09:00","guid":{"rendered":"https:\/\/bertolinidirect.com\/?page_id=852"},"modified":"2024-05-16T20:34:54","modified_gmt":"2024-05-16T20:34:54","slug":"new-education-initiative","status":"publish","type":"page","link":"https:\/\/bertolinidirect.com\/de\/press\/new-education-initiative","title":{"rendered":"Bertolini k\u00fcndigte eine neue Verbraucheraufkl\u00e4rungsinitiative zum Thema Qualit\u00e4t und Kirchenst\u00fchle an"},"content":{"rendered":"<p><strong>Chino, Kalifornien \u2013 31. Juli 2013<\/strong><\/p>\n\n\n\n<p>\u201eMan muss nur eine Minute online verbringen, um zu entdecken, dass der Markt f\u00fcr Kirchenst\u00fchle geradezu explodiert ist und es f\u00fcr den Verbraucher preisg\u00fcnstige Optionen gibt\u201c, sagte Ray Wheeler, Director of Global Sales bei Bertolini. \u201eWir verstehen den Trend, insbesondere angesichts der finanziellen Einschr\u00e4nkungen, die viele Kirchen in der letzten Rezession erlebt haben. Wir m\u00f6chten die Kirchen jedoch auf die Fallstricke aufmerksam machen, die der Kauf von preisg\u00fcnstigen St\u00fchlen mit sich bringt.\u201c<\/p>\n\n\n\n<p>Die von Bertolini f\u00fcr Kirchen zusammengestellten Videos und gedruckten Studien diskutieren die Gefahren von Formaldehyd und die Kosten minderer Qualit\u00e4t. Die Verbraucheraufkl\u00e4rungsmaterialien von Bertolini sind kostenlos und \u00fcberpr\u00fcfbar.<\/p>\n\n\n\n<p>Der Markt f\u00fcr Kirchenst\u00fchle ist heute \u00fcberschwemmt mit minderwertigen Importst\u00fchlen, die \u00fcber das Internet aus schlecht regulierten Fabriken in Asien verkauft werden. Die beliebtesten Billigst\u00fchle werden unmontiert geliefert. Der Verbraucher muss die R\u00fcckenlehnen vor der Verwendung montieren.<\/p>\n\n\n\n<p>Bertolini hat anhand unaufgeforderter Kundenr\u00fcckmeldungen dokumentiert, dass die Nutzungsdauer dieser Billigst\u00fchle weniger als vier Jahre betr\u00e4gt. Auf Bildern, die von Kunden eingesandt wurden, die Billigimportst\u00fchle online gekauft hatten, scheint sich der Bezugsstoff buchst\u00e4blich von der Sitzfl\u00e4che des Stuhls gel\u00f6st zu haben, sodass der Rohschaumstoff freigelegt wurde.<\/p>\n\n\n\n<p>\u201eDie Nutzungsdauer eines Produkts ist ein entscheidender Faktor, der bei der Berechnung der tats\u00e4chlichen Kosten eines Stuhlkaufs ber\u00fccksichtigt werden muss\u201c, sagte Dr. Wheeler. \u201eEs bedeutet nichts, f\u00fcnf bis f\u00fcnfzehn Dollar pro Stuhl zu sparen, wenn diese St\u00fchle alle drei bis vier Jahre ersetzt werden m\u00fcssen.\u201c<\/p>\n\n\n\n<p>Bertolini h\u00f6rt auf das Feedback der Verbraucher, aber die Grundlage ihres Schulungsmaterials beruht eigentlich auf ihren eigenen strengen Produkttests. Bertolini hat seine eigenen Teststandards entwickelt, die sie Bertolini Internal Standards and Compliance (BISC)-Tests nennen. Die BISC-Teststandards \u00fcbertreffen die freiwilligen Mindeststandards der Business and Institutional Furniture Manufacturer&#039;s Association (BIFMA) f\u00fcr sichere, gesunde und nachhaltige Umgebungen und Produkte bei weitem.<\/p>\n\n\n\n<p>Bertolini unterzieht die St\u00fchle seiner Konkurrenten denselben BISC-Tests, die es f\u00fcr sein eigenes Produkt verwendet. Importierte St\u00fchle, die von Bertolini getestet wurden, bestehen die BISC-Tests nicht.<\/p>\n\n\n\n<p>Jede Gemeinde, die den Kauf von Kirchenst\u00fchlen in Erw\u00e4gung zieht, sollte sich einen Gefallen tun und sich vor dem Kauf vom Team von Bertolini \u00fcber die St\u00fchle informieren lassen.<\/p>\n\n\n\n<p>Bertolini ist ein f\u00fchrendes Designunternehmen im Bereich ergonomisch korrekter Stuhldesigns und seiner Flex Fit-Sitzdesigntechnologie f\u00fcr Kirchen. Ihre St\u00fchle sind leicht und stabil. Ihr Fachwissen in der Herstellung hochwertiger stapelbarer Sitzm\u00f6bel und ihr Engagement f\u00fcr erstklassigen Kundenservice finden bei Gemeinden weltweit Anerkennung.<\/p>","protected":false},"excerpt":{"rendered":"<p>Chino, CA\u2014July 31, 2013 \u201cIt only takes a minute online to discover that the market for church chairs has exploded with low-cost options for the consumer,\u201d said Ray Wheeler, Director of Global Sales at Bertolini. \u201cWe understand the trend especially in light of the financial constraints many churches experienced in the last recession. However, we [&hellip;]<\/p>\n","protected":false},"author":1,"featured_media":0,"parent":762,"menu_order":0,"comment_status":"closed","ping_status":"closed","template":"content-page.php","meta":{"_acf_changed":false,"footnotes":""},"class_list":["post-852","page","type-page","status-publish","hentry"],"acf":[],"yoast_head":"<!-- This site is optimized with the Yoast SEO Premium plugin v24.2 (Yoast SEO v27.4) - https:\/\/yoast.com\/product\/yoast-seo-premium-wordpress\/ -->\n<title>Bertolini Announced a New Consumer Education Initiative<\/title>\n<meta name=\"description\" content=\"Chino, CA\u2014July 31, 2013 \u201cIt only takes a minute online to discover that the market for church chairs has exploded with low-cost options for the consumer,\u201d\" \/>\n<meta name=\"robots\" content=\"index, follow, max-snippet:-1, max-image-preview:large, max-video-preview:-1\" \/>\n<link rel=\"canonical\" href=\"https:\/\/bertolinidirect.com\/de\/press\/new-education-initiative\/\" \/>\n<meta property=\"og:locale\" content=\"de_DE\" \/>\n<meta property=\"og:type\" content=\"article\" \/>\n<meta property=\"og:title\" content=\"Bertolini Announced a New Consumer Education Initiative on Quality and Church Chairs\" \/>\n<meta property=\"og:description\" content=\"Chino, CA\u2014July 31, 2013 \u201cIt only takes a minute online to discover that the market for church chairs has exploded with low-cost options for the consumer,\u201d\" \/>\n<meta property=\"og:url\" content=\"https:\/\/bertolinidirect.com\/de\/press\/new-education-initiative\/\" \/>\n<meta property=\"og:site_name\" content=\"Bertolini Direct\" \/>\n<meta property=\"article:modified_time\" content=\"2024-05-16T20:34:54+00:00\" \/>\n<meta name=\"twitter:card\" content=\"summary_large_image\" \/>\n<script type=\"application\/ld+json\" class=\"yoast-schema-graph\">{\"@context\":\"https:\\\/\\\/schema.org\",\"@graph\":[{\"@type\":\"WebPage\",\"@id\":\"https:\\\/\\\/bertolinidirect.com\\\/de\\\/press\\\/new-education-initiative\",\"url\":\"https:\\\/\\\/bertolinidirect.com\\\/de\\\/press\\\/new-education-initiative\",\"name\":\"Bertolini Announced a New Consumer Education Initiative\",\"isPartOf\":{\"@id\":\"https:\\\/\\\/bertolinidirect.com\\\/de\\\/#website\"},\"datePublished\":\"2013-07-01T21:09:00+00:00\",\"dateModified\":\"2024-05-16T20:34:54+00:00\",\"description\":\"Chino, CA\u2014July 31, 2013 \u201cIt only takes a minute online to discover that the market for church chairs has exploded with low-cost options for the consumer,\u201d\",\"breadcrumb\":{\"@id\":\"https:\\\/\\\/bertolinidirect.com\\\/de\\\/press\\\/new-education-initiative#breadcrumb\"},\"inLanguage\":\"de\",\"potentialAction\":[{\"@type\":\"ReadAction\",\"target\":[\"https:\\\/\\\/bertolinidirect.com\\\/de\\\/press\\\/new-education-initiative\"]}]},{\"@type\":\"BreadcrumbList\",\"@id\":\"https:\\\/\\\/bertolinidirect.com\\\/de\\\/press\\\/new-education-initiative#breadcrumb\",\"itemListElement\":[{\"@type\":\"ListItem\",\"position\":1,\"name\":\"Home\",\"item\":\"https:\\\/\\\/bertolinidirect.com\\\/\"},{\"@type\":\"ListItem\",\"position\":2,\"name\":\"Press &amp; News\",\"item\":\"https:\\\/\\\/bertolinidirect.com\\\/press\"},{\"@type\":\"ListItem\",\"position\":3,\"name\":\"Bertolini Announced a New Consumer Education Initiative on Quality and Church Chairs\"}]},{\"@type\":\"WebSite\",\"@id\":\"https:\\\/\\\/bertolinidirect.com\\\/de\\\/#website\",\"url\":\"https:\\\/\\\/bertolinidirect.com\\\/de\\\/\",\"name\":\"Bertolini\",\"description\":\"\",\"potentialAction\":[{\"@type\":\"SearchAction\",\"target\":{\"@type\":\"EntryPoint\",\"urlTemplate\":\"https:\\\/\\\/bertolinidirect.com\\\/de\\\/?s={search_term_string}\"},\"query-input\":{\"@type\":\"PropertyValueSpecification\",\"valueRequired\":true,\"valueName\":\"search_term_string\"}}],\"inLanguage\":\"de\"}]}<\/script>\n<!-- \/ Yoast SEO Premium plugin. -->","yoast_head_json":{"title":"Bertolini k\u00fcndigte eine neue Initiative zur Verbraucheraufkl\u00e4rung an","description":"Chino, CA\u201431. Juli 2013 \u201eMan muss nur eine Minute online verbringen, um zu entdecken, dass der Markt f\u00fcr Kirchenst\u00fchle geradezu explodiert ist und es f\u00fcr den Verbraucher preisg\u00fcnstige Optionen gibt\u201c,","robots":{"index":"index","follow":"follow","max-snippet":"max-snippet:-1","max-image-preview":"max-image-preview:large","max-video-preview":"max-video-preview:-1"},"canonical":"https:\/\/bertolinidirect.com\/de\/press\/new-education-initiative\/","og_locale":"de_DE","og_type":"article","og_title":"Bertolini Announced a New Consumer Education Initiative on Quality and Church Chairs","og_description":"Chino, CA\u2014July 31, 2013 \u201cIt only takes a minute online to discover that the market for church chairs has exploded with low-cost options for the consumer,\u201d","og_url":"https:\/\/bertolinidirect.com\/de\/press\/new-education-initiative\/","og_site_name":"Bertolini Direct","article_modified_time":"2024-05-16T20:34:54+00:00","twitter_card":"summary_large_image","schema":{"@context":"https:\/\/schema.org","@graph":[{"@type":"WebPage","@id":"https:\/\/bertolinidirect.com\/de\/press\/new-education-initiative","url":"https:\/\/bertolinidirect.com\/de\/press\/new-education-initiative","name":"Bertolini k\u00fcndigte eine neue Initiative zur Verbraucheraufkl\u00e4rung an","isPartOf":{"@id":"https:\/\/bertolinidirect.com\/de\/#website"},"datePublished":"2013-07-01T21:09:00+00:00","dateModified":"2024-05-16T20:34:54+00:00","description":"Chino, CA\u201431. Juli 2013 \u201eMan muss nur eine Minute online verbringen, um zu entdecken, dass der Markt f\u00fcr Kirchenst\u00fchle geradezu explodiert ist und es f\u00fcr den Verbraucher preisg\u00fcnstige Optionen gibt\u201c,","breadcrumb":{"@id":"https:\/\/bertolinidirect.com\/de\/press\/new-education-initiative#breadcrumb"},"inLanguage":"de","potentialAction":[{"@type":"ReadAction","target":["https:\/\/bertolinidirect.com\/de\/press\/new-education-initiative"]}]},{"@type":"BreadcrumbList","@id":"https:\/\/bertolinidirect.com\/de\/press\/new-education-initiative#breadcrumb","itemListElement":[{"@type":"ListItem","position":1,"name":"Home","item":"https:\/\/bertolinidirect.com\/"},{"@type":"ListItem","position":2,"name":"Press &amp; News","item":"https:\/\/bertolinidirect.com\/press"},{"@type":"ListItem","position":3,"name":"Bertolini Announced a New Consumer Education Initiative on Quality and Church Chairs"}]},{"@type":"WebSite","@id":"https:\/\/bertolinidirect.com\/de\/#website","url":"https:\/\/bertolinidirect.com\/de\/","name":"Bertolini","description":"","potentialAction":[{"@type":"SearchAction","target":{"@type":"EntryPoint","urlTemplate":"https:\/\/bertolinidirect.com\/de\/?s={search_term_string}"},"query-input":{"@type":"PropertyValueSpecification","valueRequired":true,"valueName":"search_term_string"}}],"inLanguage":"de"}]}},"_links":{"self":[{"href":"https:\/\/bertolinidirect.com\/de\/wp-json\/wp\/v2\/pages\/852","targetHints":{"allow":["GET"]}}],"collection":[{"href":"https:\/\/bertolinidirect.com\/de\/wp-json\/wp\/v2\/pages"}],"about":[{"href":"https:\/\/bertolinidirect.com\/de\/wp-json\/wp\/v2\/types\/page"}],"author":[{"embeddable":true,"href":"https:\/\/bertolinidirect.com\/de\/wp-json\/wp\/v2\/users\/1"}],"replies":[{"embeddable":true,"href":"https:\/\/bertolinidirect.com\/de\/wp-json\/wp\/v2\/comments?post=852"}],"version-history":[{"count":1,"href":"https:\/\/bertolinidirect.com\/de\/wp-json\/wp\/v2\/pages\/852\/revisions"}],"predecessor-version":[{"id":853,"href":"https:\/\/bertolinidirect.com\/de\/wp-json\/wp\/v2\/pages\/852\/revisions\/853"}],"up":[{"embeddable":true,"href":"https:\/\/bertolinidirect.com\/de\/wp-json\/wp\/v2\/pages\/762"}],"wp:attachment":[{"href":"https:\/\/bertolinidirect.com\/de\/wp-json\/wp\/v2\/media?parent=852"}],"curies":[{"name":"wp","href":"https:\/\/api.w.org\/{rel}","templated":true}]}}