{"id":847,"date":"2013-06-24T21:05:00","date_gmt":"2013-06-24T21:05:00","guid":{"rendered":"https:\/\/bertolinidirect.com\/?page_id=847"},"modified":"2025-10-03T21:25:59","modified_gmt":"2025-10-03T21:25:59","slug":"60-year-anniversary","status":"publish","type":"page","link":"https:\/\/bertolinidirect.com\/de\/press\/60-year-anniversary","title":{"rendered":"Die Familie Bertolini feiert ihr 60-j\u00e4hriges Jubil\u00e4um im Bau stapelbarer St\u00fchle"},"content":{"rendered":"<p><strong>Chino, Kalifornien \u2013 24. Juni 2013<\/strong><\/p>\n\n\n\n<p>Die Familie Bertolini kann auf 60 Jahre Erfahrung zur\u00fcckblicken und ist bestrebt, auch weiterhin stapelbare St\u00fchle von h\u00f6chster Qualit\u00e4t zu liefern, die Eleganz, Komfort und Haltbarkeit mit sich bringen.<\/p>\n\n\n\n<p>Bertolini ist ein f\u00fchrender Hersteller von Kirchenst\u00fchlen, der in Lawrenceburg, Tennessee, ma\u00dfgefertigte St\u00fchle aus den USA anbietet. Das Unternehmen ist der festen \u00dcberzeugung, dass es wichtig ist, qualitativ hochwertige Produkte herzustellen, die zudem langlebig sind. Au\u00dferdem ist es motiviert, den lokalen Kunden Vorteile zu bieten, indem es direkt in der Nachbarschaft ans\u00e4ssig ist. Auf diese Weise k\u00f6nnen sie schneller liefern, ohne die Auswahl einschr\u00e4nken zu m\u00fcssen, und sicherstellen, dass die gelieferten St\u00fchle nur 110%-zufrieden sind und dass der Kunde sich niemals Sorgen um seine St\u00fchle machen muss. Bertolini wird auch in den kommenden Jahrzehnten hinter seinen Produkten stehen, so wie es in den vergangenen Jahrzehnten hinter ihnen gestanden hat. Das ist die Erwartung, wenn die St\u00fchle \u201enach Ma\u00df von Bertolini gefertigt\u201c sind. Das ist der Bertolini-Unterschied.<\/p>\n\n\n\n<p>1953 er\u00f6ffnete Charles Bertolini Sr. eine 465 Quadratmeter gro\u00dfe Anlage in East Los Angeles, Kalifornien. Er war inspiriert, den Bedarf an Sitzgelegenheiten in den B\u00fcros in S\u00fcdkalifornien zu decken. Harte Arbeit und Hingabe zahlten sich sowohl in kleinen als auch in gro\u00dfen Unternehmen aus. Er gewann Kunden wie McDonald&#039;s, Burger King, Taco Bell, Denny&#039;s Restaurants und sogar den gl\u00fccklichsten Ort der Welt \u2013 Disneyland. In den 80er Jahren verlagerte sich der Bedarf an Sitzgelegenheiten auf Kirchen. Es war ein Privileg und ein guter Ort, um dem K\u00f6nigreich zu dienen. Heute betreut Bertolini Kirchen im ganzen Land und im Ausland.<\/p>\n\n\n\n<p>Dieses Familienunternehmen mit mittlerweile 60 Jahren Erfahrung bietet der \u00d6ffentlichkeit hochwertige Premium-Sitzm\u00f6bel. Vor Kurzem gab die Familie Bertolini die Aufnahme eines Familienmitglieds in die vierte Generation bekannt. Starke Familienwerte und Arbeitsmoral sind der Antrieb f\u00fcr das Engagement, ihren Kunden den bestm\u00f6glichen Service zu bieten \u2013 und diesen t\u00e4glich zu verbessern. Sie sind entschlossen, Bertolinis wachsende F\u00fchrungsrolle in der Branche beizubehalten, indem sie die elegantesten, bequemsten und haltbarsten Stapelst\u00fchle anbieten, die heute erh\u00e4ltlich sind. Jim Bertolini sagt mit Nachdruck: \u201eIch stehe hinter jedem Stuhl\u201c, und mit diesem Geist wachsen sie weiter und erf\u00fcllen erfolgreich die Sitzm\u00f6belbed\u00fcrfnisse ihrer Kunden.<\/p>","protected":false},"excerpt":{"rendered":"<p>Chino, CA\u2014June 24, 2013 Celebrating 60 years of experience, the Bertolini family\u2019s motivation is to continue to deliver the best high-quality stackable chairs with elegance, comfort and durability. Bertolini is a leading church chair manufacturer offering custom built USA made chairs, in Lawrenceburg, Tennessee. They strongly believe that it\u2019s important to produce high-quality products that [&hellip;]<\/p>\n","protected":false},"author":1,"featured_media":0,"parent":762,"menu_order":0,"comment_status":"closed","ping_status":"closed","template":"content-page.php","meta":{"_acf_changed":false,"footnotes":""},"class_list":["post-847","page","type-page","status-publish","hentry"],"acf":[],"yoast_head":"<!-- This site is optimized with the Yoast SEO Premium plugin v24.2 (Yoast SEO v27.1.1) - https:\/\/yoast.com\/product\/yoast-seo-premium-wordpress\/ -->\n<title>Bertolini Family Celebrates Their 60 Year Anniversary<\/title>\n<meta name=\"description\" content=\"Chino, CA\u2014June 24, 2013 Celebrating 60 years of experience, the Bertolini family\u2019s motivation is to continue to deliver the best high-quality stackable\" \/>\n<meta name=\"robots\" content=\"index, follow, max-snippet:-1, max-image-preview:large, max-video-preview:-1\" \/>\n<link rel=\"canonical\" href=\"https:\/\/bertolinidirect.com\/de\/press\/60-year-anniversary\/\" \/>\n<meta property=\"og:locale\" content=\"de_DE\" \/>\n<meta property=\"og:type\" content=\"article\" \/>\n<meta property=\"og:title\" content=\"Bertolini Family Celebrates Their 60 Year Anniversary of Building Stackable Chairs\" \/>\n<meta property=\"og:description\" content=\"Chino, CA\u2014June 24, 2013 Celebrating 60 years of experience, the Bertolini family\u2019s motivation is to continue to deliver the best high-quality stackable\" \/>\n<meta property=\"og:url\" content=\"https:\/\/bertolinidirect.com\/de\/press\/60-year-anniversary\/\" \/>\n<meta property=\"og:site_name\" content=\"Bertolini Direct\" \/>\n<meta property=\"article:modified_time\" content=\"2025-10-03T21:25:59+00:00\" \/>\n<meta name=\"twitter:card\" content=\"summary_large_image\" \/>\n<script type=\"application\/ld+json\" class=\"yoast-schema-graph\">{\"@context\":\"https:\/\/schema.org\",\"@graph\":[{\"@type\":\"WebPage\",\"@id\":\"https:\/\/bertolinidirect.com\/de\/press\/60-year-anniversary\",\"url\":\"https:\/\/bertolinidirect.com\/de\/press\/60-year-anniversary\",\"name\":\"Bertolini Family Celebrates Their 60 Year Anniversary\",\"isPartOf\":{\"@id\":\"https:\/\/bertolinidirect.com\/de\/#website\"},\"datePublished\":\"2013-06-24T21:05:00+00:00\",\"dateModified\":\"2025-10-03T21:25:59+00:00\",\"description\":\"Chino, CA\u2014June 24, 2013 Celebrating 60 years of experience, the Bertolini family\u2019s motivation is to continue to deliver the best high-quality stackable\",\"breadcrumb\":{\"@id\":\"https:\/\/bertolinidirect.com\/de\/press\/60-year-anniversary#breadcrumb\"},\"inLanguage\":\"de\",\"potentialAction\":[{\"@type\":\"ReadAction\",\"target\":[\"https:\/\/bertolinidirect.com\/de\/press\/60-year-anniversary\"]}]},{\"@type\":\"BreadcrumbList\",\"@id\":\"https:\/\/bertolinidirect.com\/de\/press\/60-year-anniversary#breadcrumb\",\"itemListElement\":[{\"@type\":\"ListItem\",\"position\":1,\"name\":\"Home\",\"item\":\"https:\/\/bertolinidirect.com\/\"},{\"@type\":\"ListItem\",\"position\":2,\"name\":\"Press &amp; News\",\"item\":\"https:\/\/bertolinidirect.com\/press\"},{\"@type\":\"ListItem\",\"position\":3,\"name\":\"Bertolini Family Celebrates Their 60 Year Anniversary of Building Stackable Chairs\"}]},{\"@type\":\"WebSite\",\"@id\":\"https:\/\/bertolinidirect.com\/de\/#website\",\"url\":\"https:\/\/bertolinidirect.com\/de\/\",\"name\":\"Bertolini\",\"description\":\"\",\"potentialAction\":[{\"@type\":\"SearchAction\",\"target\":{\"@type\":\"EntryPoint\",\"urlTemplate\":\"https:\/\/bertolinidirect.com\/de\/?s={search_term_string}\"},\"query-input\":{\"@type\":\"PropertyValueSpecification\",\"valueRequired\":true,\"valueName\":\"search_term_string\"}}],\"inLanguage\":\"de\"}]}<\/script>\n<!-- \/ Yoast SEO Premium plugin. -->","yoast_head_json":{"title":"Familie Bertolini feiert ihr 60-j\u00e4hriges Jubil\u00e4um","description":"Chino, CA\u201424. Juni 2013 Die Bertolini-Familie feiert 60 Jahre Erfahrung und ist bestrebt, auch weiterhin die besten stapelbaren","robots":{"index":"index","follow":"follow","max-snippet":"max-snippet:-1","max-image-preview":"max-image-preview:large","max-video-preview":"max-video-preview:-1"},"canonical":"https:\/\/bertolinidirect.com\/de\/press\/60-year-anniversary\/","og_locale":"de_DE","og_type":"article","og_title":"Bertolini Family Celebrates Their 60 Year Anniversary of Building Stackable Chairs","og_description":"Chino, CA\u2014June 24, 2013 Celebrating 60 years of experience, the Bertolini family\u2019s motivation is to continue to deliver the best high-quality stackable","og_url":"https:\/\/bertolinidirect.com\/de\/press\/60-year-anniversary\/","og_site_name":"Bertolini Direct","article_modified_time":"2025-10-03T21:25:59+00:00","twitter_card":"summary_large_image","schema":{"@context":"https:\/\/schema.org","@graph":[{"@type":"WebPage","@id":"https:\/\/bertolinidirect.com\/de\/press\/60-year-anniversary","url":"https:\/\/bertolinidirect.com\/de\/press\/60-year-anniversary","name":"Familie Bertolini feiert ihr 60-j\u00e4hriges Jubil\u00e4um","isPartOf":{"@id":"https:\/\/bertolinidirect.com\/de\/#website"},"datePublished":"2013-06-24T21:05:00+00:00","dateModified":"2025-10-03T21:25:59+00:00","description":"Chino, CA\u201424. Juni 2013 Die Bertolini-Familie feiert 60 Jahre Erfahrung und ist bestrebt, auch weiterhin die besten stapelbaren","breadcrumb":{"@id":"https:\/\/bertolinidirect.com\/de\/press\/60-year-anniversary#breadcrumb"},"inLanguage":"de","potentialAction":[{"@type":"ReadAction","target":["https:\/\/bertolinidirect.com\/de\/press\/60-year-anniversary"]}]},{"@type":"BreadcrumbList","@id":"https:\/\/bertolinidirect.com\/de\/press\/60-year-anniversary#breadcrumb","itemListElement":[{"@type":"ListItem","position":1,"name":"Home","item":"https:\/\/bertolinidirect.com\/"},{"@type":"ListItem","position":2,"name":"Press &amp; News","item":"https:\/\/bertolinidirect.com\/press"},{"@type":"ListItem","position":3,"name":"Bertolini Family Celebrates Their 60 Year Anniversary of Building Stackable Chairs"}]},{"@type":"WebSite","@id":"https:\/\/bertolinidirect.com\/de\/#website","url":"https:\/\/bertolinidirect.com\/de\/","name":"Bertolini","description":"","potentialAction":[{"@type":"SearchAction","target":{"@type":"EntryPoint","urlTemplate":"https:\/\/bertolinidirect.com\/de\/?s={search_term_string}"},"query-input":{"@type":"PropertyValueSpecification","valueRequired":true,"valueName":"search_term_string"}}],"inLanguage":"de"}]}},"_links":{"self":[{"href":"https:\/\/bertolinidirect.com\/de\/wp-json\/wp\/v2\/pages\/847","targetHints":{"allow":["GET"]}}],"collection":[{"href":"https:\/\/bertolinidirect.com\/de\/wp-json\/wp\/v2\/pages"}],"about":[{"href":"https:\/\/bertolinidirect.com\/de\/wp-json\/wp\/v2\/types\/page"}],"author":[{"embeddable":true,"href":"https:\/\/bertolinidirect.com\/de\/wp-json\/wp\/v2\/users\/1"}],"replies":[{"embeddable":true,"href":"https:\/\/bertolinidirect.com\/de\/wp-json\/wp\/v2\/comments?post=847"}],"version-history":[{"count":1,"href":"https:\/\/bertolinidirect.com\/de\/wp-json\/wp\/v2\/pages\/847\/revisions"}],"predecessor-version":[{"id":848,"href":"https:\/\/bertolinidirect.com\/de\/wp-json\/wp\/v2\/pages\/847\/revisions\/848"}],"up":[{"embeddable":true,"href":"https:\/\/bertolinidirect.com\/de\/wp-json\/wp\/v2\/pages\/762"}],"wp:attachment":[{"href":"https:\/\/bertolinidirect.com\/de\/wp-json\/wp\/v2\/media?parent=847"}],"curies":[{"name":"wp","href":"https:\/\/api.w.org\/{rel}","templated":true}]}}