{"id":762,"date":"2024-04-19T18:40:16","date_gmt":"2024-04-19T18:40:16","guid":{"rendered":"https:\/\/bertolinidirect.com\/?page_id=762"},"modified":"2025-10-21T16:37:31","modified_gmt":"2025-10-21T16:37:31","slug":"press","status":"publish","type":"page","link":"https:\/\/bertolinidirect.com\/de\/press","title":{"rendered":"Presse &amp; News"},"content":{"rendered":"<p><a href=\"\/de\/press\/affordable-new-line\/\">Bertolini bringt eine neue, preisg\u00fcnstige Linie von Klappst\u00fchlen und -tischen auf den Markt<\/a> \u2013 16. Oktober 2025<\/p>\n\n\n\n<p><a href=\"https:\/\/bertolinidirect.com\/de\/press\/new-high-density-stacking-line\/\">Bertolini bringt neue Linie stapelbarer St\u00fchle mit hoher Dichte auf den Markt<\/a> \u2013 1. Oktober 2025<\/p>\n\n\n\n<p><a href=\"https:\/\/bertolinidirect.com\/de\/press\/new-coo-cfo\/\">MITY Inc. ernennt neuen COO und CFO<\/a> \u2013 5. Dezember 2023<\/p>\n\n\n\n<p><a href=\"https:\/\/bertolinidirect.com\/de\/press\/new-ceo\/\">MITY Inc. begr\u00fc\u00dft einen neuen CEO<\/a> \u2013 16. November 2023<\/p>\n\n\n\n<p><a href=\"https:\/\/bertolinidirect.com\/de\/press\/launches-new-website\/\">Bertolini startet neue Website und aktualisiert Kirchenst\u00fchle<\/a> \u2013 28. August 2019<\/p>\n\n\n\n<p><a href=\"https:\/\/bertolinidirect.com\/de\/press\/donates-chairs-to-inmate-programs\/\">Bertolini spendet St\u00fchle f\u00fcr H\u00e4ftlingsprogramme in Justizvollzugsanstalten in Tennessee<\/a> \u2013 18. M\u00e4rz 2019<\/p>\n\n\n\n<p><a href=\"https:\/\/bertolinidirect.com\/de\/press\/mity-inc-aquires-bertolini\/\">MITY Inc. \u00fcbernimmt Bertolini<\/a> \u2013 2. Januar 2018<\/p>\n\n\n\n<p><a href=\"https:\/\/bertolinidirect.com\/de\/press\/north-point-community\/\">Bertolini fertigte 4.500 Kirchenst\u00fchle nach Ma\u00df f\u00fcr die North Point Community Church<\/a> \u2013 9. November 2015<\/p>\n\n\n\n<p><a href=\"https:\/\/bertolinidirect.com\/de\/press\/customer-centric-delivery\/\">Bertolini Incorporated f\u00fchrt kundenorientiertes Lieferprogramm ein<\/a> \u2013 05. Juni 2015<\/p>\n\n\n\n<p><a href=\"https:\/\/bertolinidirect.com\/de\/press\/millennia-chairs\/\">Bertolini fertigt ma\u00dfgeschneiderte Millennia-St\u00fchle f\u00fcr die New Hope Church<\/a> \u2013 15. Mai 2015<\/p>\n\n\n\n<p><a href=\"https:\/\/bertolinidirect.com\/de\/press\/2-million-impressions\/\">Bertolini feiert den Verkauf von \u00fcber 2 Millionen Kirchenst\u00fchlen der Impressions\u2122-Serie<\/a> \u2013 6. November 2014<\/p>\n\n\n\n<p><a href=\"https:\/\/bertolinidirect.com\/de\/press\/postureflex-chairs\/\">Bertolini fertigt ma\u00dfgeschneiderte Postureflex-St\u00fchle f\u00fcr Chabad of North Hollywood<\/a> \u2013 5. September 2014<\/p>\n\n\n\n<p><a href=\"https:\/\/bertolinidirect.com\/de\/press\/high-density-stacker\/\">Bertolini stellt den High Density Stacker vor<\/a> \u2013 20. Juni 2014<\/p>\n\n\n\n<p><a href=\"https:\/\/bertolinidirect.com\/de\/press\/card-pencil-holder\/\">Bertolini bringt einen zum Patent angemeldeten Kartenstifthalter auf den Markt<\/a> \u2013 12. Juni 2014<\/p>\n\n\n\n<p><a href=\"https:\/\/bertolinidirect.com\/de\/press\/sustainability-training\/\">Bertolini startet Nachhaltigkeits-Schulungsprogramm f\u00fcr Mitarbeiter<\/a> \u2013 22. M\u00e4rz 2014<\/p>\n\n\n\n<p><a href=\"https:\/\/bertolinidirect.com\/de\/press\/university-of-tennessee\/\">Das Center for Industrial Services der University of Tennessee w\u00fcrdigt Hersteller aus Tennessee<\/a> \u2013 10. Oktober 2013<\/p>\n\n\n\n<p><a href=\"https:\/\/bertolinidirect.com\/de\/press\/new-consumer-alert\/\">Bertolini gibt eine neue Verbraucherwarnung heraus, was man vor dem Kauf importierter Kirchenst\u00fchle wissen sollte<\/a> \u2013 10. September 2013<\/p>\n\n\n\n<p><a href=\"https:\/\/bertolinidirect.com\/de\/press\/new-education-initiative\/\">Bertolini k\u00fcndigte eine neue Verbraucheraufkl\u00e4rungsinitiative zum Thema Qualit\u00e4t und Kirchenst\u00fchle an<\/a> \u2013 31. Juli 2013<\/p>\n\n\n\n<p><a href=\"https:\/\/bertolinidirect.com\/de\/press\/60-year-anniversary\/\">Die Familie Bertolini feiert ihr 60-j\u00e4hriges Jubil\u00e4um im Bau stapelbarer St\u00fchle<\/a> \u2013<strong> <\/strong>24. Juni 2013<\/p>","protected":false},"excerpt":{"rendered":"<p>Bertolini Launches Affordable New Line of Folding Chairs and Tables &#8211; October 16, 2025 Bertolini Launches New High-Density Stacking Chair Line &#8211; October 1, 2025 MITY Inc Announces a New COO &amp; CFO &#8211; December 5, 2023 MITY Inc Welcomes a New CEO &#8211; November 16, 2023 Bertolini Launches New Website and Updates Church Chairs [&hellip;]<\/p>\n","protected":false},"author":1,"featured_media":0,"parent":0,"menu_order":0,"comment_status":"closed","ping_status":"closed","template":"content-page.php","meta":{"_acf_changed":false,"footnotes":""},"class_list":["post-762","page","type-page","status-publish","hentry"],"acf":[],"yoast_head":"<!-- This site is optimized with the Yoast SEO Premium plugin v24.2 (Yoast SEO v27.1.1) - https:\/\/yoast.com\/product\/yoast-seo-premium-wordpress\/ -->\n<title>Press &amp; News | Bertolini Direct<\/title>\n<meta name=\"description\" content=\"Bertolini Launches Affordable New Line of Folding Chairs and Tables - October 16, 2025 Bertolini Launches New High-Density Stacking Chair Line - October\" \/>\n<meta name=\"robots\" content=\"index, follow, max-snippet:-1, max-image-preview:large, max-video-preview:-1\" \/>\n<link rel=\"canonical\" href=\"https:\/\/bertolinidirect.com\/de\/press\/\" \/>\n<meta property=\"og:locale\" content=\"de_DE\" \/>\n<meta property=\"og:type\" content=\"article\" \/>\n<meta property=\"og:title\" content=\"Press &amp; News\" \/>\n<meta property=\"og:description\" content=\"Bertolini Launches Affordable New Line of Folding Chairs and Tables - October 16, 2025 Bertolini Launches New High-Density Stacking Chair Line - October\" \/>\n<meta property=\"og:url\" content=\"https:\/\/bertolinidirect.com\/de\/press\/\" \/>\n<meta property=\"og:site_name\" content=\"Bertolini Direct\" \/>\n<meta property=\"article:modified_time\" content=\"2025-10-21T16:37:31+00:00\" \/>\n<meta name=\"twitter:card\" content=\"summary_large_image\" \/>\n<script type=\"application\/ld+json\" class=\"yoast-schema-graph\">{\"@context\":\"https:\/\/schema.org\",\"@graph\":[{\"@type\":\"WebPage\",\"@id\":\"https:\/\/bertolinidirect.com\/de\/press\",\"url\":\"https:\/\/bertolinidirect.com\/de\/press\",\"name\":\"Press &amp; News | Bertolini Direct\",\"isPartOf\":{\"@id\":\"https:\/\/bertolinidirect.com\/de\/#website\"},\"datePublished\":\"2024-04-19T18:40:16+00:00\",\"dateModified\":\"2025-10-21T16:37:31+00:00\",\"description\":\"Bertolini Launches Affordable New Line of Folding Chairs and Tables - October 16, 2025 Bertolini Launches New High-Density Stacking Chair Line - October\",\"breadcrumb\":{\"@id\":\"https:\/\/bertolinidirect.com\/de\/press#breadcrumb\"},\"inLanguage\":\"de\",\"potentialAction\":[{\"@type\":\"ReadAction\",\"target\":[\"https:\/\/bertolinidirect.com\/de\/press\"]}]},{\"@type\":\"BreadcrumbList\",\"@id\":\"https:\/\/bertolinidirect.com\/de\/press#breadcrumb\",\"itemListElement\":[{\"@type\":\"ListItem\",\"position\":1,\"name\":\"Home\",\"item\":\"https:\/\/bertolinidirect.com\/\"},{\"@type\":\"ListItem\",\"position\":2,\"name\":\"Press &amp; News\"}]},{\"@type\":\"WebSite\",\"@id\":\"https:\/\/bertolinidirect.com\/de\/#website\",\"url\":\"https:\/\/bertolinidirect.com\/de\/\",\"name\":\"Bertolini\",\"description\":\"\",\"potentialAction\":[{\"@type\":\"SearchAction\",\"target\":{\"@type\":\"EntryPoint\",\"urlTemplate\":\"https:\/\/bertolinidirect.com\/de\/?s={search_term_string}\"},\"query-input\":{\"@type\":\"PropertyValueSpecification\",\"valueRequired\":true,\"valueName\":\"search_term_string\"}}],\"inLanguage\":\"de\"}]}<\/script>\n<!-- \/ Yoast SEO Premium plugin. -->","yoast_head_json":{"title":"Presse &amp; Neuigkeiten | Bertolini Direct","description":"Bertolini bringt eine neue, erschwingliche Linie von Klappst\u00fchlen und -tischen auf den Markt \u2013 16. Oktober 2025 Bertolini bringt eine neue Linie von Stapelst\u00fchlen mit hoher Dichte auf den Markt \u2013 Oktober","robots":{"index":"index","follow":"follow","max-snippet":"max-snippet:-1","max-image-preview":"max-image-preview:large","max-video-preview":"max-video-preview:-1"},"canonical":"https:\/\/bertolinidirect.com\/de\/press\/","og_locale":"de_DE","og_type":"article","og_title":"Press &amp; News","og_description":"Bertolini Launches Affordable New Line of Folding Chairs and Tables - October 16, 2025 Bertolini Launches New High-Density Stacking Chair Line - October","og_url":"https:\/\/bertolinidirect.com\/de\/press\/","og_site_name":"Bertolini Direct","article_modified_time":"2025-10-21T16:37:31+00:00","twitter_card":"summary_large_image","schema":{"@context":"https:\/\/schema.org","@graph":[{"@type":"WebPage","@id":"https:\/\/bertolinidirect.com\/de\/press","url":"https:\/\/bertolinidirect.com\/de\/press","name":"Presse &amp; Neuigkeiten | Bertolini Direct","isPartOf":{"@id":"https:\/\/bertolinidirect.com\/de\/#website"},"datePublished":"2024-04-19T18:40:16+00:00","dateModified":"2025-10-21T16:37:31+00:00","description":"Bertolini bringt eine neue, erschwingliche Linie von Klappst\u00fchlen und -tischen auf den Markt \u2013 16. Oktober 2025 Bertolini bringt eine neue Linie von Stapelst\u00fchlen mit hoher Dichte auf den Markt \u2013 Oktober","breadcrumb":{"@id":"https:\/\/bertolinidirect.com\/de\/press#breadcrumb"},"inLanguage":"de","potentialAction":[{"@type":"ReadAction","target":["https:\/\/bertolinidirect.com\/de\/press"]}]},{"@type":"BreadcrumbList","@id":"https:\/\/bertolinidirect.com\/de\/press#breadcrumb","itemListElement":[{"@type":"ListItem","position":1,"name":"Home","item":"https:\/\/bertolinidirect.com\/"},{"@type":"ListItem","position":2,"name":"Press &amp; News"}]},{"@type":"WebSite","@id":"https:\/\/bertolinidirect.com\/de\/#website","url":"https:\/\/bertolinidirect.com\/de\/","name":"Bertolini","description":"","potentialAction":[{"@type":"SearchAction","target":{"@type":"EntryPoint","urlTemplate":"https:\/\/bertolinidirect.com\/de\/?s={search_term_string}"},"query-input":{"@type":"PropertyValueSpecification","valueRequired":true,"valueName":"search_term_string"}}],"inLanguage":"de"}]}},"_links":{"self":[{"href":"https:\/\/bertolinidirect.com\/de\/wp-json\/wp\/v2\/pages\/762","targetHints":{"allow":["GET"]}}],"collection":[{"href":"https:\/\/bertolinidirect.com\/de\/wp-json\/wp\/v2\/pages"}],"about":[{"href":"https:\/\/bertolinidirect.com\/de\/wp-json\/wp\/v2\/types\/page"}],"author":[{"embeddable":true,"href":"https:\/\/bertolinidirect.com\/de\/wp-json\/wp\/v2\/users\/1"}],"replies":[{"embeddable":true,"href":"https:\/\/bertolinidirect.com\/de\/wp-json\/wp\/v2\/comments?post=762"}],"version-history":[{"count":21,"href":"https:\/\/bertolinidirect.com\/de\/wp-json\/wp\/v2\/pages\/762\/revisions"}],"predecessor-version":[{"id":24402,"href":"https:\/\/bertolinidirect.com\/de\/wp-json\/wp\/v2\/pages\/762\/revisions\/24402"}],"wp:attachment":[{"href":"https:\/\/bertolinidirect.com\/de\/wp-json\/wp\/v2\/media?parent=762"}],"curies":[{"name":"wp","href":"https:\/\/api.w.org\/{rel}","templated":true}]}}