{"id":753,"date":"2024-04-19T18:33:50","date_gmt":"2024-04-19T18:33:50","guid":{"rendered":"https:\/\/bertolinidirect.com\/?page_id=753"},"modified":"2026-01-29T15:29:31","modified_gmt":"2026-01-29T15:29:31","slug":"faqs","status":"publish","type":"page","link":"https:\/\/bertolinidirect.com\/de\/faqs","title":{"rendered":"H\u00e4ufig gestellte Fragen"},"content":{"rendered":"<h2 class=\"wp-block-heading\" id=\"h-general-questions\">Allgemeine Fragen<\/h2>\n\n\n\n<div class=\"wp-block-bertolini-accordion mityinc-block\"><h3 class=\"header\">Wo werden Bertolini-St\u00fchle hergestellt?<\/h3><div class=\"body\">\n<p>Bertolini hat seinen Hauptsitz in Orem, Utah, USA, und fertigt ma\u00dfgefertigte Kirchenst\u00fchle in den USA und im Ausland. <a href=\"\/de\/produkt\/chairs\/impressions-chair\/\" target=\"_blank\" rel=\"noreferrer noopener\"><strong>Impressionen St\u00fchle<\/strong><\/a> werden in Utah, USA, entworfen und hergestellt. Bertolini <a href=\"\/de\/produkt\/chairs\/essentials-church-chair\/\" target=\"_blank\" rel=\"noreferrer noopener\"><strong>Essentials V2 St\u00fchle<\/strong><\/a> werden in den USA entworfen und in Asien hergestellt.<\/p>\n<\/div><\/div>\n\n\n\n<div class=\"wp-block-bertolini-accordion mityinc-block\"><h3 class=\"header\">Was ist, wenn die Zeit ein gro\u00dfer Faktor ist?<\/h3><div class=\"body\">\n<p>Der Bertolini Impressions Chair wird in den USA hergestellt, was im Vergleich zu Importmodellen eine schnellere Lieferung erm\u00f6glicht. Wir haben au\u00dferdem viele Essentials V2, St\u00fchle der HD-Serie und Brisa Klappst\u00fchle auf Lager, falls Kunden kurzfristig Sitzl\u00f6sungen ben\u00f6tigen.<\/p>\n<\/div><\/div>\n\n\n\n<div class=\"wp-block-bertolini-accordion mityinc-block\"><h3 class=\"header\">Wie w\u00e4hle ich den bequemsten Stuhl aus?<\/h3><div class=\"body\">\n<p>Der beste Weg, den bequemsten Kirchenstuhl zu finden, besteht darin, sich mehrere Musterst\u00fchle zu besorgen und sie pers\u00f6nlich nebeneinander zu vergleichen. Alle St\u00fchle von Bertolini sind auf Komfort ausgelegt. Jede Komponente vom Schaumstoff bis zum Rahmen wurde f\u00fcr h\u00f6chsten Komfort entwickelt. Bertolini-St\u00fchle behalten ihren hohen Komfort garantiert w\u00e4hrend der gesamten Lebensdauer des Stuhls.<\/p>\n<\/div><\/div>\n\n\n\n<div class=\"wp-block-bertolini-accordion mityinc-block\"><h3 class=\"header\">Was ist, wenn in meiner Kirche nur begrenzt Lagerraum zur Verf\u00fcgung steht?<\/h3><div class=\"body\">\n<p>Wenn Sie nur wenig Stauraum haben, sind Bertolini-St\u00fchle ideal f\u00fcr Ihre Kirche. Alle unsere St\u00fchle sind leicht, stapelbar und einfach aufzustellen, zu transportieren und zu lagern. Sie bestehen aus robusten Stahlrahmen. Im Gegensatz zu Konkurrenzprodukten verf\u00fcgen Bertolini-St\u00fchle \u00fcber hochwertige Stapelkn\u00f6pfe an der Innenseite der Beine, die das Stapeln erleichtern und effizienter gestalten.<\/p>\n<\/div><\/div>\n\n\n\n<div class=\"wp-block-bertolini-accordion mityinc-block\"><h3 class=\"header\">Was ist, wenn ich St\u00fchle brauche, aber nur ein begrenztes Budget habe?<\/h3><div class=\"body\">\n<p>Wir bei Bertolini m\u00f6chten es unseren Kunden so einfach wie m\u00f6glich machen, die ben\u00f6tigten Produkte zu finden. Gemeinsam mit Ihnen finden wir Produkte, die zu Ihrem Budget passen. Wir bieten eine gro\u00dfe Auswahl an Sitzl\u00f6sungen in allen Preiskategorien \u2013 vom individuell anpassbaren Kirchenstuhl Impressions \u00fcber den kosteng\u00fcnstigen Essentials V2 bis hin zu den ultrakompakten HD-Stapelst\u00fchlen.<\/p>\n\n\n\n<p>Viele Kirchengemeinden kaufen St\u00fchle lieber in gr\u00f6\u00dferen Mengen. Wir m\u00f6chten, dass Sie die St\u00fchle in Ihrem eigenen Tempo kaufen, und Sie werden sich von uns nicht unter Druck gesetzt f\u00fchlen. Bertolini bietet au\u00dferdem \u2026 <a href=\"https:\/\/bertolinidirect.com\/de\/blog\/how-to-host-a-fundraiser\/\">Kostenloser Leitfaden zur Mittelbeschaffung<\/a> Dadurch konnten viele Kirchen Geld f\u00fcr den Kauf neuer St\u00fchle sammeln.<\/p>\n<\/div><\/div>\n\n\n\n<div class=\"wp-block-bertolini-accordion mityinc-block\"><h3 class=\"header\">Wie vielseitig sind Bertolini-Kirchenst\u00fchle?<\/h3><div class=\"body\">\n<p>Bertolini hat sich der Herstellung vielseitiger St\u00fchle verschrieben, die sich f\u00fcr unterschiedlichste Einsatzorte und Situationen eignen. Unsere St\u00fchle sind leicht und lassen sich \u2013 je nach Modell \u2013 platzsparend stapeln oder zusammenklappen, sodass sie leicht transportiert und verstaut werden k\u00f6nnen. Sie k\u00f6nnen aber auch in Reihen angeordnet werden und so Kirchenb\u00e4nke als dauerhafte Sitzgelegenheit ersetzen.<\/p>\n<\/div><\/div>\n\n\n\n<div class=\"wp-block-bertolini-accordion mityinc-block\"><h3 class=\"header\">Was erwartet mich w\u00e4hrend des Kaufprozesses, nachdem ich meine Bestellung f\u00fcr Bertolini-St\u00fchle aufgegeben habe?<\/h3><div class=\"body\">\n<ol class=\"wp-block-list\">\n<li>Sie erhalten eine Quittung per E-Mail.<\/li>\n\n\n\n<li>Sobald alle Ihre St\u00fchle hergestellt wurden, f\u00fchren wir eine strenge Qualit\u00e4tskontrolle durch.<\/li>\n\n\n\n<li>Sobald Ihre Bestellung versandbereit ist, erhalten Sie Lieferinformationen, einschlie\u00dflich der Kontaktdaten des Spediteurs, der Sendungsverfolgungsnummer und des voraussichtlichen Lieferzeitraums.<\/li>\n\n\n\n<li>Ihr Versanddienstleister wird sich sp\u00e4testens 24 Stunden vor der Zustellung mit Ihnen in Verbindung setzen, um einen Liefertermin zu vereinbaren.<\/li>\n\n\n\n<li>Wenn Ihre St\u00fchle eintreffen, werden Sie (und Ihre Helfer) sie vom LKW abladen (sofern keine anderen Vereinbarungen getroffen wurden).<\/li>\n<\/ol>\n<\/div><\/div>\n\n\n\n<p><\/p>\n\n\n\n<h2 class=\"wp-block-heading\" id=\"h-frame-construction\">Rahmenkonstruktion<\/h2>\n\n\n\n<div class=\"wp-block-bertolini-accordion mityinc-block\"><h3 class=\"header\">Was ist ein FormFlex\u2122-Sitz und welche St\u00fchle haben ihn?<\/h3><div class=\"body\">\n<p>Unser patentiertes FormFlex-Sitzgestell ist eine geformte Kunststoffbasis, die eine komfortable Unterlage f\u00fcr den Stuhl bietet. Die meisten Kirchenst\u00fchle haben unter dem Schaumstoffkissen eine Sperrholzplatte, die sich nach kurzer Zeit hart und unbequem anf\u00fchlen kann. Das FormFlex-Sitzgestell wurde speziell entwickelt, um den Sitzkomfort bei l\u00e4ngerem Sitzen zu verbessern. Es bietet genau die richtige Flexibilit\u00e4t, um zu verhindern, dass der Sitzende durch das Kissen auf das harte Stuhlgestell einsinkt. Dies sorgt f\u00fcr optimale Unterst\u00fctzung und un\u00fcbertroffenen Komfort. Das FormFlex-Sitzgestell ist erh\u00e4ltlich in <a href=\"\/de\/produkt\/chairs\/impressions-chair\/\">Impressionen St\u00fchle<\/a>.<\/p>\n<\/div><\/div>\n\n\n\n<div class=\"wp-block-bertolini-accordion mityinc-block\"><h3 class=\"header\">Wie gut schneidet der FormFlex\u2122-Sitz im Vergleich zu Sitzen anderer Kirchenstuhlhersteller ab?<\/h3><div class=\"body\">\n<p>Der patentierte FormFlex-Sitzrahmen des Impressions-Stuhls bietet mehr Komfort und Langlebigkeit als andere Kirchenst\u00fchle. Er passt sich beim Sitzen individuell an und sorgt so f\u00fcr eine optimale Sitzposition. Der FormFlex-Sitzrahmen besteht aus geformtem Kunststoff und ist daher leichter als St\u00fchle mit Sperrholz-Sitzrahmen. Die Sitzfl\u00e4che ist mit einem \u00e4u\u00dferst bequemen Premium-Schaumstoffkissen ausgestattet, das \u00fcber 25 Jahre h\u00e4lt.<\/p>\n<\/div><\/div>\n\n\n\n<div class=\"wp-block-bertolini-accordion mityinc-block\"><h3 class=\"header\">Wie funktioniert die Pulverbeschichtung und warum ist sie ein wichtiges Merkmal, auf das man bei St\u00fchlen achten sollte?<\/h3><div class=\"body\">\n<p>St\u00fchle mit pulverbeschichtetem Stahlgestell z\u00e4hlen zu den langlebigsten, umweltfreundlichsten und robustesten St\u00fchlen. Alle Polsterst\u00fchle von Bertolini sind pulverbeschichtet. Der Pulverbeschichtungsprozess beginnt mit einer S\u00e4urew\u00e4sche des Gestells, um \u00d6le und Schwei\u00dfr\u00fcckst\u00e4nde zu entfernen. Anschlie\u00dfend wird das Gestell auf ein Gestell gelegt und in eine Maschine transportiert, die das Metall magnetisiert und die Farbe aufspr\u00fcht. Danach wird das Gestell eingebrannt, um die Pulverbeschichtung zu einer harten Oberfl\u00e4che auszuh\u00e4rten. Dieser Prozess findet im Bertolini-Werk statt, um h\u00f6chste Qualit\u00e4t w\u00e4hrend des gesamten Herstellungsprozesses zu gew\u00e4hrleisten. So bleibt die Farbe Ihres Gestells l\u00e4nger erhalten, ohne zu verblassen oder zu rei\u00dfen.<\/p>\n<\/div><\/div>\n\n\n\n<div class=\"wp-block-bertolini-accordion mityinc-block\"><h3 class=\"header\">Sind Pulverbeschichtungen umweltfreundlich?<\/h3><div class=\"body\">\n<p>Ja, unser Pulverbeschichtungsverfahren ist emissionsfrei und tr\u00e4gt nicht zur Luftverschmutzung bei. Wir verzichten auf galvanische Beschichtungen, da diese giftige Schadstoffe freisetzen. Stattdessen verwenden wir geschlossene Pulverbeschichtungssysteme. Unser hochmodernes, umweltfreundliches Pulverbeschichtungssystem garantiert Ihren St\u00fchlen eine Oberfl\u00e4chenqualit\u00e4t von h\u00f6chster Qualit\u00e4t \u2013 ganz ohne Umweltbelastung.<\/p>\n<\/div><\/div>\n\n\n\n<div class=\"wp-block-bertolini-accordion mityinc-block\"><h3 class=\"header\">Wozu dient der Drehstab?<\/h3><div class=\"body\">\n<p>Alle Bertolini-Kirchenst\u00fchle verf\u00fcgen \u00fcber eine Torsionsfeder, die quer \u00fcber die Rahmenr\u00fcckseite, direkt unterhalb der R\u00fcckenlehne, angeschwei\u00dft ist. Diese Stahlfeder verst\u00e4rkt unsere 16-Gauge-Rahmen, indem sie f\u00fcr zus\u00e4tzliche Stabilit\u00e4t sorgt, St\u00f6\u00dfe absorbiert und ein Verdrehen oder Wackeln des Stuhls verhindert. Sie sch\u00fctzt au\u00dferdem die Schwei\u00dfn\u00e4hte beim Stapeln und Entstapeln der St\u00fchle. Die Torsionsfeder in Kombination mit der hochwertigen Schwei\u00dftechnik ergibt einen besonders robusten Rahmen.<\/p>\n<\/div><\/div>\n\n\n\n<div class=\"wp-block-bertolini-accordion mityinc-block\"><h3 class=\"header\">Was ist Dornbiegen und welchen Vorteil bietet diese Funktion bei Kirchenst\u00fchlen?<\/h3><div class=\"body\">\n<p>Der Stahl, der zur Herstellung von Bertolini-Kirchenst\u00fchlen verwendet wird, wird dorngebogen, was zu einem attraktiveren, sichereren und st\u00e4rkeren Rahmen f\u00fchrt. Viele Hersteller von Kirchenst\u00fchlen konstruieren ihre Rahmen mit Quetschbiegen \u2013 eine Technik, die den Rahmen schw\u00e4cht und eine unansehnliche Vertiefung hinterl\u00e4sst. Im Gegensatz dazu wird beim Dornbiegen ein Einsatz (ein Dorn) in das Rohr eingesetzt, wenn die Biegung vorgenommen wird, um ein Zusammenfallen zu verhindern. Dies ist zwar nicht ganz so schnell oder so einfach wie das Quetschbiegen, f\u00fchrt jedoch zu einer besseren Biegung, bei der die vollst\u00e4ndige Integrit\u00e4t des Stahlrohrs erhalten bleibt. Genau aus diesem Grund schreibt NASCAR vor, dass diese Art der Biegung f\u00fcr die Rohre in Sicherheitsk\u00e4figen aller Rennwagen verwendet wird.<\/p>\n<\/div><\/div>\n\n\n\n<div class=\"wp-block-bertolini-accordion mityinc-block\"><h3 class=\"header\">Warum ist kaltgewalzter Stahl f\u00fcr Kirchenst\u00fchle wichtig?<\/h3><div class=\"body\">\n<p>Wir beginnen die Stuhlherstellung mit pr\u00e4zisionsgeschwei\u00dften, hochwertigen 1010-Kaltwalzstahlrohren. Kaltgewalzter Stahl ist fester und hat eine glattere Oberfl\u00e4che als warmgewalzter Stahl. Er durchl\u00e4uft im Prinzip den gesamten Warmwalzprozess plus einen zus\u00e4tzlichen Kaltwalzprozess. Dadurch erh\u00e4lt er eine h\u00f6here Festigkeit und eine hochwertigere Oberfl\u00e4che. Kaltgewalzter Stahl ist ideal f\u00fcr M\u00f6bel, da er neben einer glatten und fehlerfreien Oberfl\u00e4che auch die optimale Haftung f\u00fcr Pulverbeschichtungen bietet.<\/p>\n<\/div><\/div>\n\n\n\n<p><\/p>\n\n\n\n<h2 class=\"wp-block-heading\" id=\"h-ratings-amp-tests\">Bewertungen &amp; Tests<\/h2>\n\n\n\n<div class=\"wp-block-bertolini-accordion mityinc-block\"><h3 class=\"header\">Welche Art von Qualit\u00e4tskontrolltests f\u00fchrt Bertolini an St\u00fchlen durch?<\/h3><div class=\"body\">\n<p>Wenn Sie langlebige St\u00fchle ben\u00f6tigen, die starker Beanspruchung und hohem Gewicht standhalten, brauchen Sie Bertolini-St\u00fchle. Bevor eine Kundenbestellung f\u00fcr den Versand verpackt wird, m\u00fcssen alle St\u00fchle eine strenge Qualit\u00e4tskontrolle nach ISO 9000 bestehen. Unsere Pr\u00fcfer messen 8 Pr\u00fcfpunkte an allen unseren Kirchenst\u00fchlen. St\u00fchle, die den Standards nicht entsprechen, werden abgelehnt und ersetzt, bevor Ihre Bestellung versendet wird.<\/p>\n<\/div><\/div>\n\n\n\n<div class=\"wp-block-bertolini-accordion mityinc-block\"><h3 class=\"header\">Was ist der fokussierte statische Belastungstest und warum ist er wichtig?<\/h3><div class=\"body\">\n<p>Beim statischen Belastungstest werden 800 Pfund konzentriertes Gewicht in die Mitte des Sitzgestells gelegt. W\u00e4hrend des Tests hielten alle Bertolini-Stuhlsitze der konzentrierten Belastung problemlos stand. Wir f\u00fchren diese Tests regelm\u00e4\u00dfig durch, um die Qualit\u00e4t und Haltbarkeit der St\u00fchle sicherzustellen. So k\u00f6nnen Sie sicher sein, dass Ihre Gemeinde diese St\u00fchle jahrelang sicher verwenden kann.<\/p>\n<\/div><\/div>\n\n\n\n<div class=\"wp-block-bertolini-accordion mityinc-block\"><h3 class=\"header\">Was ist ein statischer Rahmenbelastungstest und warum ist er wichtig?<\/h3><div class=\"body\">\n<p>Beim ersten Rahmenbelastungstest werden 500 Pfund Beton auf die vorderen Stuhlbeine eines Standard-Bertolini-Stuhlrahmens gelegt. Anschlie\u00dfend wird der Stuhlrahmen einem zweiten Rahmenbelastungstest unterzogen, bei dem 1.000 Pfund Beton auf den Rahmen gelegt werden. Alle Bertolini-Stuhlrahmen zeigen bei diesen Tests keine Erm\u00fcdung, was zeigt, dass der Stuhl bis zu 1.000 Pfund Gewicht tragen kann. Das bedeutet, dass Ihre Gemeinde beim Sitzen oder Stapeln dieser St\u00fchle immer sicher ist. Wir wiederholen diesen und andere Haltbarkeitstests regelm\u00e4\u00dfig an allen Bertolini-St\u00fchlen, um die Festigkeit der Produkte sicherzustellen.<\/p>\n<\/div><\/div>\n\n\n\n<div class=\"wp-block-bertolini-accordion mityinc-block\"><h3 class=\"header\">Warum ist es wichtig, nur St\u00fchle zu kaufen, die einen Emissionstest bestehen?<\/h3><div class=\"body\">\n<p>Billig hergestellte Kirchenst\u00fchle k\u00f6nnen hohe Mengen an Formaldehyd und anderen Schadstoffen in der Luft abgeben. Bertolini-St\u00fchle erf\u00fcllen alle Emissionsanforderungen der GSA, die die strengsten Anforderungen der Branche darstellen. Auch der Impressions Chair erf\u00fcllt diese Anforderungen. <a href=\"https:\/\/www.ul.com\/services\/ul-greenguard-certification\">Greenguard-zertifiziert<\/a>, was bedeutet, dass es strenge Tests zu chemischen Emissionen bestanden hat und weder zur Luftverschmutzung noch zu einer schlechten Luftqualit\u00e4t in Innenr\u00e4umen beitr\u00e4gt.<\/p>\n<\/div><\/div>\n\n\n\n<p><\/p>\n\n\n\n<h2 class=\"wp-block-heading\" id=\"h-upholstery-amp-fabric\">Polster &amp; Stoff<\/h2>\n\n\n\n<div class=\"wp-block-bertolini-accordion mityinc-block\"><h3 class=\"header\">Welche Art Stoff wird f\u00fcr die Kirchenst\u00fchle von Bertolini verwendet?<\/h3><div class=\"body\">\n<p>Bertolini verwendet f\u00fcr alle Kirchenst\u00fchle hochwertige, strapazierf\u00e4hige Stoffe. Die Webereien, von denen wir die Stoffe beziehen, wenden einige der strengsten Qualit\u00e4tskontrollverfahren an. Die verwendeten Stoffe werden einem doppelten Scheuertest unterzogen, um ihre Langlebigkeit zu gew\u00e4hrleisten.<\/p>\n\n\n\n<p>In stark frequentierten Bereichen wie Hotels werden St\u00fchle stark beansprucht. Daher werden Stoffe verwendet, die auf 15.000 bis 30.000 Scheuertouren getestet sind. Die Standardstoffe f\u00fcr Bertolini-Kirchenst\u00fchle sind auf 50.000 bis 250.000 Scheuertouren gepr\u00fcft, ohne dass Abnutzungserscheinungen sichtbar sind. Zus\u00e4tzlich werden die Stoffe auf Lichtechtheit gepr\u00fcft.<\/p>\n\n\n\n<p>Der Stuhl \u201eImpressions\u201c ist in \u00fcber 600 Stoffen erh\u00e4ltlich, die allesamt nach \u00e4sthetischen Kriterien, Komfort und Langlebigkeit ausgew\u00e4hlt wurden. Der Kirchenstuhl \u201eEssentials\u201c ist mit einem strapazierf\u00e4higen Stoff aus 100%-Polyolefin in der Farbe Fossil (Grau\/Schwarz) bezogen.<\/p>\n<\/div><\/div>\n\n\n\n<div class=\"wp-block-bertolini-accordion mityinc-block\"><h3 class=\"header\">Was macht den Schaumstoff der Bertolini-St\u00fchle so besonders?<\/h3><div class=\"body\">\n<p>Bertolini-Schaumstoffsitze sind langlebiger als alle anderen auf dem Markt und bieten jahrelangen Komfort. Bertolini-Kirchenst\u00fchle werden aus besonders strapazierf\u00e4higem Schaumstoff gefertigt. Der in den USA hergestellte Impressions-Stuhl verf\u00fcgt \u00fcber einen extra weichen, formgepressten Schaumstoffsitz, der dauerhaften Komfort bietet. Der Schaumstoff ist TDI-frei, wodurch weniger VOCs freigesetzt werden und die Raumluftqualit\u00e4t verbessert wird. Der Impressions-Schaumstoffsitz ist auf einem geformten Kunststoff-Sitzgestell montiert, das sich den K\u00f6rperkonturen anpasst und so f\u00fcr ein besonders bequemes Sitzgef\u00fchl sorgt. Die Essentials V2-St\u00fchle sind mit einem 10 cm tiefen Schaumstoffkissen ausgestattet, das f\u00fcr hohen Sitzkomfort sorgt.<\/p>\n<\/div><\/div>\n\n\n\n<p><\/p>\n\n\n\n<h2 class=\"wp-block-heading\" id=\"h-international-orders\">Internationale Bestellungen<\/h2>\n\n\n\n<div class=\"wp-block-bertolini-accordion mityinc-block\"><h3 class=\"header\">Liefert Bertolini international?<\/h3><div class=\"body\">\n<p>Ja! Bertolini kann an praktisch jede Adresse weltweit liefern. F\u00fcr den Abschluss eines internationalen Verkaufs gelten jedoch spezielle Anweisungen und Anforderungen.<\/p>\n<\/div><\/div>\n\n\n\n<div class=\"wp-block-bertolini-accordion mityinc-block\"><h3 class=\"header\">Wie versendet Bertolini Produkte international?<\/h3><div class=\"body\">\n<p>Alle internationalen Sendungen von Bertolini werden per Container verschickt. Der Kunde ist f\u00fcr die Organisation eines Versanddienstes verantwortlich. Wir k\u00f6nnen Versanddienste vorschlagen, die wir als zuverl\u00e4ssig erachten.<\/p>\n<\/div><\/div>\n\n\n\n<div class=\"wp-block-bertolini-accordion mityinc-block\"><h3 class=\"header\">Wann wird meine Bestellung als international eingestuft?<\/h3><div class=\"body\">\n<p>Alle Bestellungen mit Ursprung au\u00dferhalb der 50 US-Bundesstaaten werden als internationale Bestellungen eingestuft und unterliegen den Richtlinien f\u00fcr internationale Bestellungen.<\/p>\n<\/div><\/div>\n\n\n\n<div class=\"wp-block-bertolini-accordion mityinc-block\"><h3 class=\"header\">Welche W\u00e4hrung wird bei Bertolini akzeptiert?<\/h3><div class=\"body\">\n<p>Alle Preise werden in US-Dollar angezeigt und dies ist die einzige W\u00e4hrung, die wir akzeptieren.<\/p>\n<\/div><\/div>\n\n\n\n<p><\/p>\n\n\n\n<h2 class=\"wp-block-heading\" id=\"h-warranty\">Garantie<\/h2>\n\n\n\n<div class=\"wp-block-bertolini-accordion mityinc-block\"><h3 class=\"header\">Wie langlebig sind Bertolini-Kirchenst\u00fchle?<\/h3><div class=\"body\">\n<p>Bertolini-St\u00fchle sind auf eine Nutzungsdauer von \u00fcber 20 Jahren ausgelegt. Sie sind so konzipiert, dass sie auch bei jahrelanger intensiver Nutzung h\u00f6chsten Anspr\u00fcchen gen\u00fcgen und ohne Wartung voll funktionsf\u00e4hig bleiben. Die Bertolini Impressions St\u00fchle bieten 25 Jahre Garantie auf Schaumstoff und Gestell, w\u00e4hrend die preisg\u00fcnstigeren Essentials V2 mit 5 Jahren Garantie ausgestattet sind. Die Garantie f\u00fcr die Polsterung variiert je nach gew\u00e4hltem Stoff und den Garantiebedingungen des Textilherstellers. Um die Lebensdauer unserer Produkte zus\u00e4tzlich zu verl\u00e4ngern, bieten wir austauschbare Sitz- und R\u00fcckenlehnen an.<\/p>\n<\/div><\/div>\n\n\n\n<div class=\"wp-block-bertolini-accordion mityinc-block\"><h3 class=\"header\">Bietet Bertolini auf jeden Stuhl eine Garantie?<\/h3><div class=\"body\">\n<p>Ja! Bertolini bietet auf jeden Stuhl eine umfassende und unkomplizierte Garantie. Das k\u00f6nnen wir, weil wir von der Qualit\u00e4t unserer Produkte \u00fcberzeugt sind. Die Garantiezeiten variieren je nach Stuhlmodell und Komponenten. Der Bertolini Impressions Chair hat eine 25-j\u00e4hrige Garantie, der preisg\u00fcnstigere Essentials Chair hingegen eine 5-j\u00e4hrige. Wir legen Wert auf langfristige Kundenbeziehungen und arbeiten daher hart daran, unseren Kunden die besten Kirchenst\u00fchle zu liefern, die ein Unternehmen herstellen kann. Weitere Informationen zur Garantie finden Sie unter [Link einf\u00fcgen]. <a href=\"https:\/\/bertolinidirect.com\/de\/warranty\/\">bertolinidirect.com\/garantie<\/a>.<\/p>\n<\/div><\/div>","protected":false},"excerpt":{"rendered":"<p>Allgemeine Fragen Rahmenkonstruktion Bewertungen &amp; Tests Polster &amp; Stoffe Internationale Bestellungen Garantie<\/p>","protected":false},"author":1,"featured_media":0,"parent":0,"menu_order":0,"comment_status":"closed","ping_status":"closed","template":"faqs.php","meta":{"_acf_changed":false,"footnotes":""},"class_list":["post-753","page","type-page","status-publish","hentry"],"acf":[],"yoast_head":"<!-- This site is optimized with the Yoast SEO Premium plugin v24.2 (Yoast SEO v27.1.1) - https:\/\/yoast.com\/product\/yoast-seo-premium-wordpress\/ -->\n<title>Frequently Asked Questions | Bertolini<\/title>\n<meta name=\"description\" content=\"Questions about the manufacturing process of your church chairs, shipping, buying international and more? Our Frequently Asked Questions has the answers.\" \/>\n<meta name=\"robots\" content=\"index, follow, max-snippet:-1, max-image-preview:large, max-video-preview:-1\" \/>\n<link rel=\"canonical\" href=\"https:\/\/bertolinidirect.com\/de\/faqs\/\" \/>\n<meta property=\"og:locale\" content=\"de_DE\" \/>\n<meta property=\"og:type\" content=\"article\" \/>\n<meta property=\"og:title\" content=\"Frequently Asked Questions\" \/>\n<meta property=\"og:description\" content=\"Questions about the manufacturing process of your church chairs, shipping, buying international and more? Our Frequently Asked Questions has the answers.\" \/>\n<meta property=\"og:url\" content=\"https:\/\/bertolinidirect.com\/de\/faqs\/\" \/>\n<meta property=\"og:site_name\" content=\"Bertolini Direct\" \/>\n<meta property=\"article:modified_time\" content=\"2026-01-29T15:29:31+00:00\" \/>\n<meta name=\"twitter:card\" content=\"summary_large_image\" \/>\n<script type=\"application\/ld+json\" class=\"yoast-schema-graph\">{\"@context\":\"https:\/\/schema.org\",\"@graph\":[{\"@type\":\"WebPage\",\"@id\":\"https:\/\/bertolinidirect.com\/de\/faqs\",\"url\":\"https:\/\/bertolinidirect.com\/de\/faqs\",\"name\":\"Frequently Asked Questions | Bertolini\",\"isPartOf\":{\"@id\":\"https:\/\/bertolinidirect.com\/de\/#website\"},\"datePublished\":\"2024-04-19T18:33:50+00:00\",\"dateModified\":\"2026-01-29T15:29:31+00:00\",\"description\":\"Questions about the manufacturing process of your church chairs, shipping, buying international and more? Our Frequently Asked Questions has the answers.\",\"breadcrumb\":{\"@id\":\"https:\/\/bertolinidirect.com\/de\/faqs#breadcrumb\"},\"inLanguage\":\"de\",\"potentialAction\":[{\"@type\":\"ReadAction\",\"target\":[\"https:\/\/bertolinidirect.com\/de\/faqs\"]}]},{\"@type\":\"BreadcrumbList\",\"@id\":\"https:\/\/bertolinidirect.com\/de\/faqs#breadcrumb\",\"itemListElement\":[{\"@type\":\"ListItem\",\"position\":1,\"name\":\"Home\",\"item\":\"https:\/\/bertolinidirect.com\/\"},{\"@type\":\"ListItem\",\"position\":2,\"name\":\"Frequently Asked Questions\"}]},{\"@type\":\"WebSite\",\"@id\":\"https:\/\/bertolinidirect.com\/de\/#website\",\"url\":\"https:\/\/bertolinidirect.com\/de\/\",\"name\":\"Bertolini\",\"description\":\"\",\"potentialAction\":[{\"@type\":\"SearchAction\",\"target\":{\"@type\":\"EntryPoint\",\"urlTemplate\":\"https:\/\/bertolinidirect.com\/de\/?s={search_term_string}\"},\"query-input\":{\"@type\":\"PropertyValueSpecification\",\"valueRequired\":true,\"valueName\":\"search_term_string\"}}],\"inLanguage\":\"de\"}]}<\/script>\n<!-- \/ Yoast SEO Premium plugin. -->","yoast_head_json":{"title":"H\u00e4ufig gestellte Fragen | Bertolini","description":"Sie haben Fragen zum Herstellungsprozess Ihrer Kirchenst\u00fchle, zum Versand, zum internationalen Einkauf und mehr? Unsere h\u00e4ufig gestellten Fragen geben die Antworten.","robots":{"index":"index","follow":"follow","max-snippet":"max-snippet:-1","max-image-preview":"max-image-preview:large","max-video-preview":"max-video-preview:-1"},"canonical":"https:\/\/bertolinidirect.com\/de\/faqs\/","og_locale":"de_DE","og_type":"article","og_title":"Frequently Asked Questions","og_description":"Questions about the manufacturing process of your church chairs, shipping, buying international and more? Our Frequently Asked Questions has the answers.","og_url":"https:\/\/bertolinidirect.com\/de\/faqs\/","og_site_name":"Bertolini Direct","article_modified_time":"2026-01-29T15:29:31+00:00","twitter_card":"summary_large_image","schema":{"@context":"https:\/\/schema.org","@graph":[{"@type":"WebPage","@id":"https:\/\/bertolinidirect.com\/de\/faqs","url":"https:\/\/bertolinidirect.com\/de\/faqs","name":"H\u00e4ufig gestellte Fragen | Bertolini","isPartOf":{"@id":"https:\/\/bertolinidirect.com\/de\/#website"},"datePublished":"2024-04-19T18:33:50+00:00","dateModified":"2026-01-29T15:29:31+00:00","description":"Sie haben Fragen zum Herstellungsprozess Ihrer Kirchenst\u00fchle, zum Versand, zum internationalen Einkauf und mehr? Unsere h\u00e4ufig gestellten Fragen geben die Antworten.","breadcrumb":{"@id":"https:\/\/bertolinidirect.com\/de\/faqs#breadcrumb"},"inLanguage":"de","potentialAction":[{"@type":"ReadAction","target":["https:\/\/bertolinidirect.com\/de\/faqs"]}]},{"@type":"BreadcrumbList","@id":"https:\/\/bertolinidirect.com\/de\/faqs#breadcrumb","itemListElement":[{"@type":"ListItem","position":1,"name":"Home","item":"https:\/\/bertolinidirect.com\/"},{"@type":"ListItem","position":2,"name":"Frequently Asked Questions"}]},{"@type":"WebSite","@id":"https:\/\/bertolinidirect.com\/de\/#website","url":"https:\/\/bertolinidirect.com\/de\/","name":"Bertolini","description":"","potentialAction":[{"@type":"SearchAction","target":{"@type":"EntryPoint","urlTemplate":"https:\/\/bertolinidirect.com\/de\/?s={search_term_string}"},"query-input":{"@type":"PropertyValueSpecification","valueRequired":true,"valueName":"search_term_string"}}],"inLanguage":"de"}]}},"_links":{"self":[{"href":"https:\/\/bertolinidirect.com\/de\/wp-json\/wp\/v2\/pages\/753","targetHints":{"allow":["GET"]}}],"collection":[{"href":"https:\/\/bertolinidirect.com\/de\/wp-json\/wp\/v2\/pages"}],"about":[{"href":"https:\/\/bertolinidirect.com\/de\/wp-json\/wp\/v2\/types\/page"}],"author":[{"embeddable":true,"href":"https:\/\/bertolinidirect.com\/de\/wp-json\/wp\/v2\/users\/1"}],"replies":[{"embeddable":true,"href":"https:\/\/bertolinidirect.com\/de\/wp-json\/wp\/v2\/comments?post=753"}],"version-history":[{"count":19,"href":"https:\/\/bertolinidirect.com\/de\/wp-json\/wp\/v2\/pages\/753\/revisions"}],"predecessor-version":[{"id":24696,"href":"https:\/\/bertolinidirect.com\/de\/wp-json\/wp\/v2\/pages\/753\/revisions\/24696"}],"wp:attachment":[{"href":"https:\/\/bertolinidirect.com\/de\/wp-json\/wp\/v2\/media?parent=753"}],"curies":[{"name":"wp","href":"https:\/\/api.w.org\/{rel}","templated":true}]}}