{"id":573,"date":"2024-04-16T23:03:55","date_gmt":"2024-04-16T23:03:55","guid":{"rendered":"https:\/\/bertolinidirect.com\/?page_id=573"},"modified":"2026-04-20T22:36:24","modified_gmt":"2026-04-20T22:36:24","slug":"warranty","status":"publish","type":"page","link":"https:\/\/bertolinidirect.com\/de\/warranty","title":{"rendered":"Garantieinformationen"},"content":{"rendered":"<p><strong>HAFTUNGSAUSSCHLUSS F\u00dcR PRODUKTGARANTIE:<\/strong>&nbsp;Die vorstehenden Garantien gelten anstelle aller anderen ausdr\u00fccklichen oder stillschweigenden Garantien, einschlie\u00dflich, aber nicht beschr\u00e4nkt auf die stillschweigenden Garantien der Marktg\u00e4ngigkeit und Eignung f\u00fcr einen bestimmten Zweck.<\/p>\n\n\n\n<p><strong>F\u00fcr ALLE Produkte, einschlie\u00dflich der Teile, die im Rahmen des Garantieprogramms ersetzt werden, k\u00f6nnen Frachtgeb\u00fchren und\/oder Bearbeitungsgeb\u00fchren anfallen.<\/strong><\/p>\n\n\n\n<p><strong>Bertolini-Sanctuary-St\u00fchle<\/strong>\u00a0Die Rahmenkonstruktion hat eine Garantie von 25 Jahren. Die Sitz- und R\u00fcckenlehnenpolsterung haben eine Garantie von 5 Jahren. F\u00fcr Polsterungen und Stoffe gelten die Garantien der jeweiligen Textilhersteller. Wir garantieren, dass unser Schaumstoff maximal 101 TP3T bricht und mindestens 90 TP3T seiner urspr\u00fcnglichen Form zum Zeitpunkt des Kaufs beibeh\u00e4lt. Die Schaumstoffgarantien variieren je nach Modell.<\/p>\n\n\n\n<ul class=\"wp-block-list\">\n<li><a href=\"https:\/\/bertolinidirect.com\/de\/all\/impressions-series-worship-chair\/\">Impressionen Serie<\/a>: F\u00fcnfundzwanzig (25) Jahre<\/li>\n\n\n\n<li>Millennia (eingestellt): Zwanzig (20) Jahre<\/li>\n\n\n\n<li>Essentials (eingestellt): Zwanzig (20) Jahre<\/li>\n<\/ul>\n\n\n\n<p><strong>Essentials V2<\/strong> <strong>St\u00fchle<\/strong> \u2013 Eingeschr\u00e4nkte Gew\u00e4hrleistung von f\u00fcnf (5) Jahren auf die Stahlkonstruktion. F\u00fcr Polsterungen und Stoffe gelten die Gew\u00e4hrleistungsbestimmungen der jeweiligen Textilhersteller. Diese Gew\u00e4hrleistungsdetails gelten f\u00fcr folgendes Produkt:<\/p>\n\n\n\n<ul class=\"wp-block-list\">\n<li><a href=\"\/de\/products\/chairs\/essentials-church-chair\/\">Essentials V2 Kirchenstuhl<\/a><\/li>\n<\/ul>\n\n\n\n<p><strong>St\u00fchle der HD-Serie<\/strong> \u2013 Eingeschr\u00e4nkte Strukturgarantie von einem (1) Jahr, die den Stahlrahmen abdeckt. Diese Garantie umfasst die folgenden Produkte:<\/p>\n\n\n\n<ul class=\"wp-block-list\">\n<li><a href=\"\/de\/products\/chairs\/super-stacker-chair\/\">HD Core Stapelstuhl<\/a> (fr\u00fcher bekannt als Super Stacker Stuhl)&nbsp;<\/li>\n\n\n\n<li><a href=\"\/de\/products\/chairs\/hd-select-stacking-chair\/\">HD Select Stapelstuhl<\/a><\/li>\n\n\n\n<li><a href=\"\/de\/products\/chairs\/hd-premier-stacking-chair\/\">HD Premier Stapelstuhl<\/a><\/li>\n<\/ul>\n\n\n\n<p><strong>Brisa Tische &amp; St\u00fchle<\/strong> \u2013 Eingeschr\u00e4nkte Strukturgarantie von einem (1) Jahr. Diese Garantie umfasst die folgenden Produkte:<\/p>\n\n\n\n<ul class=\"wp-block-list\">\n<li><a href=\"https:\/\/bertolinidirect.com\/de\/products\/tables\/brisa-rectangle-folding-table\/\">Brisa Rechteckiger Klapptisch<\/a><\/li>\n\n\n\n<li><a href=\"https:\/\/bertolinidirect.com\/de\/products\/tables\/brisa-round-folding-table\/\">Brisa Runder Klapptisch<\/a><\/li>\n\n\n\n<li><a href=\"https:\/\/bertolinidirect.com\/de\/products\/tables\/brisa-cocktail-folding-table\/\">Brisa Cocktail-Klapptisch<\/a><\/li>\n\n\n\n<li><a href=\"https:\/\/bertolinidirect.com\/de\/products\/chairs\/brisa-plastic-folding-chairs\/\">Brisa Kunststoff-Klappst\u00fchle<\/a><\/li>\n<\/ul>\n\n\n\n<h2 class=\"wp-block-heading\" id=\"h-wearable-components-warranty-exception\">Garantieausnahme f\u00fcr tragbare Komponenten:<\/h2>\n\n\n\n<p>Die Verschlei\u00dfteile sind nicht in der eingeschr\u00e4nkten lebenslangen Garantie enthalten. Zu diesen Teilen geh\u00f6ren Polster und Polsterbehandlungen wie N\u00e4hte, Rahmenoberfl\u00e4chen und der Sitzschaum, wenn er verschmutzt ist oder im Freien verwendet wird.<\/p>\n\n\n\n<h2 class=\"wp-block-heading\" id=\"h-wearable-components-coverage\">Abdeckung tragbarer Komponenten:<\/h2>\n\n\n\n<p><strong>Polster:<\/strong>&nbsp;F\u00fcr Polsterbehandlungen und Stoffe gelten die Garantien der jeweiligen Textilhersteller.<\/p>\n\n\n\n<p><strong>Rahmenoberfl\u00e4che:<\/strong>&nbsp;F\u00fcr Standardrahmenoberfl\u00e4chen gilt eine 5-j\u00e4hrige Garantie gegen Abbl\u00e4ttern, Abl\u00f6sen oder Herstellungsfehler bei normaler Verwendung.<\/p>\n\n\n\n<p><strong>Sitzschaum:<\/strong>&nbsp;Wir garantieren, dass unser Schaumstoff nicht mehr als 10% zerf\u00e4llt und dass er mindestens 90% seiner urspr\u00fcnglichen Form zum Zeitpunkt des Kaufs beh\u00e4lt.<\/p>\n\n\n\n<p><strong>Ersatz:<\/strong>&nbsp;Jeder Rahmen oder jedes Teil, das von Bertolini w\u00e4hrend der Garantiezeit als defekt befunden wird, wird nach Ermessen von Bertolini repariert oder ersetzt.<\/p>\n\n\n\n<h2 class=\"wp-block-heading\" id=\"h-warranty-limitations-on-chairs-shipped-outside-of-the-continental-united-states\">Garantiebeschr\u00e4nkungen f\u00fcr St\u00fchle, die au\u00dferhalb der kontinentalen Vereinigten Staaten geliefert werden:<\/h2>\n\n\n\n<p>Alle oben genannten Stoffgarantien gelten nur f\u00fcr St\u00fchle, die innerhalb der kontinentalen Vereinigten Staaten geliefert werden. St\u00fchle, die an Orte mit h\u00f6heren UV-Strahlungsindizes als die kontinentalen Vereinigten Staaten geliefert werden (wie beispielsweise, aber nicht beschr\u00e4nkt auf, Gebiete der Karibik, Mittelamerika, S\u00fcdamerika, Afrika, S\u00fcdasien und des S\u00fcdpazifiks), unterliegen m\u00f6glicherweise einer reduzierten Stoffgarantie von 1 (einem) Jahr oder weniger. Kunden au\u00dferhalb der kontinentalen Vereinigten Staaten sollten sich an die Bertolini-Garantie- und Reparaturabteilung wenden, um eine Best\u00e4tigung der Stoffgarantie zu erhalten, die f\u00fcr ihren spezifischen Stoff innerhalb ihres spezifischen Gebiets gilt.<\/p>\n\n\n\n<p>Der Anspruch eines K\u00e4ufers auf Verletzung einer Garantie in Bezug auf die Waren verf\u00e4llt, sofern der Verk\u00e4ufer nicht innerhalb von zehn (10) Werktagen nach Lieferung der Waren eine schriftliche Mitteilung \u00fcber die angebliche Verletzung vom K\u00e4ufer erh\u00e4lt oder, falls eine Garantieverletzung nicht innerhalb von zehn (10) Werktagen nach Lieferung der Waren vern\u00fcnftigerweise entdeckt werden konnte, innerhalb von zehn (10) Werktagen nach der tats\u00e4chlichen Entdeckung der angeblichen Garantieverletzung oder innerhalb von zehn (10) Werktagen, nachdem die Garantieverletzung vern\u00fcnftigerweise h\u00e4tte entdeckt werden k\u00f6nnen \u2013 oder je nachdem, welches Datum fr\u00fcher eintritt. Jegliche Ausschl\u00fcsse dieser Garantie werden auf dem unterzeichneten Kundenangebot aufgef\u00fchrt.<\/p>\n\n\n\n<p>Garantien gelten nicht f\u00fcr Produkte, die ver\u00e4ndert, missbraucht oder fahrl\u00e4ssig behandelt wurden. Die Garantie von Bertolini beschr\u00e4nkt sich auf eine Gutschrift oder den Ersatz des defekten Artikels. Die Haftung im Rahmen dieser Garantie \u00fcbersteigt nicht den Kaufpreis des defekten Artikels. Sofern sie nicht schriftlich ge\u00e4ndert und von beiden Parteien unterzeichnet wurden, gelten diese Vereinbarung, wie sie im von Bertolini bereitgestellten und vom Kunden unterzeichneten Angebot enthalten ist, und diese Allgemeinen Gesch\u00e4ftsbedingungen als die vollst\u00e4ndige und ausschlie\u00dfliche Vereinbarung zwischen den Parteien und ersetzen alle vorherigen m\u00fcndlichen oder schriftlichen Vereinbarungen und alle anderen Mitteilungen zwischen den Parteien in Bezug auf den Gegenstand dieser Vereinbarung, einschlie\u00dflich Aussagen von Verk\u00e4ufern.<\/p>","protected":false},"excerpt":{"rendered":"<p>PRODUCT WARRANTY DISCLAIMER:&nbsp;The foregoing warranties are in lieu of all other warranties, express or implied, including but not limited to the implied warranties of merchantability and fitness for a particular purpose. ALL products, including parts, replaced through the warranty program may be subject to freight fees and\/or handling fees. Bertolini Sanctuary Chairs\u00a0\u2013 Structural warranty on [&hellip;]<\/p>\n","protected":false},"author":2,"featured_media":0,"parent":0,"menu_order":0,"comment_status":"closed","ping_status":"closed","template":"content-page.php","meta":{"_acf_changed":false,"footnotes":""},"class_list":["post-573","page","type-page","status-publish","hentry"],"acf":[],"yoast_head":"<!-- This site is optimized with the Yoast SEO Premium plugin v24.2 (Yoast SEO v27.4) - https:\/\/yoast.com\/product\/yoast-seo-premium-wordpress\/ -->\n<title>Warranty Information | Bertolini Direct<\/title>\n<meta name=\"description\" content=\"Review Bertolini\u2019s warranty details, including coverage for frames, foam, and fabrics. Understand what\u2019s protected and for how long.\" \/>\n<meta name=\"robots\" content=\"index, follow, max-snippet:-1, max-image-preview:large, max-video-preview:-1\" \/>\n<link rel=\"canonical\" href=\"https:\/\/bertolinidirect.com\/de\/warranty\/\" \/>\n<meta property=\"og:locale\" content=\"de_DE\" \/>\n<meta property=\"og:type\" content=\"article\" \/>\n<meta property=\"og:title\" content=\"Warranty Information\" \/>\n<meta property=\"og:description\" content=\"Review Bertolini\u2019s warranty details, including coverage for frames, foam, and fabrics. Understand what\u2019s protected and for how long.\" \/>\n<meta property=\"og:url\" content=\"https:\/\/bertolinidirect.com\/de\/warranty\/\" \/>\n<meta property=\"og:site_name\" content=\"Bertolini Direct\" \/>\n<meta property=\"article:modified_time\" content=\"2026-04-20T22:36:24+00:00\" \/>\n<meta name=\"twitter:card\" content=\"summary_large_image\" \/>\n<script type=\"application\/ld+json\" class=\"yoast-schema-graph\">{\"@context\":\"https:\\\/\\\/schema.org\",\"@graph\":[{\"@type\":\"WebPage\",\"@id\":\"https:\\\/\\\/bertolinidirect.com\\\/de\\\/warranty\",\"url\":\"https:\\\/\\\/bertolinidirect.com\\\/de\\\/warranty\",\"name\":\"Warranty Information | Bertolini Direct\",\"isPartOf\":{\"@id\":\"https:\\\/\\\/bertolinidirect.com\\\/de\\\/#website\"},\"datePublished\":\"2024-04-16T23:03:55+00:00\",\"dateModified\":\"2026-04-20T22:36:24+00:00\",\"description\":\"Review Bertolini\u2019s warranty details, including coverage for frames, foam, and fabrics. Understand what\u2019s protected and for how long.\",\"breadcrumb\":{\"@id\":\"https:\\\/\\\/bertolinidirect.com\\\/de\\\/warranty#breadcrumb\"},\"inLanguage\":\"de\",\"potentialAction\":[{\"@type\":\"ReadAction\",\"target\":[\"https:\\\/\\\/bertolinidirect.com\\\/de\\\/warranty\"]}]},{\"@type\":\"BreadcrumbList\",\"@id\":\"https:\\\/\\\/bertolinidirect.com\\\/de\\\/warranty#breadcrumb\",\"itemListElement\":[{\"@type\":\"ListItem\",\"position\":1,\"name\":\"Home\",\"item\":\"https:\\\/\\\/bertolinidirect.com\\\/\"},{\"@type\":\"ListItem\",\"position\":2,\"name\":\"Warranty Information\"}]},{\"@type\":\"WebSite\",\"@id\":\"https:\\\/\\\/bertolinidirect.com\\\/de\\\/#website\",\"url\":\"https:\\\/\\\/bertolinidirect.com\\\/de\\\/\",\"name\":\"Bertolini\",\"description\":\"\",\"potentialAction\":[{\"@type\":\"SearchAction\",\"target\":{\"@type\":\"EntryPoint\",\"urlTemplate\":\"https:\\\/\\\/bertolinidirect.com\\\/de\\\/?s={search_term_string}\"},\"query-input\":{\"@type\":\"PropertyValueSpecification\",\"valueRequired\":true,\"valueName\":\"search_term_string\"}}],\"inLanguage\":\"de\"}]}<\/script>\n<!-- \/ Yoast SEO Premium plugin. -->","yoast_head_json":{"title":"Garantieinformationen | Bertolini Direct","description":"Pr\u00fcfen Sie die Garantiebedingungen von Bertolini, insbesondere die Abdeckung von Gestellen, Schaumstoff und Stoffen. Informieren Sie sich, was genau abgedeckt ist und wie lange die Garantie gilt.","robots":{"index":"index","follow":"follow","max-snippet":"max-snippet:-1","max-image-preview":"max-image-preview:large","max-video-preview":"max-video-preview:-1"},"canonical":"https:\/\/bertolinidirect.com\/de\/warranty\/","og_locale":"de_DE","og_type":"article","og_title":"Warranty Information","og_description":"Review Bertolini\u2019s warranty details, including coverage for frames, foam, and fabrics. Understand what\u2019s protected and for how long.","og_url":"https:\/\/bertolinidirect.com\/de\/warranty\/","og_site_name":"Bertolini Direct","article_modified_time":"2026-04-20T22:36:24+00:00","twitter_card":"summary_large_image","schema":{"@context":"https:\/\/schema.org","@graph":[{"@type":"WebPage","@id":"https:\/\/bertolinidirect.com\/de\/warranty","url":"https:\/\/bertolinidirect.com\/de\/warranty","name":"Garantieinformationen | Bertolini Direct","isPartOf":{"@id":"https:\/\/bertolinidirect.com\/de\/#website"},"datePublished":"2024-04-16T23:03:55+00:00","dateModified":"2026-04-20T22:36:24+00:00","description":"Pr\u00fcfen Sie die Garantiebedingungen von Bertolini, insbesondere die Abdeckung von Gestellen, Schaumstoff und Stoffen. Informieren Sie sich, was genau abgedeckt ist und wie lange die Garantie gilt.","breadcrumb":{"@id":"https:\/\/bertolinidirect.com\/de\/warranty#breadcrumb"},"inLanguage":"de","potentialAction":[{"@type":"ReadAction","target":["https:\/\/bertolinidirect.com\/de\/warranty"]}]},{"@type":"BreadcrumbList","@id":"https:\/\/bertolinidirect.com\/de\/warranty#breadcrumb","itemListElement":[{"@type":"ListItem","position":1,"name":"Home","item":"https:\/\/bertolinidirect.com\/"},{"@type":"ListItem","position":2,"name":"Warranty Information"}]},{"@type":"WebSite","@id":"https:\/\/bertolinidirect.com\/de\/#website","url":"https:\/\/bertolinidirect.com\/de\/","name":"Bertolini","description":"","potentialAction":[{"@type":"SearchAction","target":{"@type":"EntryPoint","urlTemplate":"https:\/\/bertolinidirect.com\/de\/?s={search_term_string}"},"query-input":{"@type":"PropertyValueSpecification","valueRequired":true,"valueName":"search_term_string"}}],"inLanguage":"de"}]}},"_links":{"self":[{"href":"https:\/\/bertolinidirect.com\/de\/wp-json\/wp\/v2\/pages\/573","targetHints":{"allow":["GET"]}}],"collection":[{"href":"https:\/\/bertolinidirect.com\/de\/wp-json\/wp\/v2\/pages"}],"about":[{"href":"https:\/\/bertolinidirect.com\/de\/wp-json\/wp\/v2\/types\/page"}],"author":[{"embeddable":true,"href":"https:\/\/bertolinidirect.com\/de\/wp-json\/wp\/v2\/users\/2"}],"replies":[{"embeddable":true,"href":"https:\/\/bertolinidirect.com\/de\/wp-json\/wp\/v2\/comments?post=573"}],"version-history":[{"count":13,"href":"https:\/\/bertolinidirect.com\/de\/wp-json\/wp\/v2\/pages\/573\/revisions"}],"predecessor-version":[{"id":24731,"href":"https:\/\/bertolinidirect.com\/de\/wp-json\/wp\/v2\/pages\/573\/revisions\/24731"}],"wp:attachment":[{"href":"https:\/\/bertolinidirect.com\/de\/wp-json\/wp\/v2\/media?parent=573"}],"curies":[{"name":"wp","href":"https:\/\/api.w.org\/{rel}","templated":true}]}}