{"id":569,"date":"2024-04-16T23:03:16","date_gmt":"2024-04-16T23:03:16","guid":{"rendered":"https:\/\/bertolinidirect.com\/?page_id=569"},"modified":"2024-05-14T17:15:24","modified_gmt":"2024-05-14T17:15:24","slug":"privacy-policy","status":"publish","type":"page","link":"https:\/\/bertolinidirect.com\/de\/privacy-policy","title":{"rendered":"Datenschutzrichtlinie"},"content":{"rendered":"<p>Bertolini, Teil der Markenfamilie MITY Incorporated, verpflichtet sich zum Schutz Ihrer Privatsph\u00e4re. Sie k\u00f6nnen die meisten Seiten auf unseren Websites besuchen, ohne uns Informationen \u00fcber sich selbst oder Ihre Organisation zu geben. Manchmal ben\u00f6tigen wir jedoch Informationen, um die von Ihnen angeforderten Informationen oder Dienste bereitzustellen. Diese Datenschutzrichtlinie erl\u00e4utert die Datenerfassung und -verwendung in diesen Situationen. Bitte lesen Sie die vollst\u00e4ndige Datenschutzrichtlinie von Bertolini\/MITY Inc.<\/p>\n\n\n\n<h2 class=\"wp-block-heading\">Erfassung Ihrer pers\u00f6nlichen oder organisatorischen Daten<\/h2>\n\n\n\n<p>Von Bertolini\/MITY Inc. erfasste pers\u00f6nliche oder organisatorische Informationen beschr\u00e4nken sich h\u00e4ufig auf Telefonnummer, Postanschrift, E-Mail-Adresse, Sprache, Land oder Standort, k\u00f6nnen aber bei Bedarf auch andere Informationen enthalten, um einen Dienst bereitzustellen oder mit den von Ihnen angeforderten Informationen zu antworten.<\/p>\n\n\n\n<p>Bertolini erfasst au\u00dferdem bestimmte Informationen \u00fcber die Computerhardware und -software, die zum Aufrufen unserer Websites verwendet wird. Diese Informationen k\u00f6nnen Folgendes umfassen: Ihre IP-Adresse, Browsertyp, Betriebssystem, Dom\u00e4nenname, Zugriffszeiten und verweisende Website-Adressen. Diese Informationen werden verwendet, um allgemeine Statistiken zur Nutzung unserer Websites bereitzustellen. Bertolini erfasst au\u00dferdem Informationen dar\u00fcber, welche Seiten unsere Kunden innerhalb von Bertolinidirect.com besuchen.<\/p>\n\n\n\n<p>Gelegentlich beauftragen wir andere Unternehmen mit der Erbringung begrenzter Dienstleistungen in unserem Namen, darunter Verpackung, Versand und Auslieferung von Eink\u00e4ufen, Beantwortung von Kundenfragen zu Produkten oder Dienstleistungen, Versand von Postsendungen und Bearbeitung von Veranstaltungsregistrierungen. Wir geben diesen Unternehmen nur die Informationen weiter, die sie zur Erbringung der Dienstleistung ben\u00f6tigen, und es ist ihnen untersagt, diese Informationen f\u00fcr andere Zwecke zu verwenden.<\/p>\n\n\n\n<p>Bertolini kann Ihre pers\u00f6nlichen oder organisatorischen Daten offen legen, wenn dies gesetzlich vorgeschrieben ist oder wenn das Unternehmen im guten Glauben davon ausgeht, dass dies erforderlich ist: (a) um gesetzlichen Vorschriften nachzukommen oder ein gegen Bertolini oder die Website anh\u00e4ngiges Gerichtsverfahren zu befolgen; (b) um die Rechte oder das Eigentum von Bertolini und seinen Websites zu sch\u00fctzen und zu verteidigen oder (c) um in dringenden F\u00e4llen zum Schutz der pers\u00f6nlichen Sicherheit von Bertolini-Mitarbeitern, Benutzern von Bertolini-Produkten oder -Dienstleistungen oder der \u00d6ffentlichkeit zu handeln.<\/p>\n\n\n\n<h2 class=\"wp-block-heading\">Kontrolle \u00fcber Ihre pers\u00f6nlichen oder organisatorischen Daten<\/h2>\n\n\n\n<p>Wenn Sie sich registrieren oder uns auf andere Weise pers\u00f6nliche oder organisatorische Informationen \u00fcbermitteln, wird Bertolini diese Informationen ohne Ihre Zustimmung nicht an Dritte weitergeben, au\u00dfer in den bereits aufgef\u00fchrten begrenzten Ausnahmen. Sie werden nur f\u00fcr die oben genannten Zwecke verwendet.<\/p>\n\n\n\n<h2 class=\"wp-block-heading\">CCPA<\/h2>\n\n\n\n<p>Bertolini respektiert Ihre Privatsph\u00e4re. Ihr Vertrauen ist uns wichtig und wir verpflichten uns, Sie \u00fcber die Informationen zu informieren, die wir von Ihnen oder \u00fcber Sie sammeln. Ab dem 1. Januar 2020 gew\u00e4hrt der California Consumer Privacy Act von 2018 (\u201eCCPA\u201c) den Einwohnern Kaliforniens bestimmte Rechte in Bezug auf ihre pers\u00f6nlichen Daten, einschlie\u00dflich des Rechts, bestimmte Offenlegungen pers\u00f6nlicher Daten abzulehnen.<\/p>\n\n\n\n<p>Die von Bertolini erfassten pers\u00f6nlichen oder organisatorischen Informationen beschr\u00e4nken sich h\u00e4ufig auf Telefonnummer, Postanschrift, E-Mail-Adresse, Sprache, Land oder Standort, k\u00f6nnen aber auch andere Informationen enthalten, wenn diese zur Bereitstellung eines Dienstes oder zur Beantwortung der von Ihnen angeforderten Informationen erforderlich sind. Wir werden Ihre Informationen nicht an Drittunternehmen oder Werbetreibende verkaufen.<\/p>\n\n\n\n<p>Wir verwenden die von uns gesammelten Informationen f\u00fcr den Kundensupport, Marketingma\u00dfnahmen, Umfragen, Analysen und Recherchen sowie andere Werbeaktivit\u00e4ten.<\/p>\n\n\n\n<p>Um sich abzumelden und\/oder die gesammelten Daten zu l\u00f6schen, besuchen Sie bitte unsere <a href=\"\/de\/contact\/\">Kontaktseite<\/a> und senden Sie eine Anfrage oder senden Sie uns eine E-Mail an support@bertolinidirect.com.<\/p>\n\n\n\n<h2 class=\"wp-block-heading\">Verwendung von Cookies<\/h2>\n\n\n\n<p>Wenn jemand die Website besucht, wird ein Cookie auf dem Computer des Kunden abgelegt (sofern der Kunde Cookies akzeptiert) oder gelesen, wenn der Kunde die Website zuvor schon einmal besucht hat. Cookies werden unter anderem dazu verwendet, die oben beschriebenen Statistiken zu Websitebesuchen zu erfassen.<\/p>\n\n\n\n<p>Wir verwenden Cookies auch, um Informationen dar\u00fcber zu sammeln, auf welche Links Benutzer klicken. Diese Informationen werden verwendet, um sicherzustellen, dass wir den Kunden die gew\u00fcnschten Informationen bereitstellen. Sie werden in aggregierter Form gesammelt und niemals mit Ihren pers\u00f6nlichen oder organisatorischen Informationen verkn\u00fcpft.<\/p>\n\n\n\n<p>Wenn Sie Ihren Browser so einstellen, dass er keine Cookies von den Websites von Bertolini oder MITY Inc. akzeptiert, k\u00f6nnen Sie zwar den Text auf den Bildschirmen anzeigen und Anfragen stellen, Ihr Besuch wird jedoch nicht personalisiert.<\/p>\n\n\n\n<h2 class=\"wp-block-heading\">Opt-Out-Richtlinie und -Verfahren<\/h2>\n\n\n\n<p>Bertolini bietet drei M\u00f6glichkeiten, unerw\u00fcnschte Kontaktaufnahmen abzulehnen. 1) Senden Sie Ihre Anfrage per E-Mail an Bertolini unter support@bertolinidirect.com. 2) Rufen Sie 1-800-647-7755 an und bitten Sie darum, mit Ihrem Kundendienstmitarbeiter zu sprechen. 3) Senden Sie Ihre Anfrage per Post an Bertolini, wie unten in dieser Erkl\u00e4rung beschrieben.<\/p>\n\n\n\n<p>Unsere Systeme ben\u00f6tigen Zeit zum Aktualisieren und Werbemailings mit Ihren Daten vor Ihrem Opt-out sind m\u00f6glicherweise bereits in Bearbeitung. Daher erhalten Sie m\u00f6glicherweise bis zu neunzig (90) Tage lang weiterhin Werbematerialien von Bertolini auf der Grundlage der Daten, die Sie im Rahmen dieser Datenschutzrichtlinie bereitgestellt haben. Aus \u00e4hnlichen Gr\u00fcnden k\u00f6nnen Ihre pers\u00f6nlichen Daten bis zu neunzig (90) Tage lang weiterhin zu Werbezwecken an Dritte weitergegeben werden.<\/p>\n\n\n\n<h2 class=\"wp-block-heading\">\u00c4nderungen dieser Erkl\u00e4rung<\/h2>\n\n\n\n<p>Bertolini, das zu den Marken von MITY Inc geh\u00f6rt, wird diese Datenschutzrichtlinie gelegentlich aktualisieren. Wenn wir dies tun, werden wir auch das Datum der \u201eletzten Aktualisierung\u201c am Ende der Datenschutzrichtlinie \u00fcberarbeiten.<\/p>\n\n\n\n<h2 class=\"wp-block-heading\">Kontaktinformationen<\/h2>\n\n\n\n<p>Bertolini (eine Abteilung von MITY Incorporated) freut sich \u00fcber Ihre Kommentare zu dieser Datenschutzerkl\u00e4rung. Bitte kontaktieren Sie uns per E-Mail oder Post.<\/p>\n\n\n\n<p>MITY Inc. Marketingabteilung<br>1301 West 400 North Orem, UT 84057<\/p>\n\n\n\n<p>Dieses Dokument wurde zuletzt am 17. April 2024 \u00fcberpr\u00fcft.<\/p>","protected":false},"excerpt":{"rendered":"<p>Bertolini, which is part of the MITY Incorporated family of brands, is committed to protecting your privacy. You can visit most pages on our sites without giving us any information about yourself or your organization. But sometimes we do need information to provide information or services that you request, and this privacy statement explains data [&hellip;]<\/p>\n","protected":false},"author":2,"featured_media":0,"parent":0,"menu_order":0,"comment_status":"closed","ping_status":"closed","template":"content-page.php","meta":{"_acf_changed":false,"footnotes":""},"class_list":["post-569","page","type-page","status-publish","hentry"],"acf":[],"yoast_head":"<!-- This site is optimized with the Yoast SEO Premium plugin v24.2 (Yoast SEO v27.1.1) - https:\/\/yoast.com\/product\/yoast-seo-premium-wordpress\/ -->\n<title>Privacy Policy | Bertolini Direct<\/title>\n<meta name=\"description\" content=\"Bertolini, which is part of the MITY Incorporated family of brands, is committed to protecting your privacy. You can visit most pages on our sites without\" \/>\n<meta name=\"robots\" content=\"index, follow, max-snippet:-1, max-image-preview:large, max-video-preview:-1\" \/>\n<link rel=\"canonical\" href=\"https:\/\/bertolinidirect.com\/de\/privacy-policy\/\" \/>\n<meta property=\"og:locale\" content=\"de_DE\" \/>\n<meta property=\"og:type\" content=\"article\" \/>\n<meta property=\"og:title\" content=\"Privacy Policy\" \/>\n<meta property=\"og:description\" content=\"Bertolini, which is part of the MITY Incorporated family of brands, is committed to protecting your privacy. You can visit most pages on our sites without\" \/>\n<meta property=\"og:url\" content=\"https:\/\/bertolinidirect.com\/de\/privacy-policy\/\" \/>\n<meta property=\"og:site_name\" content=\"Bertolini Direct\" \/>\n<meta property=\"article:modified_time\" content=\"2024-05-14T17:15:24+00:00\" \/>\n<meta name=\"twitter:card\" content=\"summary_large_image\" \/>\n<script type=\"application\/ld+json\" class=\"yoast-schema-graph\">{\"@context\":\"https:\/\/schema.org\",\"@graph\":[{\"@type\":\"WebPage\",\"@id\":\"https:\/\/bertolinidirect.com\/de\/privacy-policy\",\"url\":\"https:\/\/bertolinidirect.com\/de\/privacy-policy\",\"name\":\"Privacy Policy | Bertolini Direct\",\"isPartOf\":{\"@id\":\"https:\/\/bertolinidirect.com\/de\/#website\"},\"datePublished\":\"2024-04-16T23:03:16+00:00\",\"dateModified\":\"2024-05-14T17:15:24+00:00\",\"description\":\"Bertolini, which is part of the MITY Incorporated family of brands, is committed to protecting your privacy. You can visit most pages on our sites without\",\"breadcrumb\":{\"@id\":\"https:\/\/bertolinidirect.com\/de\/privacy-policy#breadcrumb\"},\"inLanguage\":\"de\",\"potentialAction\":[{\"@type\":\"ReadAction\",\"target\":[\"https:\/\/bertolinidirect.com\/de\/privacy-policy\"]}]},{\"@type\":\"BreadcrumbList\",\"@id\":\"https:\/\/bertolinidirect.com\/de\/privacy-policy#breadcrumb\",\"itemListElement\":[{\"@type\":\"ListItem\",\"position\":1,\"name\":\"Home\",\"item\":\"https:\/\/bertolinidirect.com\/\"},{\"@type\":\"ListItem\",\"position\":2,\"name\":\"Privacy Policy\"}]},{\"@type\":\"WebSite\",\"@id\":\"https:\/\/bertolinidirect.com\/de\/#website\",\"url\":\"https:\/\/bertolinidirect.com\/de\/\",\"name\":\"Bertolini\",\"description\":\"\",\"potentialAction\":[{\"@type\":\"SearchAction\",\"target\":{\"@type\":\"EntryPoint\",\"urlTemplate\":\"https:\/\/bertolinidirect.com\/de\/?s={search_term_string}\"},\"query-input\":{\"@type\":\"PropertyValueSpecification\",\"valueRequired\":true,\"valueName\":\"search_term_string\"}}],\"inLanguage\":\"de\"}]}<\/script>\n<!-- \/ Yoast SEO Premium plugin. -->","yoast_head_json":{"title":"Datenschutzrichtlinie | Bertolini Direct","description":"Bertolini, das zur Markenfamilie MITY Incorporated geh\u00f6rt, verpflichtet sich, Ihre Privatsph\u00e4re zu sch\u00fctzen. Sie k\u00f6nnen die meisten Seiten auf unseren Websites besuchen, ohne","robots":{"index":"index","follow":"follow","max-snippet":"max-snippet:-1","max-image-preview":"max-image-preview:large","max-video-preview":"max-video-preview:-1"},"canonical":"https:\/\/bertolinidirect.com\/de\/privacy-policy\/","og_locale":"de_DE","og_type":"article","og_title":"Privacy Policy","og_description":"Bertolini, which is part of the MITY Incorporated family of brands, is committed to protecting your privacy. You can visit most pages on our sites without","og_url":"https:\/\/bertolinidirect.com\/de\/privacy-policy\/","og_site_name":"Bertolini Direct","article_modified_time":"2024-05-14T17:15:24+00:00","twitter_card":"summary_large_image","schema":{"@context":"https:\/\/schema.org","@graph":[{"@type":"WebPage","@id":"https:\/\/bertolinidirect.com\/de\/privacy-policy","url":"https:\/\/bertolinidirect.com\/de\/privacy-policy","name":"Datenschutzrichtlinie | Bertolini Direct","isPartOf":{"@id":"https:\/\/bertolinidirect.com\/de\/#website"},"datePublished":"2024-04-16T23:03:16+00:00","dateModified":"2024-05-14T17:15:24+00:00","description":"Bertolini, das zur Markenfamilie MITY Incorporated geh\u00f6rt, verpflichtet sich, Ihre Privatsph\u00e4re zu sch\u00fctzen. Sie k\u00f6nnen die meisten Seiten auf unseren Websites besuchen, ohne","breadcrumb":{"@id":"https:\/\/bertolinidirect.com\/de\/privacy-policy#breadcrumb"},"inLanguage":"de","potentialAction":[{"@type":"ReadAction","target":["https:\/\/bertolinidirect.com\/de\/privacy-policy"]}]},{"@type":"BreadcrumbList","@id":"https:\/\/bertolinidirect.com\/de\/privacy-policy#breadcrumb","itemListElement":[{"@type":"ListItem","position":1,"name":"Home","item":"https:\/\/bertolinidirect.com\/"},{"@type":"ListItem","position":2,"name":"Privacy Policy"}]},{"@type":"WebSite","@id":"https:\/\/bertolinidirect.com\/de\/#website","url":"https:\/\/bertolinidirect.com\/de\/","name":"Bertolini","description":"","potentialAction":[{"@type":"SearchAction","target":{"@type":"EntryPoint","urlTemplate":"https:\/\/bertolinidirect.com\/de\/?s={search_term_string}"},"query-input":{"@type":"PropertyValueSpecification","valueRequired":true,"valueName":"search_term_string"}}],"inLanguage":"de"}]}},"_links":{"self":[{"href":"https:\/\/bertolinidirect.com\/de\/wp-json\/wp\/v2\/pages\/569","targetHints":{"allow":["GET"]}}],"collection":[{"href":"https:\/\/bertolinidirect.com\/de\/wp-json\/wp\/v2\/pages"}],"about":[{"href":"https:\/\/bertolinidirect.com\/de\/wp-json\/wp\/v2\/types\/page"}],"author":[{"embeddable":true,"href":"https:\/\/bertolinidirect.com\/de\/wp-json\/wp\/v2\/users\/2"}],"replies":[{"embeddable":true,"href":"https:\/\/bertolinidirect.com\/de\/wp-json\/wp\/v2\/comments?post=569"}],"version-history":[{"count":2,"href":"https:\/\/bertolinidirect.com\/de\/wp-json\/wp\/v2\/pages\/569\/revisions"}],"predecessor-version":[{"id":745,"href":"https:\/\/bertolinidirect.com\/de\/wp-json\/wp\/v2\/pages\/569\/revisions\/745"}],"wp:attachment":[{"href":"https:\/\/bertolinidirect.com\/de\/wp-json\/wp\/v2\/media?parent=569"}],"curies":[{"name":"wp","href":"https:\/\/api.w.org\/{rel}","templated":true}]}}