{"id":561,"date":"2024-04-16T23:01:26","date_gmt":"2024-04-16T23:01:26","guid":{"rendered":"https:\/\/bertolinidirect.com\/?page_id=561"},"modified":"2024-05-14T17:15:55","modified_gmt":"2024-05-14T17:15:55","slug":"terms-conditions","status":"publish","type":"page","link":"https:\/\/bertolinidirect.com\/de\/terms-conditions","title":{"rendered":"Terms &amp; amp; Bedingungen"},"content":{"rendered":"<p>Bitte lesen Sie unten unsere Allgemeinen Gesch\u00e4ftsbedingungen:<\/p>\n\n\n\n<h2 class=\"wp-block-heading\">Produktpreisangebote:<\/h2>\n\n\n\n<p>Angebotene Preise sind 30 Tage lang g\u00fcltig (sofern im Angebot nicht anders angegeben) und m\u00fcssen schriftlich erfolgen. Die Bertolini-Muttergesellschaft MITY Inc. (im Folgenden Bertolini genannt) hat jedoch das Recht, das Angebot oder den angegebenen Preis jederzeit zu stornieren, zur\u00fcckzuziehen, zu widerrufen, aufzuheben, zu annullieren oder f\u00fcr ung\u00fcltig zu erkl\u00e4ren. Gedruckte Preise (wie in Preislisten, Katalogen, ausgenommen Angebote) k\u00f6nnen ohne Vorank\u00fcndigung ge\u00e4ndert werden.<\/p>\n\n\n\n<h2 class=\"wp-block-heading\">Auftragserteilung\/Angebots\u00fcberpr\u00fcfung:<\/h2>\n\n\n\n<p>Bestellungen werden nur angenommen, wenn ihnen folgende Unterlagen beiliegen: 1) eine von einem befugten Vertreter der Organisation unterzeichnete Kopie des Angebots; 2) die Anzahlung gem\u00e4\u00df den auf dem unterzeichneten Angebot angegebenen Bedingungen; 3) eine von einem befugten Vertreter der Organisation unterzeichnete Kopie dieser Allgemeinen Gesch\u00e4ftsbedingungen, mit der best\u00e4tigt wird, dass diese gelesen und akzeptiert wurden.<\/p>\n\n\n\n<p>Das Angebot ist nur zu den in diesen Gesch\u00e4ftsbedingungen festgelegten Bedingungen g\u00fcltig. Alle \u00c4nderungen der Kontakt- oder Lieferinformationen, des Modells, der Menge, der Verarbeitung, des Stoffes oder der Optionen m\u00fcssen im Angebot vermerkt werden und gelten als Gegenangebot Ihrerseits, das Bertolini annehmen kann. Es wird ein neues Angebot erstellt, das die \u00c4nderungen widerspiegelt und alle vorherigen Angebote oder Bestellungen ersetzt. Alle Bedingungen in Ihrer Bestellung, die nicht mit den Bedingungen des Angebots und diesen Gesch\u00e4ftsbedingungen \u00fcbereinstimmen, werden nicht Vertragsbestandteil.<\/p>\n\n\n\n<p>Bestellungen sind nach ihrer Annahme nicht mehr stornierbar und nicht mehr verhandelbar. Alle Kreditauftr\u00e4ge unterliegen vor ihrer Annahme einer Kreditgenehmigung. Das Angebot und die Gesch\u00e4ftsbedingungen von Bertolini ersetzen alle Bedingungen in einer Bestellung. Dieser Vertrag kann nur schriftlich und mit der Unterschrift befugter Vertreter aller Parteien ge\u00e4ndert, erg\u00e4nzt oder widerrufen werden.<\/p>\n\n\n\n<p>Die in allen Bertolini-St\u00fchlen verwendeten Komponenten sind speziell auf die Einhaltung der Brandschutzvorschriften CAL-117 oder CAL-117-2013 ausgelegt. Es liegt in der Verantwortung des Kunden, diese Produkte gem\u00e4\u00df den \u00f6rtlichen und staatlichen Vorschriften und Bestimmungen zu verwenden und zu lagern und Bertolini Inc. vor Erhalt und Unterzeichnung eines Angebots \u00fcber genehmigte \u00f6rtliche und staatliche Vorschriften und Bestimmungen zu informieren.<\/p>\n\n\n\n<h2 class=\"wp-block-heading\">Auftragsbest\u00e4tigungen:<\/h2>\n\n\n\n<p>Nach Annahme einer Bestellung wird eine Best\u00e4tigung mit dem voraussichtlichen Versanddatum des Herstellers gesendet. Kunden sind daf\u00fcr verantwortlich, alle Bestellspezifikationen und Versanddaten zu lesen und zu best\u00e4tigen.<\/p>\n\n\n\n<h2 class=\"wp-block-heading\">Bestellbedingungen, Anzahlungen, Befreiungen<\/h2>\n\n\n\n<p>Die Standardzahlungsbedingungen sind 50% Vorauszahlung mit Net30 f\u00fcr den Restbetrag, 50% f\u00e4llig vor der Produktion der Bestellung, sofern im Angebot nichts anderes angegeben ist. Vorauszahlungsanforderungen k\u00f6nnen nach Abschluss der Kreditpr\u00fcfung h\u00f6her als 50% festgelegt werden.<\/p>\n\n\n\n<p>Sonderkonditionen m\u00fcssen vorab genehmigt und auf dem unterzeichneten Angebot angegeben werden. Es liegt in der vollen Verantwortung des K\u00e4ufers, sicherzustellen, dass alle Umsatz- und Verbrauchssteuern im Zusammenhang mit dieser Bestellung, sofern zutreffend, vollst\u00e4ndig bezahlt werden. Sollte Bertolini zu irgendeinem Zeitpunkt in der Zukunft Umsatzsteuer im Namen des K\u00e4ufers zahlen m\u00fcssen, ist der K\u00e4ufer verpflichtet, Bertolini die gezahlte Steuer zur\u00fcckzuzahlen. Kunden mit Bestellungen, die von der Umsatzsteuer befreit sind, m\u00fcssen ein Formular \u201eWiederverkaufszertifikat\u201c oder \u201eBefreiung von Umsatz- und Verbrauchssteuer\u201c oder ein gleichwertiges Dokument ausf\u00fcllen und mit dem Angebot zur\u00fccksenden. Alle Einzahlungsschecks m\u00fcssen die Telefonnummer aus dem unterzeichneten Angebot im Notizbereich des Schecks enthalten, um eine ordnungsgem\u00e4\u00dfe Gutschrift auf Ihrem Konto zu gew\u00e4hrleisten. Andernfalls kann sich die Lieferung Ihrer Bestellung verz\u00f6gern. Die R\u00fcckzahlung von NSFs erfordert einen beglaubigten Scheck oder Bankscheck. Bestellungen mit NSF sind nicht per Nachnahme m\u00f6glich und m\u00fcssen vor dem Versand vollst\u00e4ndig bezahlt werden. Alle Zahlungen m\u00fcssen ausschlie\u00dflich in US-Dollar erfolgen und von einer US-Bank oder Kreditgenossenschaft ausgestellt werden.<\/p>\n\n\n\n<h2 class=\"wp-block-heading\">Die Bestellung \u00e4ndern:<\/h2>\n\n\n\n<p>Alle \u00c4nderungen (\u00c4nderungsauftr\u00e4ge) m\u00fcssen schriftlich eingereicht werden und unterliegen der Genehmigung von Bertolini. Bei \u00c4nderungen der Modellnummern, des Stoffes oder jeglicher Optionen bei einer Bestellung wird eine Verwaltungsgeb\u00fchr von $150,00 pro Verkaufsauftrag erhoben. Bei einer Verringerung der Anzahl der St\u00fchle oder einer \u00c4nderung des Stoffes m\u00fcssen die Kunden alle f\u00fcr den Auftrag bestellten Stoffe kaufen. Sobald eine Bestellung zur Produktion \u00fcbermittelt wurde, k\u00f6nnen keine \u00c4nderungen mehr daran vorgenommen werden.<\/p>\n\n\n\n<h2 class=\"wp-block-heading\">Stornierungsbedingungen:<\/h2>\n\n\n\n<p>Im Allgemeinen werden St\u00fchle nach den Vorgaben des Kunden in Bezug auf Stofffarbe und Optionen gebaut. Dies macht es schwierig, den Stuhl an andere zu verkaufen. Wenn eine Bestellung vom Kunden storniert werden muss, ist der Kunde daher 100% f\u00fcr den Dollarbetrag der Bestellung einschlie\u00dflich aller angefallenen Frachtkosten verantwortlich. F\u00fcr den Fall, dass der gekaufte Stuhl auf Lager war und bereits gebaut wurde und der Kunde seine Bestellung stornieren muss, wird dem Kunden eine 20% Wiedereinlagerungsgeb\u00fchr zus\u00e4tzlich zu allen Frachtkosten einschlie\u00dflich der R\u00fcckfracht zum Versandort in Rechnung gestellt. St\u00fchle m\u00fcssen in ihrer Originalverpackung sein, um im Bertolini-Werk angenommen zu werden.<\/p>\n\n\n\n<h2 class=\"wp-block-heading\">\u00dcberf\u00e4llige Zahlungen:<\/h2>\n\n\n\n<p>F\u00fcr nicht innerhalb der vereinbarten Frist gezahlte Betr\u00e4ge werden Finanzierungsgeb\u00fchren in H\u00f6he von 21 TP3T pro Monat (241 TP3T effektiver Jahreszins) erhoben. Wenn aufgrund der Nichtzahlung eine externe Agentur oder ein Anwalt die f\u00e4lligen Betr\u00e4ge eintreiben muss, tr\u00e4gt der Kunde alle dabei anfallenden Einziehungskosten, einschlie\u00dflich der Anwaltskosten. Bis zur vollst\u00e4ndigen Bezahlung bleiben alle Produkte Eigentum von Bertolini und k\u00f6nnen nach Belieben eingefordert werden. Bei Nichtzahlung der gesamten Rechnung erl\u00f6schen s\u00e4mtliche Produktgarantien und Haftungen von Bertolini.<\/p>\n\n\n\n<h2 class=\"wp-block-heading\">Nachbestellungen:<\/h2>\n\n\n\n<p>Falls die Fabrik, in der Ihr Stoff hergestellt wurde, einen Stoff nicht mehr herstellt oder das Unternehmen nicht mehr existiert, wird Bertolini versuchen, Ihnen eine Auswahl an Stoffalternativen anzubieten, deren Preis so nah wie m\u00f6glich an Ihrem urspr\u00fcnglichen Kaufpreis liegt. Bitte beachten Sie bei einer Neubestellung auch, dass Ihr neuer Stoff und die neue Oberfl\u00e4che, obwohl sie gleich sind, m\u00f6glicherweise nicht genau mit Ihrem urspr\u00fcnglichen Kauf \u00fcbereinstimmen. Stoffe verblassen im Laufe der Lebensdauer eines Stuhls auf nat\u00fcrliche Weise durch Abnutzung, UV-Strahlung usw., w\u00e4hrend Oberfl\u00e4chen mit der Zeit oxidieren. Jegliche Verbesserungen des Stoffes aufgrund dieser \u00c4nderung liegen in der Verantwortung des K\u00e4ufers.<\/p>\n\n\n\n<h2 class=\"wp-block-heading\">Sonderbestellungen:<\/h2>\n\n\n\n<p>Bertolini \u00fcberpr\u00fcft alle Anfragen nach spezifischen \u00c4nderungen und\/oder Sonderfunktionen unserer aktuellen Produkte. Der \u00dcberpr\u00fcfungsprozess wird von Bertolini durchgef\u00fchrt. Wenn die Anfrage angenommen wird, wird der Kunde \u00fcber die f\u00fcr die Bestellung anfallenden Konstruktionskosten, Werkzeugkosten oder Einrichtungskosten informiert.<\/p>\n\n\n\n<h2 class=\"wp-block-heading\">Versand und Entladung:<\/h2>\n\n\n\n<p>St\u00fchle werden normalerweise versandt, verpackt und 10\u201312 St\u00fchle hoch gestapelt. Kunden m\u00fcssen \u00fcber Handkarren und ausreichend Personal verf\u00fcgen, um die St\u00fchle abzuladen und in ihre Einrichtung zu bringen.<\/p>\n\n\n\n<h2 class=\"wp-block-heading\">Erste Artikel:<\/h2>\n\n\n\n<p>Ein Musterstuhl ist NICHT das erste Produkt. Ein Muster stellt in keiner Weise eine Garantie oder Zusage in Bezug auf verkaufte Waren dar. Bertolinis Forschungs- und Entwicklungsteam verbessert st\u00e4ndig die Qualit\u00e4t seiner Produkte und beh\u00e4lt sich das Recht vor, ohne Vorank\u00fcndigung fortlaufende Fertigungsverbesserungen vorzunehmen. Weitere Einzelheiten zur Bertolini-Garantie finden Sie unter bertolini.com\/warranty<\/p>\n\n\n\n<p>Kunden, die den ersten Artikel ben\u00f6tigen, k\u00f6nnen diesen bei Bertolini anfordern. Angeforderte erste Artikel werden zu einem Preis von $100 pro COM (KUNDENEIGENES MATERIAL) versandt. COM-Bestellungen werden erst nach Genehmigung einer ein Yard langen Probe des Kundenstoffs angenommen (Musterrichtung muss angegeben werden). Nach Genehmigung wird auf Bestellungen je nach Stoff ein Rabatt von bis zu $3,00 pro Stuhl gew\u00e4hrt, und Ihr Fabrikvertreter wird Sie anrufen und die zur Ausf\u00fchrung der Bestellung erforderliche Yardzahl erfragen.<\/p>\n\n\n\n<h2 class=\"wp-block-heading\">Lieferzeiten &amp; Liefertermine:<\/h2>\n\n\n\n<p>Bertolini hat eine lange Erfolgsgeschichte bei der Einhaltung von Kundenterminen. Liefertermine sind Sch\u00e4tzungen und nur dann genaue Prognosen, wenn eine Bestellung innerhalb von 48 Stunden nach der angegebenen Lieferzeit aufgegeben wird. EIN VORHERGESEHENER LIEFERTERMIN STELLT KEINE GARANTIE SEITENS BERTOLINI DAR. Alle \u00c4nderungsauftr\u00e4ge wirken sich auf Liefertermine aus. Bertolini haftet nicht f\u00fcr Sch\u00e4den, Kosten, Ausgaben, Schulden oder Verpflichtungen, die durch Lieferungen nach Ablauf der Lieferzeiten oder Liefertermine entstehen, noch ist Bertolini in irgendeiner Weise verpflichtet, f\u00fcr etwas zu entsch\u00e4digen, zu entsch\u00e4digen, zur\u00fcckzuerstatten oder zu zahlen, das durch Lieferungen nach Ablauf der Lieferzeiten oder Liefertermine entstanden, erlitten oder erlitten wurde.<\/p>\n\n\n\n<h2 class=\"wp-block-heading\">Priorit\u00e4ts-\/Eilbestellungen:<\/h2>\n\n\n\n<p>Alle Bestellungen, die einen bestimmten Liefertermin erfordern, gelten als vorrangig\/eilig. F\u00fcr vorrangige\/eilige Bestellungen wird ein Mindestbetrag von $250 oder eine Geb\u00fchr von $1,75 pro Stuhl erhoben \u2013 je nachdem, welcher Betrag h\u00f6her ist. Bertolini wird alle Anstrengungen unternehmen, um die Fristen f\u00fcr vorrangige\/eilige Bestellungen einzuhalten. F\u00fcr Bestellungen, die nicht innerhalb der angegebenen Fristen abgeschlossen werden, werden die oben genannten Geb\u00fchren zur\u00fcckerstattet.<\/p>\n\n\n\n<h2 class=\"wp-block-heading\">Frachtf\u00fchrer, Schadensersatzanspr\u00fcche:<\/h2>\n\n\n\n<p>Alle Inlandsbestellungen erfolgen FOB Bertolini Factory. Bertolini w\u00e4hlt im Namen seiner Kunden sorgf\u00e4ltig unabh\u00e4ngige Frachtf\u00fchrer aus und schlie\u00dft Vertr\u00e4ge mit ihnen ab. Schadensersatzanspr\u00fcche aufgrund des Transports m\u00fcssen auf dem \u201eLadeschein\u201c detailliert (einschlie\u00dflich Menge) aufgef\u00fchrt werden. Probleme m\u00fcssen Bertolini innerhalb von 10 Arbeitstagen gemeldet werden. Bertolini ist nicht f\u00fcr die Ma\u00dfnahmen oder den Servicegrad dieser Spediteure verantwortlich. Internationale Kunden sind auf Kosten der Kunden f\u00fcr die Versandkosten und -vereinbarungen verantwortlich.<\/p>\n\n\n\n<h2 class=\"wp-block-heading\">Verz\u00f6gerter Versand an den Kunden:<\/h2>\n\n\n\n<p>Bertolini ist nicht f\u00fcr die Lagerung oder Aufbewahrung von Lieferungen verantwortlich. Alle Bestellungen werden versandt, sobald sie fertig sind. Wenn Kunden ihre Bestellung noch nicht annehmen k\u00f6nnen, liegt es in der Verantwortung des Kunden, die St\u00fchle zu lagern. Bestellungen, die entweder \u201eDrittanbieter\u201c oder \u201eSelbstabholer\u201c sind, m\u00fcssen innerhalb von drei Werktagen abgeholt werden. Bertolini wird St\u00fchle an einen anderen Lagerort versenden, wenn dies rechtzeitig angek\u00fcndigt wird (die anfallenden Kosten werden dem Kunden in Rechnung gestellt). F\u00fcr den Fall, dass der Kunde verlangt, dass Bertolini St\u00fchle f\u00fcr einen Zeitraum von mehr als drei Werktagen lagert, beh\u00e4lt sich Bertolini das Recht vor, die Lagergeb\u00fchren zu erheben und diese Lagergeb\u00fchren der Endrechnung hinzuzuf\u00fcgen. Die Lagergeb\u00fchren betragen mindestens $100 pro Monat oder $1,00 pro Stuhl pro Monat \u2013 je nachdem, welcher Betrag h\u00f6her ist. F\u00fcr den Kundendienst rufen Sie die Kirchenverkaufsabteilung von MITY Inc. (der Muttergesellschaft von Bertolini) unter 800-738-0113 von Montag bis Freitag zwischen 7:00 Uhr und 16:00 Uhr Pacific Standard Time an.<\/p>\n\n\n\n<h2 class=\"wp-block-heading\">Abgelehnte oder zur\u00fcckgesandte Sendungen:<\/h2>\n\n\n\n<p>Die Verweigerung der Annahme von Produkten durch einen Spediteur entbindet den K\u00e4ufer nicht von seiner Zahlungspflicht. Die endg\u00fcltige Zahlung muss vor dem Versand erfolgen. Wenn die Lieferung eines Produkts verweigert wird, wird die Sendung an den Kunden zur\u00fcckgesandt und der Kunde ist f\u00fcr alle Lagergeb\u00fchren und alle zus\u00e4tzlichen Frachtkosten verantwortlich, die durch die R\u00fccksendung entstehen. Die endg\u00fcltige Lieferung erfolgt erst, wenn das Konto des Kunden vollst\u00e4ndig per beglaubigtem Scheck, Bankscheck oder \u00dcberweisung bezahlt wurde.<\/p>\n\n\n\n<h2 class=\"wp-block-heading\">Defekte Produkte:<\/h2>\n\n\n\n<p>Wenn die erhaltenen Produkte defekt sind und ein Nachnahmesaldo besteht, zahlen Sie bitte den gesamten Nachnahmebetrag bei der Lieferung. Der Kunde muss auf dem Frachtbrief etwaige Sch\u00e4den an der Sendung vermerken und das Problem Bertolini innerhalb von 10 Werktagen melden. Die meisten F\u00e4lle k\u00f6nnen innerhalb von 2 Wochen gel\u00f6st werden. Bertolini ist nicht verantwortlich f\u00fcr Sch\u00e4den, die bei der Bef\u00f6rderung von Abrufbestellungen und durch Dritttransportunternehmen entstehen.<\/p>\n\n\n\n<p>PRODUKTGARANTIE: GARANTIEAUSSCHLUSS: DIE VORSTEHENDEN GARANTIEN GELTEN ANSTELLE ALLER ANDEREN AUSDR\u00dcCKLICHEN ODER STILLSCHWEIGENDEN GARANTIEN, EINSCHLIESSLICH DER STILLSCHWEIGENDEN GARANTIEN DER MARKTG\u00c4NGIGKEIT UND EIGNUNG F\u00dcR EINEN BESTIMMTEN ZWECK.<\/p>\n\n\n\n<p><strong>GARANTIE: St\u00fchle der Serien Impressions, Millennia und Essential:<\/strong><\/p>\n\n\n\n<p>Besuchen<a href=\"http:\/\/bertlinidirect.com\/warranty\">bertlinidirect.com\/garantie<\/a>f\u00fcr mehr Informationen<\/p>\n\n\n\n<p><strong>Alle anderen von Bertolini hergestellten St\u00fchle, die in diesem Angebot aufgef\u00fchrt sind:<\/strong><\/p>\n\n\n\n<p>F\u00fcr alle anderen St\u00fchle und Produkte von Bertolini gilt eine Garantie. Weitere Informationen finden Sie unter<a href=\"http:\/\/bertlinidirect.com\/warranty\">bertolinidirect.com\/garantie<\/a><\/p>\n\n\n\n<p><strong>Nicht abgedeckte tragbare Komponenten:<\/strong><\/p>\n\n\n\n<p>Zu den Verschlei\u00dfteilen, die nicht von der \u201ebegrenzten lebenslangen Garantie\u201c abgedeckt sind, z\u00e4hlen Polster und Polsterbehandlungen wie N\u00e4hte, Rahmenoberfl\u00e4chen einschlie\u00dflich Abriebspuren und der Sitzschaum, wenn er verschmutzt ist oder im Freien verwendet wird.<\/p>\n\n\n\n<p><strong>Abdeckung tragbarer Komponenten:<\/strong><\/p>\n\n\n\n<p>Erfahren Sie mehr \u00fcber die Garantie f\u00fcr Polsterung, Gestelloberfl\u00e4che, Sitzschaum und Ersatzteile unter<a href=\"http:\/\/bertlinidirect.com\/warranty\">bertolinidirect.com\/garantie<\/a>.<\/p>\n\n\n\n<p><strong>Garantiebeschr\u00e4nkungen f\u00fcr St\u00fchle, die au\u00dferhalb der kontinentalen Vereinigten Staaten geliefert werden:<\/strong><\/p>\n\n\n\n<p>F\u00fcr weitere Einzelheiten besuchen Sie bitte<a href=\"http:\/\/bertlinidirect.com\/warranty\">bertlinidirect.com\/garantie<\/a>.<\/p>\n\n\n\n<p>Diese Vereinbarung darf nicht zugunsten oder gegen eine der Vertragsparteien ausgelegt werden. Wenn eine der Bestimmungen, Vereinbarungen oder Bedingungen dieser Vereinbarung von einem zust\u00e4ndigen Gericht f\u00fcr ung\u00fcltig, nichtig oder nicht durchsetzbar befunden wird, bleiben die \u00fcbrigen Bestimmungen dieser Vereinbarung in vollem Umfang in Kraft und werden in keiner Weise davon betroffen, beeintr\u00e4chtigt oder ung\u00fcltig gemacht. Im Falle einer solchen Feststellung vereinbaren die Parteien, in gutem Glauben zu verhandeln, um diese Vereinbarung so zu \u00e4ndern, dass sie der urspr\u00fcnglichen Absicht und den urspr\u00fcnglichen Zwecken so nahe wie m\u00f6glich kommt. Soweit gesetzlich zul\u00e4ssig, verzichten die Parteien auf alle gesetzlichen Bestimmungen, die eine Bestimmung dieser Vereinbarung in irgendeiner Hinsicht verbieten oder nicht durchsetzbar machen.<\/p>\n\n\n\n<p>Diese Vereinbarung unterliegt den Gesetzen des Staates Kalifornien und wird so ausgelegt und geregelt, als ob sie im Staat Kalifornien geschlossen und vollst\u00e4ndig erf\u00fcllt worden w\u00e4re. Alle Klagen zur Durchsetzung dieser Vereinbarung m\u00fcssen im County San Bernardino in Kalifornien erhoben werden.<\/p>","protected":false},"excerpt":{"rendered":"<p>Please review our terms &amp; conditions below: Product Price Quotes:\u202f\u202f Quoted prices are valid for 30 days (unless otherwise stated on the quote) and must be in writing. However,\u202fthe\u202fBertolini\u202fparent company, MITY Inc. (henceforth referred to as Bertolini),\u202fhas the right to cancel, withdraw, revoke, rescind, annul,\u202for void the quote or quoted price at any time. Printed [&hellip;]<\/p>\n","protected":false},"author":2,"featured_media":0,"parent":0,"menu_order":0,"comment_status":"closed","ping_status":"closed","template":"content-page.php","meta":{"_acf_changed":false,"footnotes":""},"class_list":["post-561","page","type-page","status-publish","hentry"],"acf":[],"yoast_head":"<!-- This site is optimized with the Yoast SEO Premium plugin v24.2 (Yoast SEO v27.1.1) - https:\/\/yoast.com\/product\/yoast-seo-premium-wordpress\/ -->\n<title>Terms &amp; Conditions | Bertolini Direct<\/title>\n<meta name=\"description\" content=\"Please review our terms &amp; conditions below: Product Price Quotes:\u202f\u202f Quoted prices are valid for 30 days (unless otherwise stated on the quote) and\" \/>\n<meta name=\"robots\" content=\"index, follow, max-snippet:-1, max-image-preview:large, max-video-preview:-1\" \/>\n<link rel=\"canonical\" href=\"https:\/\/bertolinidirect.com\/de\/terms-conditions\/\" \/>\n<meta property=\"og:locale\" content=\"de_DE\" \/>\n<meta property=\"og:type\" content=\"article\" \/>\n<meta property=\"og:title\" content=\"Terms &amp; Conditions\" \/>\n<meta property=\"og:description\" content=\"Please review our terms &amp; conditions below: Product Price Quotes:\u202f\u202f Quoted prices are valid for 30 days (unless otherwise stated on the quote) and\" \/>\n<meta property=\"og:url\" content=\"https:\/\/bertolinidirect.com\/de\/terms-conditions\/\" \/>\n<meta property=\"og:site_name\" content=\"Bertolini Direct\" \/>\n<meta property=\"article:modified_time\" content=\"2024-05-14T17:15:55+00:00\" \/>\n<meta name=\"twitter:card\" content=\"summary_large_image\" \/>\n<script type=\"application\/ld+json\" class=\"yoast-schema-graph\">{\"@context\":\"https:\/\/schema.org\",\"@graph\":[{\"@type\":\"WebPage\",\"@id\":\"https:\/\/bertolinidirect.com\/de\/terms-conditions\",\"url\":\"https:\/\/bertolinidirect.com\/de\/terms-conditions\",\"name\":\"Terms &amp; Conditions | Bertolini Direct\",\"isPartOf\":{\"@id\":\"https:\/\/bertolinidirect.com\/de\/#website\"},\"datePublished\":\"2024-04-16T23:01:26+00:00\",\"dateModified\":\"2024-05-14T17:15:55+00:00\",\"description\":\"Please review our terms &amp; conditions below: Product Price Quotes:\u202f\u202f Quoted prices are valid for 30 days (unless otherwise stated on the quote) and\",\"breadcrumb\":{\"@id\":\"https:\/\/bertolinidirect.com\/de\/terms-conditions#breadcrumb\"},\"inLanguage\":\"de\",\"potentialAction\":[{\"@type\":\"ReadAction\",\"target\":[\"https:\/\/bertolinidirect.com\/de\/terms-conditions\"]}]},{\"@type\":\"BreadcrumbList\",\"@id\":\"https:\/\/bertolinidirect.com\/de\/terms-conditions#breadcrumb\",\"itemListElement\":[{\"@type\":\"ListItem\",\"position\":1,\"name\":\"Home\",\"item\":\"https:\/\/bertolinidirect.com\/\"},{\"@type\":\"ListItem\",\"position\":2,\"name\":\"Terms &amp; Conditions\"}]},{\"@type\":\"WebSite\",\"@id\":\"https:\/\/bertolinidirect.com\/de\/#website\",\"url\":\"https:\/\/bertolinidirect.com\/de\/\",\"name\":\"Bertolini\",\"description\":\"\",\"potentialAction\":[{\"@type\":\"SearchAction\",\"target\":{\"@type\":\"EntryPoint\",\"urlTemplate\":\"https:\/\/bertolinidirect.com\/de\/?s={search_term_string}\"},\"query-input\":{\"@type\":\"PropertyValueSpecification\",\"valueRequired\":true,\"valueName\":\"search_term_string\"}}],\"inLanguage\":\"de\"}]}<\/script>\n<!-- \/ Yoast SEO Premium plugin. -->","yoast_head_json":{"title":"Allgemeine Gesch\u00e4ftsbedingungen | Bertolini Direct","description":"Bitte lesen Sie unsere Gesch\u00e4ftsbedingungen unten: Produktpreisangebote: Angebotene Preise sind 30 Tage g\u00fcltig (sofern im Angebot nicht anders angegeben) und","robots":{"index":"index","follow":"follow","max-snippet":"max-snippet:-1","max-image-preview":"max-image-preview:large","max-video-preview":"max-video-preview:-1"},"canonical":"https:\/\/bertolinidirect.com\/de\/terms-conditions\/","og_locale":"de_DE","og_type":"article","og_title":"Terms &amp; Conditions","og_description":"Please review our terms &amp; conditions below: Product Price Quotes:\u202f\u202f Quoted prices are valid for 30 days (unless otherwise stated on the quote) and","og_url":"https:\/\/bertolinidirect.com\/de\/terms-conditions\/","og_site_name":"Bertolini Direct","article_modified_time":"2024-05-14T17:15:55+00:00","twitter_card":"summary_large_image","schema":{"@context":"https:\/\/schema.org","@graph":[{"@type":"WebPage","@id":"https:\/\/bertolinidirect.com\/de\/terms-conditions","url":"https:\/\/bertolinidirect.com\/de\/terms-conditions","name":"Allgemeine Gesch\u00e4ftsbedingungen | Bertolini Direct","isPartOf":{"@id":"https:\/\/bertolinidirect.com\/de\/#website"},"datePublished":"2024-04-16T23:01:26+00:00","dateModified":"2024-05-14T17:15:55+00:00","description":"Bitte lesen Sie unsere Gesch\u00e4ftsbedingungen unten: Produktpreisangebote: Angebotene Preise sind 30 Tage g\u00fcltig (sofern im Angebot nicht anders angegeben) und","breadcrumb":{"@id":"https:\/\/bertolinidirect.com\/de\/terms-conditions#breadcrumb"},"inLanguage":"de","potentialAction":[{"@type":"ReadAction","target":["https:\/\/bertolinidirect.com\/de\/terms-conditions"]}]},{"@type":"BreadcrumbList","@id":"https:\/\/bertolinidirect.com\/de\/terms-conditions#breadcrumb","itemListElement":[{"@type":"ListItem","position":1,"name":"Home","item":"https:\/\/bertolinidirect.com\/"},{"@type":"ListItem","position":2,"name":"Terms &amp; Conditions"}]},{"@type":"WebSite","@id":"https:\/\/bertolinidirect.com\/de\/#website","url":"https:\/\/bertolinidirect.com\/de\/","name":"Bertolini","description":"","potentialAction":[{"@type":"SearchAction","target":{"@type":"EntryPoint","urlTemplate":"https:\/\/bertolinidirect.com\/de\/?s={search_term_string}"},"query-input":{"@type":"PropertyValueSpecification","valueRequired":true,"valueName":"search_term_string"}}],"inLanguage":"de"}]}},"_links":{"self":[{"href":"https:\/\/bertolinidirect.com\/de\/wp-json\/wp\/v2\/pages\/561","targetHints":{"allow":["GET"]}}],"collection":[{"href":"https:\/\/bertolinidirect.com\/de\/wp-json\/wp\/v2\/pages"}],"about":[{"href":"https:\/\/bertolinidirect.com\/de\/wp-json\/wp\/v2\/types\/page"}],"author":[{"embeddable":true,"href":"https:\/\/bertolinidirect.com\/de\/wp-json\/wp\/v2\/users\/2"}],"replies":[{"embeddable":true,"href":"https:\/\/bertolinidirect.com\/de\/wp-json\/wp\/v2\/comments?post=561"}],"version-history":[{"count":4,"href":"https:\/\/bertolinidirect.com\/de\/wp-json\/wp\/v2\/pages\/561\/revisions"}],"predecessor-version":[{"id":1555,"href":"https:\/\/bertolinidirect.com\/de\/wp-json\/wp\/v2\/pages\/561\/revisions\/1555"}],"wp:attachment":[{"href":"https:\/\/bertolinidirect.com\/de\/wp-json\/wp\/v2\/media?parent=561"}],"curies":[{"name":"wp","href":"https:\/\/api.w.org\/{rel}","templated":true}]}}