{"id":558,"date":"2024-04-16T23:00:24","date_gmt":"2024-04-16T23:00:24","guid":{"rendered":"https:\/\/bertolinidirect.com\/?page_id=558"},"modified":"2024-05-14T17:19:01","modified_gmt":"2024-05-14T17:19:01","slug":"prop-65","status":"publish","type":"page","link":"https:\/\/bertolinidirect.com\/de\/prop-65","title":{"rendered":"St\u00fctze 65"},"content":{"rendered":"<p>Wenn Sie auf dem gl\u00e4nzenden neuen MITY-Produkt, das Sie gerade ausgepackt haben, einen Warnaufkleber zu Proposition 65 sehen, kann das ein wenig beunruhigend sein \u2013 vor allem, wenn Sie nicht sicher sind, warum er da ist und was er f\u00fcr Ihren Neukauf bedeutet. Deshalb m\u00f6chten wir Ihnen ein paar weitere Informationen dazu geben, warum wir auf einigen unserer Produkte Aufkleber mit Prop-65-Hinweisen anbringen.<\/p>\n\n\n\n<h2 class=\"wp-block-heading\">Was ist Prop 65?<\/h2>\n\n\n\n<p>Das kalifornische Gesetz Proposition 65 verpflichtet Unternehmen und Einzelh\u00e4ndler, die in Kalifornien Produkte versenden oder verkaufen, dazu, auf allen Produkten, die m\u00f6glicherweise quantifizierbare Mengen von Chemikalien enthalten, die der Staat als \u201eim Staat Kalifornien als krebserregend oder reproduktionstoxisch bekannt\u201c eingestuft hat, einen Warnhinweis anzubringen. Dabei ist zu beachten, dass einige dieser Chemikalien auf nat\u00fcrliche Weise in Boden, Wasser und Luft vorkommen. Warnhinweise zu Prop 65 finden Sie auf allt\u00e4glichen Haushaltsprodukten wie Kosmetikartikeln, Aspirin, Schmuck und Geschirr. In Kalifornien k\u00f6nnen Sie Warnhinweise zu Prop 65 auch in \u00f6ffentlichen Parks, Restaurants, Flugh\u00e4fen, Hotels und Tankstellen sehen.<\/p>\n\n\n\n<h2 class=\"wp-block-heading\">Woher kommt Prop 65?<\/h2>\n\n\n\n<p>Der kalifornische Proposition 65 wurde 1986 verabschiedet, um den Einwohnern Kaliforniens zu helfen, fundierte Entscheidungen zu treffen. Das Gesetz, auch Safe Drinking Water and Toxic Enforcement Act genannt, verpflichtet Kalifornien, eine Liste von Chemikalien zu ver\u00f6ffentlichen, die Wissenschaftler als wahrscheinlich krebserregend einstufen, und diese mindestens einmal im Jahr zu aktualisieren. Derzeit sind etwa 900 Chemikalien auf der Liste eingetragen.<\/p>\n\n\n\n<p>Die vollst\u00e4ndige Liste finden Sie auf der<a href=\"https:\/\/oehha.ca.gov\/proposition-65\/general-info\/proposition-65-plain-language\">Website des California Office of Environmental Health Hazard Assessment (OEHHA)<\/a>.<\/p>\n\n\n\n<h2 class=\"wp-block-heading\">Was ist ein wahrscheinliches Karzinogen? Das klingt be\u00e4ngstigend.<\/h2>\n\n\n\n<p>Wenn Prop 65 eine Chemikalie als \u201ewahrscheinlich krebserregend\u201c einstuft, bedeutet dies, dass Wissenschaftler im Bundesstaat Kalifornien glauben, dass diese bei manchen Menschen Krebs verursachen k\u00f6nnte. Allerdings ist sich die weltweite wissenschaftliche Gemeinschaft \u2013 oder Experten au\u00dferhalb des Bundesstaates Kalifornien \u2013 nicht einig, dass alle diese Chemikalien Krebs verursachen.<\/p>\n\n\n\n<h2 class=\"wp-block-heading\">Aber ich bin nicht in Kalifornien. Warum sehe ich einen in Kalifornien vorgeschriebenen Warnhinweis?<\/h2>\n\n\n\n<p>MITY verkauft Produkte an Unternehmen und H\u00e4ndler, die in verschiedenen Bundesstaaten des Landes t\u00e4tig sind, darunter auch Kalifornien. Da wir unsere Produkte nicht immer an den Endverbraucher verkaufen oder nicht wissen, wo unsere Produkte landen k\u00f6nnten, haben wir uns entschieden, alle unsere Produkte mit dem Prop 65-Warnschild zu versehen. Da wir keine gro\u00dfen Fans von Sanktionen oder Geldbu\u00dfen sind, erf\u00fcllen wir gerne die Prop 65-Kennzeichnungsvorschriften Kaliforniens.<\/p>\n\n\n\n<h2 class=\"wp-block-heading\">Also ... sollte ich mir Sorgen machen?<\/h2>\n\n\n\n<p>Ein Gro\u00dfteil der Bedenken im Zusammenhang mit den Chemikalien auf der Prop 65-Liste dreht sich um die Belastung mit Chemikalien, die \u201eausgasen\u201c und eine ungesunde Raumluft schaffen k\u00f6nnen. MITY hat sich der Herstellung von Produkten verschrieben, die die Emissionen in Innenr\u00e4umen reduzieren. Tats\u00e4chlich erf\u00fcllen die meisten M\u00f6belprodukte von MITY die strengen Kriterien f\u00fcr die UL GreenGuard-Zertifizierung f\u00fcr Raumluftqualit\u00e4t, eine Zertifizierung, die es Einrichtungen erm\u00f6glicht, sich f\u00fcr Gutschriften im Rahmen von LEED und anderen Programmen f\u00fcr nachhaltiges Bauen zu qualifizieren.<\/p>\n\n\n\n<p>Kalifornien trifft jede erdenkliche Vorsorge, um seinen B\u00fcrgern das \u201eRecht auf Information\u201c zu geben, und mit den Warnhinweisen zu Prop 65 sorgt der Staat daf\u00fcr, dass die Information weithin bekannt wird.<\/p>\n\n\n\n<p>Wir m\u00f6chten, dass Sie wissen, dass jeder bei MITY Inc. die Sicherheit unserer Produkte und unserer Kunden sehr ernst nimmt. Schlie\u00dflich verwenden wir unsere eigenen Produkte jeden Tag! Wir sind stolz auf das, was wir herstellen, und wir m\u00f6chten, dass Sie sich bei der Verwendung und Freude an unseren MITY-Produkten sicher f\u00fchlen.<\/p>\n\n\n\n<p>Danke sch\u00f6n,<\/p>\n\n\n\n<p>Zu den Tochtergesellschaften von MITY Inc. geh\u00f6ren: MityLite, Bertolini und Holsag<\/p>\n\n\n\n<p>Weitere Informationen finden Sie unter<a href=\"https:\/\/www.p65warnings.ca.gov\/\">www.p65warnings.ca.gov<\/a>.<\/p>","protected":false},"excerpt":{"rendered":"<p>Seeing a Proposition 65 warning sticker on that shiny new MITY product you just unpacked can be a little disconcerting\u2014especially when you\u2019re not sure why it\u2019s there and what it means about your new purchase. So, we thought we\u2019d give you a little more info on why we include Prop 65 stickers on some of [&hellip;]<\/p>\n","protected":false},"author":2,"featured_media":0,"parent":0,"menu_order":0,"comment_status":"closed","ping_status":"closed","template":"content-page.php","meta":{"_acf_changed":false,"footnotes":""},"class_list":["post-558","page","type-page","status-publish","hentry"],"acf":[],"yoast_head":"<!-- This site is optimized with the Yoast SEO Premium plugin v24.2 (Yoast SEO v27.1.1) - https:\/\/yoast.com\/product\/yoast-seo-premium-wordpress\/ -->\n<title>Prop 65 | Bertolini Direct<\/title>\n<meta name=\"description\" content=\"Seeing a Proposition 65 warning sticker on that shiny new MITY product you just unpacked can be a little disconcerting\u2014especially when you\u2019re not sure why\" \/>\n<meta name=\"robots\" content=\"index, follow, max-snippet:-1, max-image-preview:large, max-video-preview:-1\" \/>\n<link rel=\"canonical\" href=\"https:\/\/bertolinidirect.com\/de\/prop-65\/\" \/>\n<meta property=\"og:locale\" content=\"de_DE\" \/>\n<meta property=\"og:type\" content=\"article\" \/>\n<meta property=\"og:title\" content=\"Prop 65\" \/>\n<meta property=\"og:description\" content=\"Seeing a Proposition 65 warning sticker on that shiny new MITY product you just unpacked can be a little disconcerting\u2014especially when you\u2019re not sure why\" \/>\n<meta property=\"og:url\" content=\"https:\/\/bertolinidirect.com\/de\/prop-65\/\" \/>\n<meta property=\"og:site_name\" content=\"Bertolini Direct\" \/>\n<meta property=\"article:modified_time\" content=\"2024-05-14T17:19:01+00:00\" \/>\n<meta name=\"twitter:card\" content=\"summary_large_image\" \/>\n<script type=\"application\/ld+json\" class=\"yoast-schema-graph\">{\"@context\":\"https:\/\/schema.org\",\"@graph\":[{\"@type\":\"WebPage\",\"@id\":\"https:\/\/bertolinidirect.com\/de\/prop-65\",\"url\":\"https:\/\/bertolinidirect.com\/de\/prop-65\",\"name\":\"Prop 65 | Bertolini Direct\",\"isPartOf\":{\"@id\":\"https:\/\/bertolinidirect.com\/de\/#website\"},\"datePublished\":\"2024-04-16T23:00:24+00:00\",\"dateModified\":\"2024-05-14T17:19:01+00:00\",\"description\":\"Seeing a Proposition 65 warning sticker on that shiny new MITY product you just unpacked can be a little disconcerting\u2014especially when you\u2019re not sure why\",\"breadcrumb\":{\"@id\":\"https:\/\/bertolinidirect.com\/de\/prop-65#breadcrumb\"},\"inLanguage\":\"de\",\"potentialAction\":[{\"@type\":\"ReadAction\",\"target\":[\"https:\/\/bertolinidirect.com\/de\/prop-65\"]}]},{\"@type\":\"BreadcrumbList\",\"@id\":\"https:\/\/bertolinidirect.com\/de\/prop-65#breadcrumb\",\"itemListElement\":[{\"@type\":\"ListItem\",\"position\":1,\"name\":\"Home\",\"item\":\"https:\/\/bertolinidirect.com\/\"},{\"@type\":\"ListItem\",\"position\":2,\"name\":\"Prop 65\"}]},{\"@type\":\"WebSite\",\"@id\":\"https:\/\/bertolinidirect.com\/de\/#website\",\"url\":\"https:\/\/bertolinidirect.com\/de\/\",\"name\":\"Bertolini\",\"description\":\"\",\"potentialAction\":[{\"@type\":\"SearchAction\",\"target\":{\"@type\":\"EntryPoint\",\"urlTemplate\":\"https:\/\/bertolinidirect.com\/de\/?s={search_term_string}\"},\"query-input\":{\"@type\":\"PropertyValueSpecification\",\"valueRequired\":true,\"valueName\":\"search_term_string\"}}],\"inLanguage\":\"de\"}]}<\/script>\n<!-- \/ Yoast SEO Premium plugin. -->","yoast_head_json":{"title":"Prop 65 | Bertolini Direkt","description":"Wenn Sie auf dem gl\u00e4nzenden neuen MITY-Produkt, das Sie gerade ausgepackt haben, einen Warnaufkleber gem\u00e4\u00df Proposition 65 sehen, kann das ein wenig beunruhigend sein \u2013 vor allem, wenn Sie nicht sicher sind, warum","robots":{"index":"index","follow":"follow","max-snippet":"max-snippet:-1","max-image-preview":"max-image-preview:large","max-video-preview":"max-video-preview:-1"},"canonical":"https:\/\/bertolinidirect.com\/de\/prop-65\/","og_locale":"de_DE","og_type":"article","og_title":"Prop 65","og_description":"Seeing a Proposition 65 warning sticker on that shiny new MITY product you just unpacked can be a little disconcerting\u2014especially when you\u2019re not sure why","og_url":"https:\/\/bertolinidirect.com\/de\/prop-65\/","og_site_name":"Bertolini Direct","article_modified_time":"2024-05-14T17:19:01+00:00","twitter_card":"summary_large_image","schema":{"@context":"https:\/\/schema.org","@graph":[{"@type":"WebPage","@id":"https:\/\/bertolinidirect.com\/de\/prop-65","url":"https:\/\/bertolinidirect.com\/de\/prop-65","name":"Prop 65 | Bertolini Direkt","isPartOf":{"@id":"https:\/\/bertolinidirect.com\/de\/#website"},"datePublished":"2024-04-16T23:00:24+00:00","dateModified":"2024-05-14T17:19:01+00:00","description":"Wenn Sie auf dem gl\u00e4nzenden neuen MITY-Produkt, das Sie gerade ausgepackt haben, einen Warnaufkleber gem\u00e4\u00df Proposition 65 sehen, kann das ein wenig beunruhigend sein \u2013 vor allem, wenn Sie nicht sicher sind, warum","breadcrumb":{"@id":"https:\/\/bertolinidirect.com\/de\/prop-65#breadcrumb"},"inLanguage":"de","potentialAction":[{"@type":"ReadAction","target":["https:\/\/bertolinidirect.com\/de\/prop-65"]}]},{"@type":"BreadcrumbList","@id":"https:\/\/bertolinidirect.com\/de\/prop-65#breadcrumb","itemListElement":[{"@type":"ListItem","position":1,"name":"Home","item":"https:\/\/bertolinidirect.com\/"},{"@type":"ListItem","position":2,"name":"Prop 65"}]},{"@type":"WebSite","@id":"https:\/\/bertolinidirect.com\/de\/#website","url":"https:\/\/bertolinidirect.com\/de\/","name":"Bertolini","description":"","potentialAction":[{"@type":"SearchAction","target":{"@type":"EntryPoint","urlTemplate":"https:\/\/bertolinidirect.com\/de\/?s={search_term_string}"},"query-input":{"@type":"PropertyValueSpecification","valueRequired":true,"valueName":"search_term_string"}}],"inLanguage":"de"}]}},"_links":{"self":[{"href":"https:\/\/bertolinidirect.com\/de\/wp-json\/wp\/v2\/pages\/558","targetHints":{"allow":["GET"]}}],"collection":[{"href":"https:\/\/bertolinidirect.com\/de\/wp-json\/wp\/v2\/pages"}],"about":[{"href":"https:\/\/bertolinidirect.com\/de\/wp-json\/wp\/v2\/types\/page"}],"author":[{"embeddable":true,"href":"https:\/\/bertolinidirect.com\/de\/wp-json\/wp\/v2\/users\/2"}],"replies":[{"embeddable":true,"href":"https:\/\/bertolinidirect.com\/de\/wp-json\/wp\/v2\/comments?post=558"}],"version-history":[{"count":3,"href":"https:\/\/bertolinidirect.com\/de\/wp-json\/wp\/v2\/pages\/558\/revisions"}],"predecessor-version":[{"id":1556,"href":"https:\/\/bertolinidirect.com\/de\/wp-json\/wp\/v2\/pages\/558\/revisions\/1556"}],"wp:attachment":[{"href":"https:\/\/bertolinidirect.com\/de\/wp-json\/wp\/v2\/media?parent=558"}],"curies":[{"name":"wp","href":"https:\/\/api.w.org\/{rel}","templated":true}]}}