{"id":547,"date":"2024-04-16T22:58:13","date_gmt":"2024-04-16T22:58:13","guid":{"rendered":"https:\/\/bertolinidirect.com\/?page_id=547"},"modified":"2024-05-02T16:14:07","modified_gmt":"2024-05-02T16:14:07","slug":"about","status":"publish","type":"page","link":"https:\/\/bertolinidirect.com\/de\/about","title":{"rendered":"Um"},"content":{"rendered":"<h2 class=\"wp-block-heading\">Branchenf\u00fchrende Garantie<\/h2>\n\n\n\n<p>Bei Bertolini fertigen wir St\u00fchle aus den hochwertigsten Materialien \u2013 Stoffe, Schaumstoff und Rahmen, die wirklich viele Jahre halten. Daher f\u00e4llt es uns leicht, hinter jedem Stuhl zu stehen, den wir bauen. Wir halten uns au\u00dferdem an strenge Fertigungs- und Designstandards, was es uns erm\u00f6glicht, selbstbewusst eine der besten Produktgarantien der Branche anzubieten.<\/p>\n\n\n\n<h2 class=\"wp-block-heading\">Engagement f\u00fcr Spitzenleistung<\/h2>\n\n\n\n<p>Unser Engagement f\u00fcr Spitzenleistungen zeigt sich in der Qualit\u00e4t der von uns verwendeten Materialien, unseren innovativen Montagetechniken und den strengen Test- und Inspektionsprozessen, denen unsere St\u00fchle unterzogen werden. Wir stellen sicher, dass die besten Gottesdienstsitze unser Werk verlassen und von uns zu Ihnen geliefert werden. Bei Bertolini sind wir stolz darauf, Kirchenst\u00fchle zu bauen, die l\u00e4nger halten als alle anderen Produkte auf dem Markt.<\/p>\n\n\n\n<figure class=\"wp-block-embed is-type-video is-provider-youtube wp-block-embed-youtube wp-embed-aspect-16-9 wp-has-aspect-ratio\"><div class=\"wp-block-embed__wrapper\">\n<iframe loading=\"lazy\" title=\"Wir stellen den neuen und verbesserten Bertolini Impressions Kirchenstuhl vor\" width=\"500\" height=\"281\" src=\"https:\/\/www.youtube.com\/embed\/J277Sg5FBZI?feature=oembed\" frameborder=\"0\" allow=\"accelerometer; autoplay; clipboard-write; encrypted-media; gyroscope; picture-in-picture; web-share\" referrerpolicy=\"strict-origin-when-cross-origin\" allowfullscreen><\/iframe>\n<\/div><\/figure>\n\n\n\n<h2 class=\"wp-block-heading\">Engagement f\u00fcr Nachhaltigkeit<\/h2>\n\n\n\n<p>Als M\u00f6belhersteller ist es unser oberstes Ziel, m\u00f6glichst wenig Abfall zu produzieren. Aus diesem Grund haben wir uns dazu verpflichtet, St\u00fchle zu liefern, die jahrelanger intensiver Nutzung standhalten. Dar\u00fcber hinaus unternehmen wir Dutzende weiterer Schritte, um nachhaltige Kirchenst\u00fchle und andere Sitzgelegenheiten herzustellen. Bertolini-St\u00fchle werden aus recycelbaren Stahlrahmen aus 100%, biobasiertem Schaumstoff und einem emissionsfreien Beschichtungsverfahren hergestellt.<\/p>\n\n\n\n<h2 class=\"wp-block-heading\">Un\u00fcbertroffener Service<\/h2>\n\n\n\n<p>Unsere Kunden sch\u00e4tzen nicht nur die au\u00dfergew\u00f6hnlichen Produkte, die wir anbieten, sondern auch den Wert unseres Kundendienstes. Es ist die Art von gro\u00dfartigem Service, die unsere Kunden dazu bringt, uns ihren Freunden zu empfehlen und wiederzukommen.<\/p>\n\n\n\n<h2 class=\"wp-block-heading\">Direktverkauf ab Werk<\/h2>\n\n\n\n<p>Die Zusammenarbeit mit unseren Direktverk\u00e4ufern ab Werk erspart Ihnen den \u00c4rger, der mit Zwischenh\u00e4ndlern verbunden ist. Unser Team ist bestrebt, sicherzustellen, dass Sie die perfekten St\u00fchle f\u00fcr Ihre Bed\u00fcrfnisse erhalten. Sie freuen sich darauf, Sie und Ihre Gemeinde kennenzulernen.<\/p>\n\n\n\n<h2 class=\"wp-block-heading\">\u00dcber unsere Muttergesellschaft<\/h2>\n\n\n\n<p>MITY Inc ist die Muttergesellschaft dieser branchenf\u00fchrenden Marken f\u00fcr langlebige M\u00f6bel: MityLite, Holsag, Bertolini und Broda\u00ae Seating.<\/p>\n\n\n\n<ul class=\"wp-block-list\">\n<li><a href=\"https:\/\/mitylite.com\">MityLite<\/a>stellt preisgekr\u00f6nte M\u00f6bel f\u00fcr den globalen, kommerziellen Markt her.<\/li>\n\n\n\n<li><a href=\"https:\/\/holsag.com\">Holsag<\/a>baut M\u00f6bel f\u00fcr die M\u00e4rkte Gastgewerbe, Seniorenwohnen, Gesundheitswesen und Bildung.<\/li>\n\n\n\n<li><a href=\"https:\/\/bertolinidirect.com\/de\/\">Bertolini<\/a>stellt bequeme und langlebige Sitzgelegenheiten f\u00fcr den Gottesdienstmarkt her.<\/li>\n\n\n\n<li><a href=\"https:\/\/brodaseating.com\">Broda-Sitzm\u00f6bel<\/a>bietet eine einzigartige Produktlinie von Rollst\u00fchlen mit Raumneigungsfunktion f\u00fcr zahlreiche Einsatzbereiche im Gesundheitswesen.<\/li>\n<\/ul>\n\n\n\n<p>MITY Inc hat seinen Sitz in Orem, Utah, und verf\u00fcgt \u00fcber Produktionsst\u00e4tten in Lindsay, Ontario, und Kitchener, Ontario. Weitere Informationen finden Sie unter mityinc.com.<\/p>","protected":false},"excerpt":{"rendered":"<p>Industry-Leading Warranty At Bertolini, we craft chairs from the highest quality materials\u2014fabrics, foam, and frames that will truly last for years and years. Doing so makes it easy for us to stand behind every chair we build.\u202fWe also adhere to strict manufacturing and design standards, which allows us to confidently offer one of the best [&hellip;]<\/p>\n","protected":false},"author":2,"featured_media":0,"parent":0,"menu_order":0,"comment_status":"closed","ping_status":"closed","template":"about.php","meta":{"_acf_changed":false,"footnotes":""},"class_list":["post-547","page","type-page","status-publish","hentry"],"acf":[],"yoast_head":"<!-- This site is optimized with the Yoast SEO Premium plugin v24.2 (Yoast SEO v27.1.1) - https:\/\/yoast.com\/product\/yoast-seo-premium-wordpress\/ -->\n<title>About | Bertolini Direct<\/title>\n<meta name=\"description\" content=\"Industry-Leading Warranty At Bertolini, we craft chairs from the highest quality materials\u2014fabrics, foam, and frames that will truly last for years and\" \/>\n<meta name=\"robots\" content=\"index, follow, max-snippet:-1, max-image-preview:large, max-video-preview:-1\" \/>\n<link rel=\"canonical\" href=\"https:\/\/bertolinidirect.com\/de\/about\/\" \/>\n<meta property=\"og:locale\" content=\"de_DE\" \/>\n<meta property=\"og:type\" content=\"article\" \/>\n<meta property=\"og:title\" content=\"About\" \/>\n<meta property=\"og:description\" content=\"Industry-Leading Warranty At Bertolini, we craft chairs from the highest quality materials\u2014fabrics, foam, and frames that will truly last for years and\" \/>\n<meta property=\"og:url\" content=\"https:\/\/bertolinidirect.com\/de\/about\/\" \/>\n<meta property=\"og:site_name\" content=\"Bertolini Direct\" \/>\n<meta property=\"article:modified_time\" content=\"2024-05-02T16:14:07+00:00\" \/>\n<meta name=\"twitter:card\" content=\"summary_large_image\" \/>\n<script type=\"application\/ld+json\" class=\"yoast-schema-graph\">{\"@context\":\"https:\/\/schema.org\",\"@graph\":[{\"@type\":\"WebPage\",\"@id\":\"https:\/\/bertolinidirect.com\/de\/about\",\"url\":\"https:\/\/bertolinidirect.com\/de\/about\",\"name\":\"About | Bertolini Direct\",\"isPartOf\":{\"@id\":\"https:\/\/bertolinidirect.com\/de\/#website\"},\"datePublished\":\"2024-04-16T22:58:13+00:00\",\"dateModified\":\"2024-05-02T16:14:07+00:00\",\"description\":\"Industry-Leading Warranty At Bertolini, we craft chairs from the highest quality materials\u2014fabrics, foam, and frames that will truly last for years and\",\"breadcrumb\":{\"@id\":\"https:\/\/bertolinidirect.com\/de\/about#breadcrumb\"},\"inLanguage\":\"de\",\"potentialAction\":[{\"@type\":\"ReadAction\",\"target\":[\"https:\/\/bertolinidirect.com\/de\/about\"]}]},{\"@type\":\"BreadcrumbList\",\"@id\":\"https:\/\/bertolinidirect.com\/de\/about#breadcrumb\",\"itemListElement\":[{\"@type\":\"ListItem\",\"position\":1,\"name\":\"Home\",\"item\":\"https:\/\/bertolinidirect.com\/\"},{\"@type\":\"ListItem\",\"position\":2,\"name\":\"About\"}]},{\"@type\":\"WebSite\",\"@id\":\"https:\/\/bertolinidirect.com\/de\/#website\",\"url\":\"https:\/\/bertolinidirect.com\/de\/\",\"name\":\"Bertolini\",\"description\":\"\",\"potentialAction\":[{\"@type\":\"SearchAction\",\"target\":{\"@type\":\"EntryPoint\",\"urlTemplate\":\"https:\/\/bertolinidirect.com\/de\/?s={search_term_string}\"},\"query-input\":{\"@type\":\"PropertyValueSpecification\",\"valueRequired\":true,\"valueName\":\"search_term_string\"}}],\"inLanguage\":\"de\"}]}<\/script>\n<!-- \/ Yoast SEO Premium plugin. -->","yoast_head_json":{"title":"\u00dcber | Bertolini Direct","description":"Branchenf\u00fchrende Garantie Bei Bertolini fertigen wir St\u00fchle aus den hochwertigsten Materialien \u2013 Stoffe, Schaumstoff und Rahmen, die wirklich jahrelang halten und","robots":{"index":"index","follow":"follow","max-snippet":"max-snippet:-1","max-image-preview":"max-image-preview:large","max-video-preview":"max-video-preview:-1"},"canonical":"https:\/\/bertolinidirect.com\/de\/about\/","og_locale":"de_DE","og_type":"article","og_title":"About","og_description":"Industry-Leading Warranty At Bertolini, we craft chairs from the highest quality materials\u2014fabrics, foam, and frames that will truly last for years and","og_url":"https:\/\/bertolinidirect.com\/de\/about\/","og_site_name":"Bertolini Direct","article_modified_time":"2024-05-02T16:14:07+00:00","twitter_card":"summary_large_image","schema":{"@context":"https:\/\/schema.org","@graph":[{"@type":"WebPage","@id":"https:\/\/bertolinidirect.com\/de\/about","url":"https:\/\/bertolinidirect.com\/de\/about","name":"\u00dcber | Bertolini Direct","isPartOf":{"@id":"https:\/\/bertolinidirect.com\/de\/#website"},"datePublished":"2024-04-16T22:58:13+00:00","dateModified":"2024-05-02T16:14:07+00:00","description":"Branchenf\u00fchrende Garantie Bei Bertolini fertigen wir St\u00fchle aus den hochwertigsten Materialien \u2013 Stoffe, Schaumstoff und Rahmen, die wirklich jahrelang halten und","breadcrumb":{"@id":"https:\/\/bertolinidirect.com\/de\/about#breadcrumb"},"inLanguage":"de","potentialAction":[{"@type":"ReadAction","target":["https:\/\/bertolinidirect.com\/de\/about"]}]},{"@type":"BreadcrumbList","@id":"https:\/\/bertolinidirect.com\/de\/about#breadcrumb","itemListElement":[{"@type":"ListItem","position":1,"name":"Home","item":"https:\/\/bertolinidirect.com\/"},{"@type":"ListItem","position":2,"name":"About"}]},{"@type":"WebSite","@id":"https:\/\/bertolinidirect.com\/de\/#website","url":"https:\/\/bertolinidirect.com\/de\/","name":"Bertolini","description":"","potentialAction":[{"@type":"SearchAction","target":{"@type":"EntryPoint","urlTemplate":"https:\/\/bertolinidirect.com\/de\/?s={search_term_string}"},"query-input":{"@type":"PropertyValueSpecification","valueRequired":true,"valueName":"search_term_string"}}],"inLanguage":"de"}]}},"_links":{"self":[{"href":"https:\/\/bertolinidirect.com\/de\/wp-json\/wp\/v2\/pages\/547","targetHints":{"allow":["GET"]}}],"collection":[{"href":"https:\/\/bertolinidirect.com\/de\/wp-json\/wp\/v2\/pages"}],"about":[{"href":"https:\/\/bertolinidirect.com\/de\/wp-json\/wp\/v2\/types\/page"}],"author":[{"embeddable":true,"href":"https:\/\/bertolinidirect.com\/de\/wp-json\/wp\/v2\/users\/2"}],"replies":[{"embeddable":true,"href":"https:\/\/bertolinidirect.com\/de\/wp-json\/wp\/v2\/comments?post=547"}],"version-history":[{"count":4,"href":"https:\/\/bertolinidirect.com\/de\/wp-json\/wp\/v2\/pages\/547\/revisions"}],"predecessor-version":[{"id":1229,"href":"https:\/\/bertolinidirect.com\/de\/wp-json\/wp\/v2\/pages\/547\/revisions\/1229"}],"wp:attachment":[{"href":"https:\/\/bertolinidirect.com\/de\/wp-json\/wp\/v2\/media?parent=547"}],"curies":[{"name":"wp","href":"https:\/\/api.w.org\/{rel}","templated":true}]}}