{"id":41,"date":"2024-01-04T21:53:34","date_gmt":"2024-01-04T21:53:34","guid":{"rendered":"https:\/\/bertolinidirect.com\/?page_id=41"},"modified":"2025-02-26T00:17:14","modified_gmt":"2025-02-26T00:17:14","slug":"fabrics","status":"publish","type":"page","link":"https:\/\/bertolinidirect.com\/de\/fabrics","title":{"rendered":"Stoffe"},"content":{"rendered":"<p>Sie k\u00f6nnen diese Seite unver\u00e4ndert lassen. Sie muss lediglich vorhanden sein, damit \/fabrics als URL vorhanden ist und die Vorlage fabric-page.php daran angebunden werden kann.<\/p>\n\n\n\n<p>Suchen Sie nach der Datei fabric-page.php, in der sich das Element<main id=\"\u201dfabric-app\u201d\" class=\"\u201dsite-main\"><\/main> befindet. Dort greift das Fabric-Center-Plugin zu, wenn die Datei index.php des Plugins die Fabric-Center-App in die Warteschlange einreiht.<\/p>\n\n\n\n<p>In der Datei functions.php des Designordners befindet sich au\u00dferdem ein wenig Code, um ein Stylesheet zum \u00dcberschreiben von Stilen einzureihen und auch Umschreiberegeln f\u00fcr die Navigation\/Weiterleitung hinzuzuf\u00fcgen.<\/p>","protected":false},"excerpt":{"rendered":"<p>You can leave this page alone. This page just needs to exist so that \/fabrics exists as a URL and the fabric-page.php template can be tied to this. Look for the file fabric-page.php where the element &lt;main id=&#8221;fabric-app&#8221; class=&#8221;site-main content-page&#8221;&gt;&lt;\/main&gt; is located. That is where the fabric-center plugin latches onto when the plugins index.php file [&hellip;]<\/p>\n","protected":false},"author":1,"featured_media":0,"parent":0,"menu_order":0,"comment_status":"closed","ping_status":"closed","template":"fabric-page.php","meta":{"_acf_changed":false,"footnotes":""},"class_list":["post-41","page","type-page","status-publish","hentry"],"acf":[],"yoast_head":"<!-- This site is optimized with the Yoast SEO Premium plugin v24.2 (Yoast SEO v27.4) - https:\/\/yoast.com\/product\/yoast-seo-premium-wordpress\/ -->\n<title>View Our Large Selection Of Chair Upholstery &amp; Fabrics<\/title>\n<meta name=\"description\" content=\"Customize your church chairs with our various options of fabrics. Choose from over 300+ different fabric types with different grades, rubs, and features.\" \/>\n<meta name=\"robots\" content=\"index, follow, max-snippet:-1, max-image-preview:large, max-video-preview:-1\" \/>\n<link rel=\"canonical\" href=\"https:\/\/bertolinidirect.com\/de\/fabrics\/\" \/>\n<meta property=\"og:locale\" content=\"de_DE\" \/>\n<meta property=\"og:type\" content=\"article\" \/>\n<meta property=\"og:title\" content=\"Fabrics\" \/>\n<meta property=\"og:description\" content=\"Customize your church chairs with our various options of fabrics. Choose from over 300+ different fabric types with different grades, rubs, and features.\" \/>\n<meta property=\"og:url\" content=\"https:\/\/bertolinidirect.com\/de\/fabrics\/\" \/>\n<meta property=\"og:site_name\" content=\"Bertolini Direct\" \/>\n<meta property=\"article:modified_time\" content=\"2025-02-26T00:17:14+00:00\" \/>\n<meta name=\"twitter:card\" content=\"summary_large_image\" \/>\n<script type=\"application\/ld+json\" class=\"yoast-schema-graph\">{\"@context\":\"https:\\\/\\\/schema.org\",\"@graph\":[{\"@type\":\"WebPage\",\"@id\":\"https:\\\/\\\/bertolinidirect.com\\\/de\\\/fabrics\",\"url\":\"https:\\\/\\\/bertolinidirect.com\\\/de\\\/fabrics\",\"name\":\"View Our Large Selection Of Chair Upholstery & Fabrics\",\"isPartOf\":{\"@id\":\"https:\\\/\\\/bertolinidirect.com\\\/de\\\/#website\"},\"datePublished\":\"2024-01-04T21:53:34+00:00\",\"dateModified\":\"2025-02-26T00:17:14+00:00\",\"description\":\"Customize your church chairs with our various options of fabrics. Choose from over 300+ different fabric types with different grades, rubs, and features.\",\"breadcrumb\":{\"@id\":\"https:\\\/\\\/bertolinidirect.com\\\/de\\\/fabrics#breadcrumb\"},\"inLanguage\":\"de\",\"potentialAction\":[{\"@type\":\"ReadAction\",\"target\":[\"https:\\\/\\\/bertolinidirect.com\\\/de\\\/fabrics\"]}]},{\"@type\":\"BreadcrumbList\",\"@id\":\"https:\\\/\\\/bertolinidirect.com\\\/de\\\/fabrics#breadcrumb\",\"itemListElement\":[{\"@type\":\"ListItem\",\"position\":1,\"name\":\"Home\",\"item\":\"https:\\\/\\\/bertolinidirect.com\\\/\"},{\"@type\":\"ListItem\",\"position\":2,\"name\":\"Fabrics\"}]},{\"@type\":\"WebSite\",\"@id\":\"https:\\\/\\\/bertolinidirect.com\\\/de\\\/#website\",\"url\":\"https:\\\/\\\/bertolinidirect.com\\\/de\\\/\",\"name\":\"Bertolini\",\"description\":\"\",\"potentialAction\":[{\"@type\":\"SearchAction\",\"target\":{\"@type\":\"EntryPoint\",\"urlTemplate\":\"https:\\\/\\\/bertolinidirect.com\\\/de\\\/?s={search_term_string}\"},\"query-input\":{\"@type\":\"PropertyValueSpecification\",\"valueRequired\":true,\"valueName\":\"search_term_string\"}}],\"inLanguage\":\"de\"}]}<\/script>\n<!-- \/ Yoast SEO Premium plugin. -->","yoast_head_json":{"title":"Sehen Sie sich unsere gro\u00dfe Auswahl an Stuhlpolstern und Stoffen an","description":"Passen Sie Ihre Kirchenst\u00fchle mit unseren verschiedenen Stoffoptionen an. W\u00e4hlen Sie aus \u00fcber 300 verschiedenen Stoffarten mit unterschiedlichen St\u00e4rken, H\u00e4rtegraden und Eigenschaften.","robots":{"index":"index","follow":"follow","max-snippet":"max-snippet:-1","max-image-preview":"max-image-preview:large","max-video-preview":"max-video-preview:-1"},"canonical":"https:\/\/bertolinidirect.com\/de\/fabrics\/","og_locale":"de_DE","og_type":"article","og_title":"Fabrics","og_description":"Customize your church chairs with our various options of fabrics. Choose from over 300+ different fabric types with different grades, rubs, and features.","og_url":"https:\/\/bertolinidirect.com\/de\/fabrics\/","og_site_name":"Bertolini Direct","article_modified_time":"2025-02-26T00:17:14+00:00","twitter_card":"summary_large_image","schema":{"@context":"https:\/\/schema.org","@graph":[{"@type":"WebPage","@id":"https:\/\/bertolinidirect.com\/de\/fabrics","url":"https:\/\/bertolinidirect.com\/de\/fabrics","name":"Sehen Sie sich unsere gro\u00dfe Auswahl an Stuhlpolstern und Stoffen an","isPartOf":{"@id":"https:\/\/bertolinidirect.com\/de\/#website"},"datePublished":"2024-01-04T21:53:34+00:00","dateModified":"2025-02-26T00:17:14+00:00","description":"Passen Sie Ihre Kirchenst\u00fchle mit unseren verschiedenen Stoffoptionen an. W\u00e4hlen Sie aus \u00fcber 300 verschiedenen Stoffarten mit unterschiedlichen St\u00e4rken, H\u00e4rtegraden und Eigenschaften.","breadcrumb":{"@id":"https:\/\/bertolinidirect.com\/de\/fabrics#breadcrumb"},"inLanguage":"de","potentialAction":[{"@type":"ReadAction","target":["https:\/\/bertolinidirect.com\/de\/fabrics"]}]},{"@type":"BreadcrumbList","@id":"https:\/\/bertolinidirect.com\/de\/fabrics#breadcrumb","itemListElement":[{"@type":"ListItem","position":1,"name":"Home","item":"https:\/\/bertolinidirect.com\/"},{"@type":"ListItem","position":2,"name":"Fabrics"}]},{"@type":"WebSite","@id":"https:\/\/bertolinidirect.com\/de\/#website","url":"https:\/\/bertolinidirect.com\/de\/","name":"Bertolini","description":"","potentialAction":[{"@type":"SearchAction","target":{"@type":"EntryPoint","urlTemplate":"https:\/\/bertolinidirect.com\/de\/?s={search_term_string}"},"query-input":{"@type":"PropertyValueSpecification","valueRequired":true,"valueName":"search_term_string"}}],"inLanguage":"de"}]}},"_links":{"self":[{"href":"https:\/\/bertolinidirect.com\/de\/wp-json\/wp\/v2\/pages\/41","targetHints":{"allow":["GET"]}}],"collection":[{"href":"https:\/\/bertolinidirect.com\/de\/wp-json\/wp\/v2\/pages"}],"about":[{"href":"https:\/\/bertolinidirect.com\/de\/wp-json\/wp\/v2\/types\/page"}],"author":[{"embeddable":true,"href":"https:\/\/bertolinidirect.com\/de\/wp-json\/wp\/v2\/users\/1"}],"replies":[{"embeddable":true,"href":"https:\/\/bertolinidirect.com\/de\/wp-json\/wp\/v2\/comments?post=41"}],"version-history":[{"count":6,"href":"https:\/\/bertolinidirect.com\/de\/wp-json\/wp\/v2\/pages\/41\/revisions"}],"predecessor-version":[{"id":23452,"href":"https:\/\/bertolinidirect.com\/de\/wp-json\/wp\/v2\/pages\/41\/revisions\/23452"}],"wp:attachment":[{"href":"https:\/\/bertolinidirect.com\/de\/wp-json\/wp\/v2\/media?parent=41"}],"curies":[{"name":"wp","href":"https:\/\/api.w.org\/{rel}","templated":true}]}}