{"id":371,"date":"2024-04-02T16:48:00","date_gmt":"2024-04-02T16:48:00","guid":{"rendered":"https:\/\/bertolinidirect.com\/?page_id=371"},"modified":"2026-01-14T16:51:43","modified_gmt":"2026-01-14T16:51:43","slug":"installations","status":"publish","type":"page","link":"https:\/\/bertolinidirect.com\/de\/installations","title":{"rendered":"Installationen"},"content":{"rendered":"<p>Sie fragen sich, wie Bertolini-St\u00fchle in Ihrem Gotteshaus aussehen w\u00fcrden? Diese Installationsfotos zeigen, wie die Kirchenst\u00fchle in Kirchenschiffen und anderen Versammlungsr\u00e4umen aussehen. Sie k\u00f6nnen sehen, wie die Stoffauswahl und die Sitzanordnung dazu beitragen, in jeder dieser Kirchen eine einzigartige Atmosph\u00e4re zu schaffen.<\/p>","protected":false},"excerpt":{"rendered":"<p>Sie fragen sich, wie Bertolini-St\u00fchle in Ihrem Gotteshaus aussehen w\u00fcrden? Diese Installationsfotos zeigen, wie die Kirchenst\u00fchle in Kirchenschiffen und anderen Versammlungsr\u00e4umen aussehen. Sie k\u00f6nnen sehen, wie die Stoffauswahl und die Sitzanordnung dazu beitragen, in jeder dieser Kirchen eine einzigartige Atmosph\u00e4re zu schaffen.<\/p>","protected":false},"author":2,"featured_media":0,"parent":0,"menu_order":0,"comment_status":"closed","ping_status":"closed","template":"installation-gallery.php","meta":{"_acf_changed":false,"footnotes":""},"class_list":["post-371","page","type-page","status-publish","hentry"],"acf":[],"yoast_head":"<!-- This site is optimized with the Yoast SEO Premium plugin v24.2 (Yoast SEO v27.1.1) - https:\/\/yoast.com\/product\/yoast-seo-premium-wordpress\/ -->\n<title>View Our Gallery Of Previous Installations | Bertolini<\/title>\n<meta name=\"description\" content=\"From large worship centers to smaller sanctuaries, browse our installation gallery to see how Bertolini church chairs could look in your church.\" \/>\n<meta name=\"robots\" content=\"index, follow, max-snippet:-1, max-image-preview:large, max-video-preview:-1\" \/>\n<link rel=\"canonical\" href=\"https:\/\/bertolinidirect.com\/de\/installations\/\" \/>\n<meta property=\"og:locale\" content=\"de_DE\" \/>\n<meta property=\"og:type\" content=\"article\" \/>\n<meta property=\"og:title\" content=\"Installations\" \/>\n<meta property=\"og:description\" content=\"From large worship centers to smaller sanctuaries, browse our installation gallery to see how Bertolini church chairs could look in your church.\" \/>\n<meta property=\"og:url\" content=\"https:\/\/bertolinidirect.com\/de\/installations\/\" \/>\n<meta property=\"og:site_name\" content=\"Bertolini Direct\" \/>\n<meta property=\"article:modified_time\" content=\"2026-01-14T16:51:43+00:00\" \/>\n<meta name=\"twitter:card\" content=\"summary_large_image\" \/>\n<script type=\"application\/ld+json\" class=\"yoast-schema-graph\">{\"@context\":\"https:\/\/schema.org\",\"@graph\":[{\"@type\":\"WebPage\",\"@id\":\"https:\/\/bertolinidirect.com\/de\/installations\",\"url\":\"https:\/\/bertolinidirect.com\/de\/installations\",\"name\":\"View Our Gallery Of Previous Installations | Bertolini\",\"isPartOf\":{\"@id\":\"https:\/\/bertolinidirect.com\/de\/#website\"},\"datePublished\":\"2024-04-02T16:48:00+00:00\",\"dateModified\":\"2026-01-14T16:51:43+00:00\",\"description\":\"From large worship centers to smaller sanctuaries, browse our installation gallery to see how Bertolini church chairs could look in your church.\",\"breadcrumb\":{\"@id\":\"https:\/\/bertolinidirect.com\/de\/installations#breadcrumb\"},\"inLanguage\":\"de\",\"potentialAction\":[{\"@type\":\"ReadAction\",\"target\":[\"https:\/\/bertolinidirect.com\/de\/installations\"]}]},{\"@type\":\"BreadcrumbList\",\"@id\":\"https:\/\/bertolinidirect.com\/de\/installations#breadcrumb\",\"itemListElement\":[{\"@type\":\"ListItem\",\"position\":1,\"name\":\"Home\",\"item\":\"https:\/\/bertolinidirect.com\/\"},{\"@type\":\"ListItem\",\"position\":2,\"name\":\"Installations\"}]},{\"@type\":\"WebSite\",\"@id\":\"https:\/\/bertolinidirect.com\/de\/#website\",\"url\":\"https:\/\/bertolinidirect.com\/de\/\",\"name\":\"Bertolini\",\"description\":\"\",\"potentialAction\":[{\"@type\":\"SearchAction\",\"target\":{\"@type\":\"EntryPoint\",\"urlTemplate\":\"https:\/\/bertolinidirect.com\/de\/?s={search_term_string}\"},\"query-input\":{\"@type\":\"PropertyValueSpecification\",\"valueRequired\":true,\"valueName\":\"search_term_string\"}}],\"inLanguage\":\"de\"}]}<\/script>\n<!-- \/ Yoast SEO Premium plugin. -->","yoast_head_json":{"title":"Sehen Sie sich unsere Galerie fr\u00fcherer Installationen an | Bertolini","description":"Von gro\u00dfen Gottesh\u00e4usern bis hin zu kleineren Kirchenr\u00e4umen: Durchsuchen Sie unsere Installationsgalerie, um zu sehen, wie Kirchenst\u00fchle von Bertolini in Ihrer Kirche aussehen k\u00f6nnten.","robots":{"index":"index","follow":"follow","max-snippet":"max-snippet:-1","max-image-preview":"max-image-preview:large","max-video-preview":"max-video-preview:-1"},"canonical":"https:\/\/bertolinidirect.com\/de\/installations\/","og_locale":"de_DE","og_type":"article","og_title":"Installations","og_description":"From large worship centers to smaller sanctuaries, browse our installation gallery to see how Bertolini church chairs could look in your church.","og_url":"https:\/\/bertolinidirect.com\/de\/installations\/","og_site_name":"Bertolini Direct","article_modified_time":"2026-01-14T16:51:43+00:00","twitter_card":"summary_large_image","schema":{"@context":"https:\/\/schema.org","@graph":[{"@type":"WebPage","@id":"https:\/\/bertolinidirect.com\/de\/installations","url":"https:\/\/bertolinidirect.com\/de\/installations","name":"Sehen Sie sich unsere Galerie fr\u00fcherer Installationen an | Bertolini","isPartOf":{"@id":"https:\/\/bertolinidirect.com\/de\/#website"},"datePublished":"2024-04-02T16:48:00+00:00","dateModified":"2026-01-14T16:51:43+00:00","description":"Von gro\u00dfen Gottesh\u00e4usern bis hin zu kleineren Kirchenr\u00e4umen: Durchsuchen Sie unsere Installationsgalerie, um zu sehen, wie Kirchenst\u00fchle von Bertolini in Ihrer Kirche aussehen k\u00f6nnten.","breadcrumb":{"@id":"https:\/\/bertolinidirect.com\/de\/installations#breadcrumb"},"inLanguage":"de","potentialAction":[{"@type":"ReadAction","target":["https:\/\/bertolinidirect.com\/de\/installations"]}]},{"@type":"BreadcrumbList","@id":"https:\/\/bertolinidirect.com\/de\/installations#breadcrumb","itemListElement":[{"@type":"ListItem","position":1,"name":"Home","item":"https:\/\/bertolinidirect.com\/"},{"@type":"ListItem","position":2,"name":"Installations"}]},{"@type":"WebSite","@id":"https:\/\/bertolinidirect.com\/de\/#website","url":"https:\/\/bertolinidirect.com\/de\/","name":"Bertolini","description":"","potentialAction":[{"@type":"SearchAction","target":{"@type":"EntryPoint","urlTemplate":"https:\/\/bertolinidirect.com\/de\/?s={search_term_string}"},"query-input":{"@type":"PropertyValueSpecification","valueRequired":true,"valueName":"search_term_string"}}],"inLanguage":"de"}]}},"_links":{"self":[{"href":"https:\/\/bertolinidirect.com\/de\/wp-json\/wp\/v2\/pages\/371","targetHints":{"allow":["GET"]}}],"collection":[{"href":"https:\/\/bertolinidirect.com\/de\/wp-json\/wp\/v2\/pages"}],"about":[{"href":"https:\/\/bertolinidirect.com\/de\/wp-json\/wp\/v2\/types\/page"}],"author":[{"embeddable":true,"href":"https:\/\/bertolinidirect.com\/de\/wp-json\/wp\/v2\/users\/2"}],"replies":[{"embeddable":true,"href":"https:\/\/bertolinidirect.com\/de\/wp-json\/wp\/v2\/comments?post=371"}],"version-history":[{"count":18,"href":"https:\/\/bertolinidirect.com\/de\/wp-json\/wp\/v2\/pages\/371\/revisions"}],"predecessor-version":[{"id":24690,"href":"https:\/\/bertolinidirect.com\/de\/wp-json\/wp\/v2\/pages\/371\/revisions\/24690"}],"wp:attachment":[{"href":"https:\/\/bertolinidirect.com\/de\/wp-json\/wp\/v2\/media?parent=371"}],"curies":[{"name":"wp","href":"https:\/\/api.w.org\/{rel}","templated":true}]}}