{"id":24398,"date":"2025-10-16T17:00:00","date_gmt":"2025-10-16T17:00:00","guid":{"rendered":"https:\/\/bertolinidirect.com\/?page_id=24398"},"modified":"2025-11-14T15:41:53","modified_gmt":"2025-11-14T15:41:53","slug":"affordable-new-line","status":"publish","type":"page","link":"https:\/\/bertolinidirect.com\/de\/press\/affordable-new-line","title":{"rendered":"Bertolini bringt eine neue, preisg\u00fcnstige Linie von Klappst\u00fchlen und -tischen auf den Markt"},"content":{"rendered":"<p><strong>OREM, Utah, 16. Oktober 2025<\/strong><\/p>\n\n\n\n<p>Bertolini, ein f\u00fchrender Hersteller von Kirchen- und Mehrzwecksitzen, hat die Einf\u00fchrung einer neuen Linie von <a href=\"\/de\/produkt\/chairs\/brisa-plastic-folding-chairs\/\">Klappst\u00fchle aus Kunststoff<\/a> und blasgeformte Tische, die als kosteng\u00fcnstige, langlebige und vielseitige M\u00f6bel f\u00fcr Kirchen, Gemeindezentren und Veranstaltungsr\u00e4ume konzipiert sind. Bertolinis neue Klappm\u00f6belkollektion hei\u00dft Brisa, was auf Spanisch \u201eBrise\u201c bedeutet.<\/p>\n\n\n\n<p>Die neue Linie umfasst leichte Klappst\u00fchle und eine Vielzahl von <a href=\"\/de\/produkt\/tables\/\">blasgeformte Tische<\/a> Erh\u00e4ltlich in verschiedenen Gr\u00f6\u00dfen und Formen \u2013 einschlie\u00dflich runder, rechteckiger und Cocktail-Optionen \u2013 um den Anforderungen von Kirchen und Gemeindezentren gerecht zu werden.<\/p>\n\n\n\n<p>\u201eKirchen haben besondere Anforderungen an die Ausstattung von Mehrzweckbereichen\u201c, sagt Kevin McCoy, CEO von MITY, Inc., der Muttergesellschaft von Bertolini. \u201eKirchen dienen als Versammlungsorte f\u00fcr Veranstaltungen aller Art, von Musikveranstaltungen und Hochzeiten bis hin zu Selbsthilfegruppen und kulturellen Feiern. Da Kirchen sich stark auf wohlt\u00e4tige Zwecke konzentrieren, sind die Budgets manchmal begrenzt. Oftmals verlassen sich Kirchen auf Freiwillige, die Mehrzweckbereiche mit Tischen und St\u00fchlen ausstatten, anstatt professionelle Aufbauteams zu besch\u00e4ftigen. Unsere <a href=\"\/de\/brand\/brisa\/\">neue Brisa-Linie<\/a> erf\u00fcllt die Anforderungen an Flexibilit\u00e4t, Erschwinglichkeit und Benutzerfreundlichkeit.\u201c<\/p>\n\n\n\n<p>Die Klappst\u00fchle sind f\u00fcr Mehrzweckr\u00e4ume konzipiert und verf\u00fcgen \u00fcber stabile Stahlrahmen sowie pflegeleichte Kunststoffsitze und -lehnen. Sie bieten Funktionalit\u00e4t und Komfort. Die dazugeh\u00f6rigen Tische sind leicht, schmutzabweisend und einfach aufzustellen. Sie eignen sich daher ideal f\u00fcr Versammlungsr\u00e4ume, Klassenzimmer, Bankette und andere Bereiche.<\/p>\n\n\n\n<p>\u201eUnser Ziel war es, Kirchen und Gemeinden Zugang zu zuverl\u00e4ssigen, leicht zu verstauenden M\u00f6beln zu einem erschwinglichen Preis zu bieten\u201c, sagte Stephen Jorgensen, Vizepr\u00e4sident f\u00fcr Marketing und Produktentwicklung bei MITY, Inc. \u201eDiese neue Kollektion hilft den Kunden, ihr Budget zu schonen und gleichzeitig die Qualit\u00e4t und Zuverl\u00e4ssigkeit beizubehalten, f\u00fcr die Bertolini bekannt ist.\u201c<\/p>\n\n\n\n<p>Die gesamte Produktlinie bietet Kirchen eine praktische L\u00f6sung f\u00fcr stark frequentierte Bereiche und h\u00e4ufige Umgestaltungen. Mit dieser Produkteinf\u00fchrung erweitert Bertolini sein Produktangebot \u00fcber die gepolsterten Gottesdienstst\u00fchle hinaus, die das Unternehmen seit \u00fcber 60 Jahren herstellt. Die neuen Brisa Klappst\u00fchle und Tische sind erh\u00e4ltlich unter <a href=\"https:\/\/bertolinidirect.com\/de\/\">bertolinidirect.com<\/a> oder \u00fcber die Handelsvertreter von Bertolini.<\/p>\n\n\n\n<p><strong>\u00dcber MITY, Inc.<\/strong><\/p>\n\n\n\n<p>Zur MITY, Incorporated Unternehmensgruppe geh\u00f6ren die Marken Bertolini, MityLite, Holsag by MityLite und Broda. Bertolini fertigt komfortable und langlebige Sitzm\u00f6bel f\u00fcr den Bereich der Kirchen und anderen kirchlichen Einrichtungen. Seit \u00fcber 60 Jahren unterst\u00fctzt Bertolini Kirchen und Organisationen bei der Gestaltung einladender R\u00e4ume f\u00fcr Gottesdienste, Begegnungen und Gemeindeveranstaltungen. MITY, Inc. hat seinen Hauptsitz in Orem, Utah, und verf\u00fcgt \u00fcber Produktions- und Vertriebsstandorte in Lindsay und Kitchener, Ontario, sowie in Chesterfield, Missouri. Weitere Informationen finden Sie unter mityinc.com.<\/p>\n\n\n\n<p>Medienkontakt:<br>Kristin Cooke<br>\u00d6ffentlichkeitsarbeit, MITY Inc.<br>kristin.cooke@mityinc.com<\/p>","protected":false},"excerpt":{"rendered":"<p>OREM, Utah, October 16, 2025 Bertolini, a leading manufacturer of church and multipurpose seating, has announced the launch of a new line of plastic folding chairs and blow-molded tables, designed to provide cost-effective, durable, and versatile furniture for churches, community centers, and event spaces. Bertolini\u2019s new folding furniture collection is called Brisa, which is Spanish [&hellip;]<\/p>\n","protected":false},"author":3,"featured_media":0,"parent":762,"menu_order":0,"comment_status":"closed","ping_status":"closed","template":"content-page.php","meta":{"_acf_changed":false,"footnotes":""},"class_list":["post-24398","page","type-page","status-publish","hentry"],"acf":[],"yoast_head":"<!-- This site is optimized with the Yoast SEO Premium plugin v24.2 (Yoast SEO v27.1.1) - https:\/\/yoast.com\/product\/yoast-seo-premium-wordpress\/ -->\n<title>Bertolini Launches Brisa Folding Chairs and Tables for Churches<\/title>\n<meta name=\"description\" content=\"Discover Brisa by Bertolini: affordable, durable folding chairs and tables made for churches and multipurpose spaces.\" \/>\n<meta name=\"robots\" content=\"index, follow, max-snippet:-1, max-image-preview:large, max-video-preview:-1\" \/>\n<link rel=\"canonical\" href=\"https:\/\/bertolinidirect.com\/de\/press\/affordable-new-line\/\" \/>\n<meta property=\"og:locale\" content=\"de_DE\" \/>\n<meta property=\"og:type\" content=\"article\" \/>\n<meta property=\"og:title\" content=\"Bertolini Launches Affordable New Line of Folding Chairs and Tables\" \/>\n<meta property=\"og:description\" content=\"Discover Brisa by Bertolini: affordable, durable folding chairs and tables made for churches and multipurpose spaces.\" \/>\n<meta property=\"og:url\" content=\"https:\/\/bertolinidirect.com\/de\/press\/affordable-new-line\/\" \/>\n<meta property=\"og:site_name\" content=\"Bertolini Direct\" \/>\n<meta property=\"article:modified_time\" content=\"2025-11-14T15:41:53+00:00\" \/>\n<meta name=\"twitter:card\" content=\"summary_large_image\" \/>\n<script type=\"application\/ld+json\" class=\"yoast-schema-graph\">{\"@context\":\"https:\/\/schema.org\",\"@graph\":[{\"@type\":\"WebPage\",\"@id\":\"https:\/\/bertolinidirect.com\/de\/press\/affordable-new-line\",\"url\":\"https:\/\/bertolinidirect.com\/de\/press\/affordable-new-line\",\"name\":\"Bertolini Launches Brisa Folding Chairs and Tables for Churches\",\"isPartOf\":{\"@id\":\"https:\/\/bertolinidirect.com\/de\/#website\"},\"datePublished\":\"2025-10-16T17:00:00+00:00\",\"dateModified\":\"2025-11-14T15:41:53+00:00\",\"description\":\"Discover Brisa by Bertolini: affordable, durable folding chairs and tables made for churches and multipurpose spaces.\",\"breadcrumb\":{\"@id\":\"https:\/\/bertolinidirect.com\/de\/press\/affordable-new-line#breadcrumb\"},\"inLanguage\":\"de\",\"potentialAction\":[{\"@type\":\"ReadAction\",\"target\":[\"https:\/\/bertolinidirect.com\/de\/press\/affordable-new-line\"]}]},{\"@type\":\"BreadcrumbList\",\"@id\":\"https:\/\/bertolinidirect.com\/de\/press\/affordable-new-line#breadcrumb\",\"itemListElement\":[{\"@type\":\"ListItem\",\"position\":1,\"name\":\"Home\",\"item\":\"https:\/\/bertolinidirect.com\/\"},{\"@type\":\"ListItem\",\"position\":2,\"name\":\"Press &amp; News\",\"item\":\"https:\/\/bertolinidirect.com\/press\"},{\"@type\":\"ListItem\",\"position\":3,\"name\":\"Bertolini Launches Affordable New Line of Folding Chairs and Tables\"}]},{\"@type\":\"WebSite\",\"@id\":\"https:\/\/bertolinidirect.com\/de\/#website\",\"url\":\"https:\/\/bertolinidirect.com\/de\/\",\"name\":\"Bertolini\",\"description\":\"\",\"potentialAction\":[{\"@type\":\"SearchAction\",\"target\":{\"@type\":\"EntryPoint\",\"urlTemplate\":\"https:\/\/bertolinidirect.com\/de\/?s={search_term_string}\"},\"query-input\":{\"@type\":\"PropertyValueSpecification\",\"valueRequired\":true,\"valueName\":\"search_term_string\"}}],\"inLanguage\":\"de\"}]}<\/script>\n<!-- \/ Yoast SEO Premium plugin. -->","yoast_head_json":{"title":"Bertolini bringt Brisa Klappst\u00fchle und -tische f\u00fcr Kirchen auf den Markt","description":"Entdecken Sie Brisa von Bertolini: erschwingliche, langlebige Klappst\u00fchle und -tische f\u00fcr Kirchen und Mehrzweckr\u00e4ume.","robots":{"index":"index","follow":"follow","max-snippet":"max-snippet:-1","max-image-preview":"max-image-preview:large","max-video-preview":"max-video-preview:-1"},"canonical":"https:\/\/bertolinidirect.com\/de\/press\/affordable-new-line\/","og_locale":"de_DE","og_type":"article","og_title":"Bertolini Launches Affordable New Line of Folding Chairs and Tables","og_description":"Discover Brisa by Bertolini: affordable, durable folding chairs and tables made for churches and multipurpose spaces.","og_url":"https:\/\/bertolinidirect.com\/de\/press\/affordable-new-line\/","og_site_name":"Bertolini Direct","article_modified_time":"2025-11-14T15:41:53+00:00","twitter_card":"summary_large_image","schema":{"@context":"https:\/\/schema.org","@graph":[{"@type":"WebPage","@id":"https:\/\/bertolinidirect.com\/de\/press\/affordable-new-line","url":"https:\/\/bertolinidirect.com\/de\/press\/affordable-new-line","name":"Bertolini bringt Brisa Klappst\u00fchle und -tische f\u00fcr Kirchen auf den Markt","isPartOf":{"@id":"https:\/\/bertolinidirect.com\/de\/#website"},"datePublished":"2025-10-16T17:00:00+00:00","dateModified":"2025-11-14T15:41:53+00:00","description":"Entdecken Sie Brisa von Bertolini: erschwingliche, langlebige Klappst\u00fchle und -tische f\u00fcr Kirchen und Mehrzweckr\u00e4ume.","breadcrumb":{"@id":"https:\/\/bertolinidirect.com\/de\/press\/affordable-new-line#breadcrumb"},"inLanguage":"de","potentialAction":[{"@type":"ReadAction","target":["https:\/\/bertolinidirect.com\/de\/press\/affordable-new-line"]}]},{"@type":"BreadcrumbList","@id":"https:\/\/bertolinidirect.com\/de\/press\/affordable-new-line#breadcrumb","itemListElement":[{"@type":"ListItem","position":1,"name":"Home","item":"https:\/\/bertolinidirect.com\/"},{"@type":"ListItem","position":2,"name":"Press &amp; News","item":"https:\/\/bertolinidirect.com\/press"},{"@type":"ListItem","position":3,"name":"Bertolini Launches Affordable New Line of Folding Chairs and Tables"}]},{"@type":"WebSite","@id":"https:\/\/bertolinidirect.com\/de\/#website","url":"https:\/\/bertolinidirect.com\/de\/","name":"Bertolini","description":"","potentialAction":[{"@type":"SearchAction","target":{"@type":"EntryPoint","urlTemplate":"https:\/\/bertolinidirect.com\/de\/?s={search_term_string}"},"query-input":{"@type":"PropertyValueSpecification","valueRequired":true,"valueName":"search_term_string"}}],"inLanguage":"de"}]}},"_links":{"self":[{"href":"https:\/\/bertolinidirect.com\/de\/wp-json\/wp\/v2\/pages\/24398","targetHints":{"allow":["GET"]}}],"collection":[{"href":"https:\/\/bertolinidirect.com\/de\/wp-json\/wp\/v2\/pages"}],"about":[{"href":"https:\/\/bertolinidirect.com\/de\/wp-json\/wp\/v2\/types\/page"}],"author":[{"embeddable":true,"href":"https:\/\/bertolinidirect.com\/de\/wp-json\/wp\/v2\/users\/3"}],"replies":[{"embeddable":true,"href":"https:\/\/bertolinidirect.com\/de\/wp-json\/wp\/v2\/comments?post=24398"}],"version-history":[{"count":5,"href":"https:\/\/bertolinidirect.com\/de\/wp-json\/wp\/v2\/pages\/24398\/revisions"}],"predecessor-version":[{"id":24529,"href":"https:\/\/bertolinidirect.com\/de\/wp-json\/wp\/v2\/pages\/24398\/revisions\/24529"}],"up":[{"embeddable":true,"href":"https:\/\/bertolinidirect.com\/de\/wp-json\/wp\/v2\/pages\/762"}],"wp:attachment":[{"href":"https:\/\/bertolinidirect.com\/de\/wp-json\/wp\/v2\/media?parent=24398"}],"curies":[{"name":"wp","href":"https:\/\/api.w.org\/{rel}","templated":true}]}}