{"id":1025,"date":"2024-04-23T15:09:21","date_gmt":"2024-04-23T15:09:21","guid":{"rendered":"https:\/\/bertolinidirect.com\/?page_id=1025"},"modified":"2025-11-21T23:10:32","modified_gmt":"2025-11-21T23:10:32","slug":"cleaning-super-stacker","status":"publish","type":"page","link":"https:\/\/bertolinidirect.com\/de\/literature\/cleaning-super-stacker","title":{"rendered":"Reinigungsleitfaden f\u00fcr die HD-Serie"},"content":{"rendered":"<div class=\"ebook-viewer\" style=\"position: relative; padding-top: 0; width: 100%; height: 800px;\"><iframe style=\"position: absolute; border: none; width: 100%; height: 100%; left: 0; top: 0;\" src=\"https:\/\/online.fliphtml5.com\/atmee\/lsxq\/\" frameborder=\"0\" scrolling=\"no\" seamless=\"seamless\" allowfullscreen=\"allowfullscreen\"><\/iframe><\/div>","protected":false},"excerpt":{"rendered":"","protected":false},"author":1,"featured_media":0,"parent":45,"menu_order":0,"comment_status":"closed","ping_status":"closed","template":"","meta":{"_acf_changed":false,"footnotes":""},"class_list":["post-1025","page","type-page","status-publish","hentry"],"acf":[],"yoast_head":"<!-- This site is optimized with the Yoast SEO Premium plugin v24.2 (Yoast SEO v27.1.1) - https:\/\/yoast.com\/product\/yoast-seo-premium-wordpress\/ -->\n<title>HD Series Cleaning Guide | Bertolini Direct<\/title>\n<meta name=\"description\" content=\"Download Cleaning Guide for the Super Stacker. Detailed instructions for maintaining and sanitizing your stacking chairs for long-term use.\" \/>\n<meta name=\"robots\" content=\"index, follow, max-snippet:-1, max-image-preview:large, max-video-preview:-1\" \/>\n<link rel=\"canonical\" href=\"https:\/\/bertolinidirect.com\/de\/literature\/cleaning-super-stacker\/\" \/>\n<meta property=\"og:locale\" content=\"de_DE\" \/>\n<meta property=\"og:type\" content=\"article\" \/>\n<meta property=\"og:title\" content=\"HD Series Cleaning Guide\" \/>\n<meta property=\"og:description\" content=\"Download Cleaning Guide for the Super Stacker. Detailed instructions for maintaining and sanitizing your stacking chairs for long-term use.\" \/>\n<meta property=\"og:url\" content=\"https:\/\/bertolinidirect.com\/de\/literature\/cleaning-super-stacker\/\" \/>\n<meta property=\"og:site_name\" content=\"Bertolini Direct\" \/>\n<meta property=\"article:modified_time\" content=\"2025-11-21T23:10:32+00:00\" \/>\n<meta name=\"twitter:card\" content=\"summary_large_image\" \/>\n<script type=\"application\/ld+json\" class=\"yoast-schema-graph\">{\"@context\":\"https:\/\/schema.org\",\"@graph\":[{\"@type\":\"WebPage\",\"@id\":\"https:\/\/bertolinidirect.com\/de\/literature\/cleaning-super-stacker\",\"url\":\"https:\/\/bertolinidirect.com\/de\/literature\/cleaning-super-stacker\",\"name\":\"HD Series Cleaning Guide | Bertolini Direct\",\"isPartOf\":{\"@id\":\"https:\/\/bertolinidirect.com\/de\/#website\"},\"datePublished\":\"2024-04-23T15:09:21+00:00\",\"dateModified\":\"2025-11-21T23:10:32+00:00\",\"description\":\"Download Cleaning Guide for the Super Stacker. Detailed instructions for maintaining and sanitizing your stacking chairs for long-term use.\",\"breadcrumb\":{\"@id\":\"https:\/\/bertolinidirect.com\/de\/literature\/cleaning-super-stacker#breadcrumb\"},\"inLanguage\":\"de\",\"potentialAction\":[{\"@type\":\"ReadAction\",\"target\":[\"https:\/\/bertolinidirect.com\/de\/literature\/cleaning-super-stacker\"]}]},{\"@type\":\"BreadcrumbList\",\"@id\":\"https:\/\/bertolinidirect.com\/de\/literature\/cleaning-super-stacker#breadcrumb\",\"itemListElement\":[{\"@type\":\"ListItem\",\"position\":1,\"name\":\"Home\",\"item\":\"https:\/\/bertolinidirect.com\/\"},{\"@type\":\"ListItem\",\"position\":2,\"name\":\"Lookbooks &amp; Guides\",\"item\":\"https:\/\/bertolinidirect.com\/literature\"},{\"@type\":\"ListItem\",\"position\":3,\"name\":\"HD Series Cleaning Guide\"}]},{\"@type\":\"WebSite\",\"@id\":\"https:\/\/bertolinidirect.com\/de\/#website\",\"url\":\"https:\/\/bertolinidirect.com\/de\/\",\"name\":\"Bertolini\",\"description\":\"\",\"potentialAction\":[{\"@type\":\"SearchAction\",\"target\":{\"@type\":\"EntryPoint\",\"urlTemplate\":\"https:\/\/bertolinidirect.com\/de\/?s={search_term_string}\"},\"query-input\":{\"@type\":\"PropertyValueSpecification\",\"valueRequired\":true,\"valueName\":\"search_term_string\"}}],\"inLanguage\":\"de\"}]}<\/script>\n<!-- \/ Yoast SEO Premium plugin. -->","yoast_head_json":{"title":"Reinigungsleitfaden f\u00fcr die HD-Serie | Bertolini Direct","description":"Laden Sie die Reinigungsanleitung f\u00fcr den Super Stacker herunter. Detaillierte Anweisungen zur Pflege und Desinfektion Ihrer Stapelst\u00fchle f\u00fcr den langfristigen Einsatz.","robots":{"index":"index","follow":"follow","max-snippet":"max-snippet:-1","max-image-preview":"max-image-preview:large","max-video-preview":"max-video-preview:-1"},"canonical":"https:\/\/bertolinidirect.com\/de\/literature\/cleaning-super-stacker\/","og_locale":"de_DE","og_type":"article","og_title":"HD Series Cleaning Guide","og_description":"Download Cleaning Guide for the Super Stacker. Detailed instructions for maintaining and sanitizing your stacking chairs for long-term use.","og_url":"https:\/\/bertolinidirect.com\/de\/literature\/cleaning-super-stacker\/","og_site_name":"Bertolini Direct","article_modified_time":"2025-11-21T23:10:32+00:00","twitter_card":"summary_large_image","schema":{"@context":"https:\/\/schema.org","@graph":[{"@type":"WebPage","@id":"https:\/\/bertolinidirect.com\/de\/literature\/cleaning-super-stacker","url":"https:\/\/bertolinidirect.com\/de\/literature\/cleaning-super-stacker","name":"Reinigungsleitfaden f\u00fcr die HD-Serie | Bertolini Direct","isPartOf":{"@id":"https:\/\/bertolinidirect.com\/de\/#website"},"datePublished":"2024-04-23T15:09:21+00:00","dateModified":"2025-11-21T23:10:32+00:00","description":"Laden Sie die Reinigungsanleitung f\u00fcr den Super Stacker herunter. Detaillierte Anweisungen zur Pflege und Desinfektion Ihrer Stapelst\u00fchle f\u00fcr den langfristigen Einsatz.","breadcrumb":{"@id":"https:\/\/bertolinidirect.com\/de\/literature\/cleaning-super-stacker#breadcrumb"},"inLanguage":"de","potentialAction":[{"@type":"ReadAction","target":["https:\/\/bertolinidirect.com\/de\/literature\/cleaning-super-stacker"]}]},{"@type":"BreadcrumbList","@id":"https:\/\/bertolinidirect.com\/de\/literature\/cleaning-super-stacker#breadcrumb","itemListElement":[{"@type":"ListItem","position":1,"name":"Home","item":"https:\/\/bertolinidirect.com\/"},{"@type":"ListItem","position":2,"name":"Lookbooks &amp; Guides","item":"https:\/\/bertolinidirect.com\/literature"},{"@type":"ListItem","position":3,"name":"HD Series Cleaning Guide"}]},{"@type":"WebSite","@id":"https:\/\/bertolinidirect.com\/de\/#website","url":"https:\/\/bertolinidirect.com\/de\/","name":"Bertolini","description":"","potentialAction":[{"@type":"SearchAction","target":{"@type":"EntryPoint","urlTemplate":"https:\/\/bertolinidirect.com\/de\/?s={search_term_string}"},"query-input":{"@type":"PropertyValueSpecification","valueRequired":true,"valueName":"search_term_string"}}],"inLanguage":"de"}]}},"_links":{"self":[{"href":"https:\/\/bertolinidirect.com\/de\/wp-json\/wp\/v2\/pages\/1025","targetHints":{"allow":["GET"]}}],"collection":[{"href":"https:\/\/bertolinidirect.com\/de\/wp-json\/wp\/v2\/pages"}],"about":[{"href":"https:\/\/bertolinidirect.com\/de\/wp-json\/wp\/v2\/types\/page"}],"author":[{"embeddable":true,"href":"https:\/\/bertolinidirect.com\/de\/wp-json\/wp\/v2\/users\/1"}],"replies":[{"embeddable":true,"href":"https:\/\/bertolinidirect.com\/de\/wp-json\/wp\/v2\/comments?post=1025"}],"version-history":[{"count":5,"href":"https:\/\/bertolinidirect.com\/de\/wp-json\/wp\/v2\/pages\/1025\/revisions"}],"predecessor-version":[{"id":24496,"href":"https:\/\/bertolinidirect.com\/de\/wp-json\/wp\/v2\/pages\/1025\/revisions\/24496"}],"up":[{"embeddable":true,"href":"https:\/\/bertolinidirect.com\/de\/wp-json\/wp\/v2\/pages\/45"}],"wp:attachment":[{"href":"https:\/\/bertolinidirect.com\/de\/wp-json\/wp\/v2\/media?parent=1025"}],"curies":[{"name":"wp","href":"https:\/\/api.w.org\/{rel}","templated":true}]}}