{"id":1024,"date":"2024-04-23T15:08:05","date_gmt":"2024-04-23T15:08:05","guid":{"rendered":"https:\/\/bertolinidirect.com\/?page_id=1024"},"modified":"2025-11-21T23:10:02","modified_gmt":"2025-11-21T23:10:02","slug":"foam-guide","status":"publish","type":"page","link":"https:\/\/bertolinidirect.com\/de\/literature\/foam-guide","title":{"rendered":"Bertolini Schaumstoff-Ratgeber"},"content":{"rendered":"<div class=\"ebook-viewer\" style=\"position: relative; padding-top: 0; width: 100%; height: 800px;\"><iframe style=\"position: absolute; border: none; width: 100%; height: 100%; left: 0; top: 0;\" src=\"https:\/\/online.fliphtml5.com\/atmee\/ecnw\/\" frameborder=\"0\" scrolling=\"no\" seamless=\"seamless\" allowfullscreen=\"allowfullscreen\"><\/iframe><\/div>","protected":false},"excerpt":{"rendered":"","protected":false},"author":1,"featured_media":0,"parent":45,"menu_order":0,"comment_status":"closed","ping_status":"closed","template":"","meta":{"_acf_changed":false,"footnotes":""},"class_list":["post-1024","page","type-page","status-publish","hentry"],"acf":[],"yoast_head":"<!-- This site is optimized with the Yoast SEO Premium plugin v24.2 (Yoast SEO v27.1.1) - https:\/\/yoast.com\/product\/yoast-seo-premium-wordpress\/ -->\n<title>Bertolini Foam Guide | Bertolini Direct<\/title>\n<meta name=\"description\" content=\"Download the Foam Guide from Bertolini Direct. Learn about foam types, cushioning performance, and how to choose the right materials.\" \/>\n<meta name=\"robots\" content=\"index, follow, max-snippet:-1, max-image-preview:large, max-video-preview:-1\" \/>\n<link rel=\"canonical\" href=\"https:\/\/bertolinidirect.com\/de\/literature\/foam-guide\/\" \/>\n<meta property=\"og:locale\" content=\"de_DE\" \/>\n<meta property=\"og:type\" content=\"article\" \/>\n<meta property=\"og:title\" content=\"Bertolini Foam Guide\" \/>\n<meta property=\"og:description\" content=\"Download the Foam Guide from Bertolini Direct. Learn about foam types, cushioning performance, and how to choose the right materials.\" \/>\n<meta property=\"og:url\" content=\"https:\/\/bertolinidirect.com\/de\/literature\/foam-guide\/\" \/>\n<meta property=\"og:site_name\" content=\"Bertolini Direct\" \/>\n<meta property=\"article:modified_time\" content=\"2025-11-21T23:10:02+00:00\" \/>\n<meta name=\"twitter:card\" content=\"summary_large_image\" \/>\n<script type=\"application\/ld+json\" class=\"yoast-schema-graph\">{\"@context\":\"https:\/\/schema.org\",\"@graph\":[{\"@type\":\"WebPage\",\"@id\":\"https:\/\/bertolinidirect.com\/de\/literature\/foam-guide\",\"url\":\"https:\/\/bertolinidirect.com\/de\/literature\/foam-guide\",\"name\":\"Bertolini Foam Guide | Bertolini Direct\",\"isPartOf\":{\"@id\":\"https:\/\/bertolinidirect.com\/de\/#website\"},\"datePublished\":\"2024-04-23T15:08:05+00:00\",\"dateModified\":\"2025-11-21T23:10:02+00:00\",\"description\":\"Download the Foam Guide from Bertolini Direct. Learn about foam types, cushioning performance, and how to choose the right materials.\",\"breadcrumb\":{\"@id\":\"https:\/\/bertolinidirect.com\/de\/literature\/foam-guide#breadcrumb\"},\"inLanguage\":\"de\",\"potentialAction\":[{\"@type\":\"ReadAction\",\"target\":[\"https:\/\/bertolinidirect.com\/de\/literature\/foam-guide\"]}]},{\"@type\":\"BreadcrumbList\",\"@id\":\"https:\/\/bertolinidirect.com\/de\/literature\/foam-guide#breadcrumb\",\"itemListElement\":[{\"@type\":\"ListItem\",\"position\":1,\"name\":\"Home\",\"item\":\"https:\/\/bertolinidirect.com\/\"},{\"@type\":\"ListItem\",\"position\":2,\"name\":\"Lookbooks &amp; Guides\",\"item\":\"https:\/\/bertolinidirect.com\/literature\"},{\"@type\":\"ListItem\",\"position\":3,\"name\":\"Bertolini Foam Guide\"}]},{\"@type\":\"WebSite\",\"@id\":\"https:\/\/bertolinidirect.com\/de\/#website\",\"url\":\"https:\/\/bertolinidirect.com\/de\/\",\"name\":\"Bertolini\",\"description\":\"\",\"potentialAction\":[{\"@type\":\"SearchAction\",\"target\":{\"@type\":\"EntryPoint\",\"urlTemplate\":\"https:\/\/bertolinidirect.com\/de\/?s={search_term_string}\"},\"query-input\":{\"@type\":\"PropertyValueSpecification\",\"valueRequired\":true,\"valueName\":\"search_term_string\"}}],\"inLanguage\":\"de\"}]}<\/script>\n<!-- \/ Yoast SEO Premium plugin. -->","yoast_head_json":{"title":"Bertolini-Schaumstoffratgeber | Bertolini Direkt","description":"Laden Sie den Schaumstoff-Ratgeber von Bertolini Direct herunter. Erfahren Sie mehr \u00fcber Schaumstoffarten, D\u00e4mpfungseigenschaften und wie Sie die richtigen Materialien ausw\u00e4hlen.","robots":{"index":"index","follow":"follow","max-snippet":"max-snippet:-1","max-image-preview":"max-image-preview:large","max-video-preview":"max-video-preview:-1"},"canonical":"https:\/\/bertolinidirect.com\/de\/literature\/foam-guide\/","og_locale":"de_DE","og_type":"article","og_title":"Bertolini Foam Guide","og_description":"Download the Foam Guide from Bertolini Direct. Learn about foam types, cushioning performance, and how to choose the right materials.","og_url":"https:\/\/bertolinidirect.com\/de\/literature\/foam-guide\/","og_site_name":"Bertolini Direct","article_modified_time":"2025-11-21T23:10:02+00:00","twitter_card":"summary_large_image","schema":{"@context":"https:\/\/schema.org","@graph":[{"@type":"WebPage","@id":"https:\/\/bertolinidirect.com\/de\/literature\/foam-guide","url":"https:\/\/bertolinidirect.com\/de\/literature\/foam-guide","name":"Bertolini-Schaumstoffratgeber | Bertolini Direkt","isPartOf":{"@id":"https:\/\/bertolinidirect.com\/de\/#website"},"datePublished":"2024-04-23T15:08:05+00:00","dateModified":"2025-11-21T23:10:02+00:00","description":"Laden Sie den Schaumstoff-Ratgeber von Bertolini Direct herunter. Erfahren Sie mehr \u00fcber Schaumstoffarten, D\u00e4mpfungseigenschaften und wie Sie die richtigen Materialien ausw\u00e4hlen.","breadcrumb":{"@id":"https:\/\/bertolinidirect.com\/de\/literature\/foam-guide#breadcrumb"},"inLanguage":"de","potentialAction":[{"@type":"ReadAction","target":["https:\/\/bertolinidirect.com\/de\/literature\/foam-guide"]}]},{"@type":"BreadcrumbList","@id":"https:\/\/bertolinidirect.com\/de\/literature\/foam-guide#breadcrumb","itemListElement":[{"@type":"ListItem","position":1,"name":"Home","item":"https:\/\/bertolinidirect.com\/"},{"@type":"ListItem","position":2,"name":"Lookbooks &amp; Guides","item":"https:\/\/bertolinidirect.com\/literature"},{"@type":"ListItem","position":3,"name":"Bertolini Foam Guide"}]},{"@type":"WebSite","@id":"https:\/\/bertolinidirect.com\/de\/#website","url":"https:\/\/bertolinidirect.com\/de\/","name":"Bertolini","description":"","potentialAction":[{"@type":"SearchAction","target":{"@type":"EntryPoint","urlTemplate":"https:\/\/bertolinidirect.com\/de\/?s={search_term_string}"},"query-input":{"@type":"PropertyValueSpecification","valueRequired":true,"valueName":"search_term_string"}}],"inLanguage":"de"}]}},"_links":{"self":[{"href":"https:\/\/bertolinidirect.com\/de\/wp-json\/wp\/v2\/pages\/1024","targetHints":{"allow":["GET"]}}],"collection":[{"href":"https:\/\/bertolinidirect.com\/de\/wp-json\/wp\/v2\/pages"}],"about":[{"href":"https:\/\/bertolinidirect.com\/de\/wp-json\/wp\/v2\/types\/page"}],"author":[{"embeddable":true,"href":"https:\/\/bertolinidirect.com\/de\/wp-json\/wp\/v2\/users\/1"}],"replies":[{"embeddable":true,"href":"https:\/\/bertolinidirect.com\/de\/wp-json\/wp\/v2\/comments?post=1024"}],"version-history":[{"count":5,"href":"https:\/\/bertolinidirect.com\/de\/wp-json\/wp\/v2\/pages\/1024\/revisions"}],"predecessor-version":[{"id":1073,"href":"https:\/\/bertolinidirect.com\/de\/wp-json\/wp\/v2\/pages\/1024\/revisions\/1073"}],"up":[{"embeddable":true,"href":"https:\/\/bertolinidirect.com\/de\/wp-json\/wp\/v2\/pages\/45"}],"wp:attachment":[{"href":"https:\/\/bertolinidirect.com\/de\/wp-json\/wp\/v2\/media?parent=1024"}],"curies":[{"name":"wp","href":"https:\/\/api.w.org\/{rel}","templated":true}]}}